{"id":24,"date":"2011-11-28T19:33:56","date_gmt":"2011-11-28T18:33:56","guid":{"rendered":"http:\/\/suedosteuropaeischehefte.wordpress.com\/?page_id=24"},"modified":"2021-07-04T15:52:39","modified_gmt":"2021-07-04T15:52:39","slug":"impressum","status":"publish","type":"page","link":"https:\/\/suedosteuropaeische-hefte.org\/?page_id=24","title":{"rendered":"Impressum"},"content":{"rendered":"<p><strong>Herausgeber<\/strong>: Dr. \u0110or\u0111e Tomi\u0107<\/p>\n<p><strong>Redaktion<\/strong>: Dr. \u0110or\u0111e Tomi\u0107, Dr. Marija Vulesica, Petar Atanackovi\u0107, Dr. Gal Kirn<\/p>\n<p><strong>Redaktionskollegium: <\/strong>Krunoslav Stojakovi\u0107, Roland Zsch\u00e4chner<\/p>\n<p><strong>Online-Ausgabe<\/strong>: <span style=\"color: #800000;\"><span style=\"color: #800000;\"><a title=\"S\u00fcdosteurop\u00e4ische Hefte\" href=\"https:\/\/suedosteuropaeische-hefte.org\/\" target=\"_blank\" rel=\"noopener\">https:\/\/suedosteuropaeische-hefte.org\/<\/a><\/span><\/span><\/p>\n<p><strong>S\u00fcdosteurop\u00e4ische Hefte<\/strong><\/p>\n<p><strong>ISSN<\/strong> <strong>2194-3710<em><br \/>\n<\/em><\/strong><\/p>\n<p><strong>Kontakt<\/strong>: <a title=\"Kontakt\" href=\"mailto:redaktion@suedosteuropaeische-hefte.org\" target=\"_blank\" rel=\"noopener\">redaktion@suedosteuropaeische-hefte.org<\/a><\/p>\n<p style=\"text-align: justify;\"><a href=\"http:\/\/creativecommons.org\/licenses\/by-nc-nd\/3.0\/de\/\" target=\"_blank\" rel=\"license noopener\"><img decoding=\"async\" style=\"border-width: 0;\" src=\"http:\/\/i.creativecommons.org\/l\/by-nc-nd\/3.0\/de\/88x31.png\" alt=\"Creative Commons Lizenzvertrag\" \/><\/a><br \/>\nS\u00e4mtliche Inhalte der Online-Zeitschrift <em>S\u00fcdosteurop\u00e4ische Hefte<\/em> stehen unter einer <a href=\"http:\/\/creativecommons.org\/licenses\/by-nc-nd\/3.0\/de\/\" target=\"_blank\" rel=\"license noopener\">Creative Commons Namensnennung-NichtKommerziell-KeineBearbeitung 3.0 Deutschland Lizenz<\/a>.<br \/>\nBeruht auf einem Inhalt unter <a href=\"http:\/\/www.suedosteuropaeische-hefte.org\" rel=\"dct:source\">www.suedosteuropaeische-hefte.org<\/a>.<\/p>\n<p style=\"text-align: justify;\"><strong><em>Open-Access-Erkl\u00e4rung der S\u00fcdosteurop\u00e4ischen Hefte<\/em><\/strong><br \/>\nDie S\u00fcdosteurop\u00e4ischen Hefte unterst\u00fctzen die weltweite Open-Access-Initiative und schlie\u00dfen sich der &#8222;<a href=\"http:\/\/openaccess.mpg.de\/Berliner-Erklaerung\" target=\"_blank\" rel=\"noopener\">Berlin Declaration on Open Access to Knowledge in the Sciences and Humanities<\/a>&#8220; an.<br \/>\nUnter Open Access wird der kostenfreie und \u00f6ffentliche Zugang zu wissenschaftlichen Ergebnissen \u00fcber das Internet verstanden. Die Nutzenden sollen die Volltexte uneingeschr\u00e4nkt lesen, kopieren, verteilen, drucken, in ihnen suchen, auf sie verweisen und sie auch sonst auf jede denkbare legale Weise nutzen k\u00f6nnen, ohne dabei an finanzielle, gesetzliche oder technische Barrieren zu sto\u00dfen. Die Urheberrechte der Autor_innen werden dabei nicht ber\u00fchrt, denn f\u00fcr die Nutzenden ist das Zitieren der Autoren eine selbstverst\u00e4ndliche Pflicht. <img loading=\"lazy\" decoding=\"async\" src=\"http:\/\/vg08.met.vgwort.de\/na\/540f05c1fbda4796bd506b8b9778ad57\" alt=\"\" width=\"1\" height=\"1\" \/><\/p>\n<p style=\"text-align: justify;\">Alle Beitr\u00e4ge und Essays sind unter derselben Lizenz auf der Internetseite <a href=\"http:\/\/www.ssoar.info\/\" target=\"_blank\" rel=\"noopener\">Social Science Open Access Repository,<\/a><\/p>\n<p style=\"text-align: justify;\"><a href=\"http:\/\/www.ssoar.info\/\" target=\"_blank\" rel=\"noopener\"><img loading=\"lazy\" decoding=\"async\" class=\"size-medium wp-image-164 alignnone\" title=\"ssoar\" src=\"https:\/\/suedosteuropaeische-hefte.org\/wp-content\/uploads\/2012\/09\/ssoar.png?w=300\" alt=\"\" width=\"300\" height=\"42\" srcset=\"https:\/\/suedosteuropaeische-hefte.org\/wp-content\/uploads\/2012\/09\/ssoar.png 628w, https:\/\/suedosteuropaeische-hefte.org\/wp-content\/uploads\/2012\/09\/ssoar-300x43.png 300w\" sizes=\"auto, (max-width: 300px) 100vw, 300px\" \/><\/a><\/p>\n<p style=\"text-align: justify;\">und\u00a0in der <a href=\"http:\/\/www.doaj.org\/\" target=\"_blank\" rel=\"noopener\">Directory of Open Access Journals (DOAJ)<\/a> verf\u00fcgbar.<\/p>\n<p><a title=\"Directory of Open Access Journals\" href=\"http:\/\/www.doaj.org\/\" target=\"_blank\" rel=\"noopener\"><img loading=\"lazy\" decoding=\"async\" class=\"size-thumbnail wp-image-262 alignnone\" src=\"https:\/\/suedosteuropaeische-hefte.org\/wp-content\/uploads\/2013\/07\/doaj.png?w=150\" alt=\"doaj\" width=\"150\" height=\"45\" srcset=\"https:\/\/suedosteuropaeische-hefte.org\/wp-content\/uploads\/2013\/07\/doaj.png 400w, https:\/\/suedosteuropaeische-hefte.org\/wp-content\/uploads\/2013\/07\/doaj-300x92.png 300w\" sizes=\"auto, (max-width: 150px) 100vw, 150px\" \/><\/a><\/p>\n<p>Alle Beitr\u00e4ge und Essays sind zudem kostenlos auf der Internetseite <a title=\"CEEOL\" href=\"http:\/\/www.ceeol.com\/\" target=\"_blank\" rel=\"noopener\">Central and Eastern European\u00a0 Online Library<\/a> verf\u00fcgbar.<\/p>\n<p style=\"text-align: justify;\"><a href=\"http:\/\/www.ceeol.com\/\"><img loading=\"lazy\" decoding=\"async\" src=\"https:\/\/suedosteuropaeische-hefte.org\/wp-content\/uploads\/2013\/02\/ceeol.jpg\" alt=\"ceeol\" width=\"140\" height=\"54\" \/><\/a><\/p>\n<p style=\"text-align: justify;\"><span style=\"color: #808080;\"><strong>Informationen gem\u00e4\u00df Teledienstgesetz<\/strong>:<\/span><br \/>\n<span style=\"color: #808080;\">Verantwortlich f\u00fcr den Inhalt der Webseite: \u0110or\u0111e Tomi\u0107.<\/span><\/p>\n<p style=\"text-align: justify;\"><span style=\"color: #808080;\">Ich \u00fcbernehme keine Haftung f\u00fcr Handlungen, die auf Grundlage der auf dieser Seite enthaltenen Inhalte unternommen werden. F\u00fcr den Inhalt von Internetseiten, auf die diese\u00a0Webseite direkt oder indirekt verweist, \u00fcbernehme ich ebenfalls keinerlei Haftung oder Garantie.<\/span><\/p>\n<p>&nbsp;<\/p>\n<p><strong>Cookies und Meldungen zu Zugriffszahlen<\/strong><\/p>\n<p>Wir setzen \u201eSession-Cookies\u201c der VG Wort, M\u00fcnchen, zur Messung von Zugriffen auf Texten ein, um die Kopierwahrscheinlichkeit zu erfassen. Session-Cookies sind kleine Informationseinheiten, die ein Anbieter im Arbeitsspeicher des Computers des Besuchers speichert. In einem Session-Cookie wird eine zuf\u00e4llig erzeugte eindeutige Identifikationsnummer abgelegt, eine sogenannte Session-ID. Au\u00dferdem enth\u00e4lt ein Cookie die Angabe \u00fcber seine Herkunft und die Speicherfrist. Session-Cookies k\u00f6nnen keine anderen Daten speichern. Diese Messungen werden von der Kantar Germany GmbH nach dem Skalierbaren Zentralen Messverfahren (SZM) durchgef\u00fchrt. Sie helfen dabei, die Kopierwahrscheinlichkeit einzelner Texte zur Verg\u00fctung von gesetzlichen Anspr\u00fcchen von Autoren und Verlagen zu ermitteln. Wir erfassen keine personenbezogenen Daten \u00fcber Cookies.<\/p>\n<p>Wir erm\u00f6glichen damit, dass unsere Autoren an den Aussch\u00fcttungen der VG Wort partizipieren, die die gesetzliche Verg\u00fctung f\u00fcr die Nutzungen urheberrechtlich gesch\u00fctzter Werke gem. \u00a7 53 UrhG sicherstellen.<\/p>\n<p>Eine Nutzung unserer Angebote ist auch ohne Cookies m\u00f6glich. Die meisten Browser sind so eingestellt, dass sie Cookies automatisch akzeptieren. Sie k\u00f6nnen das Speichern von Cookies jedoch deaktivieren oder Ihren Browser so einstellen, dass er Sie benachrichtigt, sobald Cookies gesendet werden.<\/p>\n<p><strong>Datenschutzerkl\u00e4rung zur Nutzung des Skalierbaren Zentralen Messverfahrens<\/strong><\/p>\n<p>Unsere Website und unser mobiles Webangebot nutzen das \u201eSkalierbare Zentrale Messverfahren\u201c (SZM) der Kantar Germany GmbH f\u00fcr die Ermittlung statistischer Kennwerte zur Ermittlung der Kopierwahrscheinlichkeit von Texten.<\/p>\n<p>Dabei werden anonyme Messwerte erhoben. Die Zugriffszahlenmessung verwendet zur Wiedererkennung von Computersystemen alternativ ein Session-Cookie oder eine Signatur, die aus verschiedenen automatisch \u00fcbertragenen Informationen Ihres Browsers erstellt wird. IP-Adressen werden nur in anonymisierter Form verarbeitet.<\/p>\n<p>Das Verfahren wurde unter der Beachtung des Datenschutzes entwickelt. Einziges Ziel des Verfahrens ist es, die Kopierwahrscheinlichkeit einzelner Texte zu ermitteln.<\/p>\n<p>Zu keinem Zeitpunkt werden einzelne Nutzer identifiziert. Ihre Identit\u00e4t bleibt immer gesch\u00fctzt. Sie erhalten \u00fcber das System keine Werbung.<\/p>\n<p>&nbsp;<\/p>\n","protected":false},"excerpt":{"rendered":"<p>Herausgeber: Dr. \u0110or\u0111e Tomi\u0107 Redaktion: Dr. \u0110or\u0111e Tomi\u0107, Dr. Marija Vulesica, Petar Atanackovi\u0107, Dr. Gal Kirn Redaktionskollegium: Krunoslav Stojakovi\u0107, Roland Zsch\u00e4chner Online-Ausgabe: https:\/\/suedosteuropaeische-hefte.org\/ S\u00fcdosteurop\u00e4ische Hefte ISSN 2194-3710 Kontakt: redaktion@suedosteuropaeische-hefte.org S\u00e4mtliche Inhalte der Online-Zeitschrift S\u00fcdosteurop\u00e4ische Hefte stehen unter einer Creative Commons Namensnennung-NichtKommerziell-KeineBearbeitung 3.0 Deutschland Lizenz. Beruht auf einem Inhalt unter www.suedosteuropaeische-hefte.org. Open-Access-Erkl\u00e4rung der S\u00fcdosteurop\u00e4ischen Hefte Die &hellip; <a href=\"https:\/\/suedosteuropaeische-hefte.org\/?page_id=24\" class=\"more-link\"><span class=\"screen-reader-text\">Impressum<\/span> weiterlesen <span class=\"meta-nav\">&rarr;<\/span><\/a><\/p>\n","protected":false},"author":1,"featured_media":0,"parent":0,"menu_order":3,"comment_status":"closed","ping_status":"closed","template":"","meta":{"footnotes":""},"class_list":["post-24","page","type-page","status-publish","hentry"],"_links":{"self":[{"href":"https:\/\/suedosteuropaeische-hefte.org\/index.php?rest_route=\/wp\/v2\/pages\/24","targetHints":{"allow":["GET"]}}],"collection":[{"href":"https:\/\/suedosteuropaeische-hefte.org\/index.php?rest_route=\/wp\/v2\/pages"}],"about":[{"href":"https:\/\/suedosteuropaeische-hefte.org\/index.php?rest_route=\/wp\/v2\/types\/page"}],"author":[{"embeddable":true,"href":"https:\/\/suedosteuropaeische-hefte.org\/index.php?rest_route=\/wp\/v2\/users\/1"}],"replies":[{"embeddable":true,"href":"https:\/\/suedosteuropaeische-hefte.org\/index.php?rest_route=%2Fwp%2Fv2%2Fcomments&post=24"}],"version-history":[{"count":9,"href":"https:\/\/suedosteuropaeische-hefte.org\/index.php?rest_route=\/wp\/v2\/pages\/24\/revisions"}],"predecessor-version":[{"id":947,"href":"https:\/\/suedosteuropaeische-hefte.org\/index.php?rest_route=\/wp\/v2\/pages\/24\/revisions\/947"}],"wp:attachment":[{"href":"https:\/\/suedosteuropaeische-hefte.org\/index.php?rest_route=%2Fwp%2Fv2%2Fmedia&parent=24"}],"curies":[{"name":"wp","href":"https:\/\/api.w.org\/{rel}","templated":true}]}}