{"id":407,"date":"2015-06-23T19:33:18","date_gmt":"2015-06-23T18:33:18","guid":{"rendered":"http:\/\/suedosteuropaeische-hefte.org\/?page_id=407"},"modified":"2021-07-04T16:40:49","modified_gmt":"2021-07-04T16:40:49","slug":"about-the-journal","status":"publish","type":"page","link":"https:\/\/suedosteuropaeische-hefte.org\/?page_id=407","title":{"rendered":"About the Journal"},"content":{"rendered":"<h3 style=\"text-align: justify;\"><span style=\"color: #800000;\"><strong>About us<\/strong><\/span><\/h3>\n<p style=\"text-align: justify;\">The Online Journal S\u00fcdosteurop\u00e4ische Hefte represents a forum forum for young scholars which do research on Southeastern Europe. The journal therefore publishes new results and informs about new projects primarily, but not exclusively of the German speaking Southeastern European Studies. At the same time, it offers a place for intellectual exchange and cooperative networking. Especially young scholars are invited to use the journal as a publishing opportunity. The exchange within the S\u00fcdosteurop\u00e4ische Hefte is a twofold. On the one hand, the journal explores the current research developments and tendencies on the southeastern European region, reflects upon research results, concepts and methods, and, having in mind the new generation of scholars, critically evaluates them. On the other hand, the journal offers the possibility to create new impulses, set new accents and shift existing perspectives in terms of contents and methods, which may be discussed in this journal.<\/p>\n<h3><span style=\"color: #800000;\"><strong>People<\/strong><\/span><\/h3>\n<p><strong>Contact<\/strong><\/p>\n<p><em><strong>Mailing Address<\/strong><\/em><br \/>\nS\u00fcdosteurop\u00e4ische Hefte<br \/>\nz.H. Dr. \u0110or\u0111e Tomi\u0107<br \/>\nHumboldt-Universit\u00e4t zu Berlin<br \/>\nInstitut f\u00fcr Geschichtswissenschaften<br \/>\nLehrstuhl f\u00fcr S\u00fcdosteurop\u00e4ische Geschichte<br \/>\nMohrenstra\u00dfe 40\/41<br \/>\nD-10117 Berlin<\/p>\n<p><strong><em>Principal Contact<\/em><\/strong><br \/>\nDr. \u0110or\u0111e Tomi\u0107<br \/>\nEmail: <a href=\"mailto:redaktion@suedosteuropaeische-hefte.org\" target=\"_blank\" rel=\"noopener\">redaktion@suedosteuropaeische-hefte.org<\/a><\/p>\n<p><em><strong>Support Contact<\/strong><\/em><br \/>\nDr. \u0110or\u0111e Tomi\u0107<br \/>\nEmail: <a href=\"mailto:redaktion@suedosteuropaeische-hefte.org\" target=\"_blank\" rel=\"noopener\">redaktion@suedosteuropaeische-hefte.org<\/a><\/p>\n<h3><span style=\"color: #800000;\">Editorial Team<\/span><\/h3>\n<p><strong>Editors<\/strong><br \/>\n<span style=\"color: #800000;\"><a style=\"color: #800000;\" href=\"mailto:tomic@suedosteuropaeische-hefte.org\" target=\"_blank\" rel=\"noopener\"> Tomi\u0107, Dr. \u0110or\u0111e<\/a><\/span><br \/>\nLecturer at the Humboldt University Berlin<\/p>\n<p><span style=\"color: #800000;\"><a style=\"color: #800000;\" href=\"mailto:vulesica@suedosteuropaeische-hefte.org\" target=\"_blank\" rel=\"noopener\">Vulesica, Dr. Marija<\/a><\/span><br \/>\nResearch associate at the Center for Anti-Semitism Research at the Technical University Berlin.<\/p>\n<p><span style=\"color: #800000;\">Atanackovi\u0107, Petar<\/span><br \/>\nHistorian; project coordinator at the Projekthaus Potsdam-Babelsberg.<\/p>\n<p><span style=\"color: #800000;\">Kirn, Dr. Gal<\/span><br \/>\nResearch Fellow at the Humboldt-University Berlin.<\/p>\n<p><strong>Editorial board<\/strong><\/p>\n<p><span style=\"color: #800000;\"><a style=\"color: #800000;\" href=\"mailto:stojakovic@suedosteuropaeische-hefte.org\" target=\"_blank\" rel=\"noopener\">Stojakovi\u0107, Dr. Krunoslav<\/a><\/span><br \/>\nHistorian; project manager at the Rosa Luxemburg Foundation (Belgrade).<\/p>\n<p><span style=\"color: #800000;\"><a style=\"color: #800000;\" href=\"mailto:zschaechner@suedosteuropaeische-hefte.org\" target=\"_blank\" rel=\"noopener\">Zsch\u00e4chner, Roland<\/a><\/span><br \/>\nAnthropologist; journalist \/ editor at &#8222;junge Welt&#8220; newspaper (Berlin).<\/p>\n<p>&nbsp;<\/p>\n<h3><span style=\"color: #800000;\">Policies<\/span><\/h3>\n<p><strong>Focus and Scope<\/strong><\/p>\n<p style=\"text-align: justify;\">The Online Journal S\u00fcdosteurop\u00e4ische Hefte represents a forum forum for young scholars which do research on Southeastern Europe. The journal therefore publishes new results and informs about new projects primarily, but not exclusively of the German speaking Southeastern European Studies. At the same time, it offers a place for intellectual exchange and cooperative networking. Especially young scholars are invited to use the journal as a publishing opportunity. The exchange within the S\u00fcdosteurop\u00e4ische Hefte is a twofold. On the one hand, the journal explores the current research developments and tendencies on the southeastern European region, reflects upon research results, concepts and methods, and, having in mind the new generation of scholars, critically evaluates them. On the other hand, the journal offers the possibility to create new impulses, set new accents and shift existing perspectives in terms of contents and methods, which may be discussed in this journal.<\/p>\n<p style=\"text-align: justify;\"><strong>Section Policies<\/strong><\/p>\n<p style=\"text-align: justify;\"><em>Aus der S\u00fcdosteuropaforschung<\/em><br \/>\nOpen Submissions: yes; Indexed: yes; Peer Reviewed: no<br \/>\n<em>Thema<\/em><br \/>\nOpen Submissions: yes; Indexed: yes; Peer Reviewed: no<br \/>\n<em>Beitr\u00e4ge<\/em><br \/>\nOpen Submissions: yes; Indexed: yes; Peer Reviewed: no<br \/>\n<em>Rezensionen<\/em><br \/>\nOpen Submissions: yes; Indexed: yes; Peer Reviewed: no<br \/>\n<em>Neuerscheinungen<\/em><br \/>\nOpen Submissions: no; Indexed: no; Peer Reviewed: no<\/p>\n<p style=\"text-align: justify;\"><strong>Publication Frequency<\/strong><\/p>\n<p style=\"text-align: justify;\">S\u00fcdosteurop\u00e4ische Hefte appear once a year and publish an average of five contributions in every issue.<\/p>\n<p style=\"text-align: justify;\"><strong>Open Access Policy<\/strong><\/p>\n<p style=\"text-align: justify;\">This journal provides immediate open access to its content on the principle that making research freely available to the public supports a greater global exchange of knowledge.<\/p>\n<p style=\"text-align: justify;\">S\u00fcdosteurop\u00e4ische Hefte is a full Open Access journal, which means that all content will be freely accessible online. All articles will be published under the following Creative Commons Licence: Attribution-NonCommercial-NoDerivs 3.0 Germany (CC BY-NC-ND 3.0 DE). All contributions published in the S\u00fcdosteurop\u00e4ische Hefte may be reproduced and printed for scientific purposes and personal use. The authors hold the copyright. The S\u00fcdosteurop\u00e4ische Hefte hold a non-exclusive exploitation right for the documents hosted at the homepage of the S\u00fcdosteurop\u00e4ische Hefte. All contents of the S\u00fcdosteurop\u00e4ische Hefte are Open-Access publications. According to the <a title=\"Berlin Declaration on Open Access to Knowledge in the Sciences and Humanities\" href=\"http:\/\/openaccess.mpg.de\/Berliner-Erklaerung\" target=\"_blank\" rel=\"noopener\">Berlin Declaration on Open Access to Knowledge in the Sciences and Humanities<\/a>, the authors and rights holders of such publications grant to all users a free, irrevocable, worldwide, right of access to, and a license to copy, use, distribute, transmit and display the work publicly and to make and distribute derivative works, in any digital medium for any responsible purpose, subject to proper attribution of authorship (community standards, will continue to provide the mechanism for enforcement of proper attribution and responsible use of the published work, as they do now), as well as the right to make small numbers of printed copies for their personal use.<\/p>\n<p><strong>Journal Sponsorship<\/strong><\/p>\n<p style=\"text-align: justify;\">S\u00fcdosteurop\u00e4ische Hefte is published with the support of the Chair for Southeastern European History at the Humboldt University Berlin of <a href=\"https:\/\/www.geschichte.hu-berlin.de\/de\/bereiche-und-lehrstuehle\/gesuedosteu\" target=\"_blank\" rel=\"noopener\">Prof. Dr. Hannes Grandits<\/a>.<\/p>\n","protected":false},"excerpt":{"rendered":"<p>About us The Online Journal S\u00fcdosteurop\u00e4ische Hefte represents a forum forum for young scholars which do research on Southeastern Europe. The journal therefore publishes new results and informs about new projects primarily, but not exclusively of the German speaking Southeastern European Studies. At the same time, it offers a place for intellectual exchange and cooperative &hellip; <a href=\"https:\/\/suedosteuropaeische-hefte.org\/?page_id=407\" class=\"more-link\"><span class=\"screen-reader-text\">About the Journal<\/span> weiterlesen <span class=\"meta-nav\">&rarr;<\/span><\/a><\/p>\n","protected":false},"author":1,"featured_media":0,"parent":2,"menu_order":2,"comment_status":"closed","ping_status":"closed","template":"","meta":{"footnotes":""},"class_list":["post-407","page","type-page","status-publish","hentry"],"_links":{"self":[{"href":"https:\/\/suedosteuropaeische-hefte.org\/index.php?rest_route=\/wp\/v2\/pages\/407","targetHints":{"allow":["GET"]}}],"collection":[{"href":"https:\/\/suedosteuropaeische-hefte.org\/index.php?rest_route=\/wp\/v2\/pages"}],"about":[{"href":"https:\/\/suedosteuropaeische-hefte.org\/index.php?rest_route=\/wp\/v2\/types\/page"}],"author":[{"embeddable":true,"href":"https:\/\/suedosteuropaeische-hefte.org\/index.php?rest_route=\/wp\/v2\/users\/1"}],"replies":[{"embeddable":true,"href":"https:\/\/suedosteuropaeische-hefte.org\/index.php?rest_route=%2Fwp%2Fv2%2Fcomments&post=407"}],"version-history":[{"count":8,"href":"https:\/\/suedosteuropaeische-hefte.org\/index.php?rest_route=\/wp\/v2\/pages\/407\/revisions"}],"predecessor-version":[{"id":950,"href":"https:\/\/suedosteuropaeische-hefte.org\/index.php?rest_route=\/wp\/v2\/pages\/407\/revisions\/950"}],"up":[{"embeddable":true,"href":"https:\/\/suedosteuropaeische-hefte.org\/index.php?rest_route=\/wp\/v2\/pages\/2"}],"wp:attachment":[{"href":"https:\/\/suedosteuropaeische-hefte.org\/index.php?rest_route=%2Fwp%2Fv2%2Fmedia&parent=407"}],"curies":[{"name":"wp","href":"https:\/\/api.w.org\/{rel}","templated":true}]}}