{"id":503,"date":"2015-11-18T13:24:16","date_gmt":"2015-11-18T13:24:16","guid":{"rendered":"http:\/\/suedosteuropaeische-hefte.org\/?p=503"},"modified":"2016-03-05T18:22:00","modified_gmt":"2016-03-05T18:22:00","slug":"ana-rajkovic-opposing-the-policy-of-the-twenty-first-century-socialism-in-bolivia","status":"publish","type":"page","link":"https:\/\/suedosteuropaeische-hefte.org\/?page_id=503","title":{"rendered":"Ana Rajkovi\u0107: Opposing the Policy of the Twenty-First Century Socialism in Bolivia"},"content":{"rendered":"<p style=\"text-align: justify;\"><strong>Ana Rajkovi\u0107<\/strong><br \/>\n<span style=\"color: #800000;\"><strong><a style=\"color: #800000;\" href=\"https:\/\/suedosteuropaeische-hefte.org\/wp-content\/uploads\/2015\/11\/sh-4-2-rajkovic.pdf\" target=\"_blank\">Opposing the Policy of the Twenty-First Century Socialism in Bolivia. The Political Activities of Branko Marinkovi\u0107<\/a><\/strong><\/span><br \/>\n(als <span style=\"color: #800000;\"><a style=\"color: #800000;\" href=\"https:\/\/suedosteuropaeische-hefte.org\/wp-content\/uploads\/2015\/11\/sh-4-2-rajkovic.pdf\" target=\"_blank\">pdf-Datei<\/a><\/span> herunterladen)<\/p>\n<p style=\"text-align: justify;\"><strong>Abstract<\/strong><br \/>\nThe Marinkovi\u0107 family, which originated from the island of Bra\u010d, immigrated to the eastern Bolivian province of Santa Cruz in the mid-1950s. Thanks to a successful agricultural business, among other things, the family has become one of the richest and most influential families in Bolivia. Some analysts link Branko Marinkovi\u0107&#8217;s origins with his oppositional activities in Bolivia. This is due to the fact that Marinkovi\u0107 compares the contemporary \u201cTwenty-first century socialism\u201d policies of Bolivian president Evo Morales with the communist policies of Tito in Yugoslavia. With that in mind, the aim of this paper is to analyze to what extent the immigrant origin of Marinkovi\u0107\u2019s family has influenced his political activities. This analysis can be carried out by relating his political activities to the Usta\u0161a immigrants who came to Latin America after the Second World War and also within the context of the narrative of Bolivian authorities who believed Marinkovi\u0107 was trying to Balkanize Bolivia.<\/p>\n<p style=\"text-align: justify;\"><strong>Zitation<\/strong><br \/>\nRajkovi\u0107, Ana (2015): Opposing the Policy of the Twenty-First Century Socialism in Bolivia. The Political Activities of Branko Marinkovi\u0107. In: <em>S\u00fcdosteurop\u00e4ische Hefte<\/em> 4 (2), S. 37\u201347.<\/p>\n<p style=\"text-align: justify;\"><em>Persistent Identifier (PID)<\/em>: <span style=\"color: #800000;\"><a style=\"color: #800000;\" href=\"http:\/\/nbn-resolving.de\/urn:nbn:de:0168-ssoar-454920\" target=\"_blank\">http:\/\/nbn-resolving.de\/urn:nbn:de:0168-ssoar-454920<\/a><\/span><\/p>\n","protected":false},"excerpt":{"rendered":"<p>Ana Rajkovi\u0107 Opposing the Policy of the Twenty-First Century Socialism in Bolivia. The Political Activities of Branko Marinkovi\u0107 (als pdf-Datei herunterladen) Abstract The Marinkovi\u0107 family, which originated from the island of Bra\u010d, immigrated to the eastern Bolivian province of Santa Cruz in the mid-1950s. Thanks to a successful agricultural business, among other things, the family &hellip; <a href=\"https:\/\/suedosteuropaeische-hefte.org\/?page_id=503\" class=\"more-link\"><span class=\"screen-reader-text\">Ana Rajkovi\u0107: Opposing the Policy of the Twenty-First Century Socialism in Bolivia<\/span> weiterlesen <span class=\"meta-nav\">&rarr;<\/span><\/a><\/p>\n","protected":false},"author":1,"featured_media":0,"parent":428,"menu_order":3,"comment_status":"closed","ping_status":"closed","template":"","meta":{"footnotes":""},"class_list":["post-503","page","type-page","status-publish","hentry"],"_links":{"self":[{"href":"https:\/\/suedosteuropaeische-hefte.org\/index.php?rest_route=\/wp\/v2\/pages\/503","targetHints":{"allow":["GET"]}}],"collection":[{"href":"https:\/\/suedosteuropaeische-hefte.org\/index.php?rest_route=\/wp\/v2\/pages"}],"about":[{"href":"https:\/\/suedosteuropaeische-hefte.org\/index.php?rest_route=\/wp\/v2\/types\/page"}],"author":[{"embeddable":true,"href":"https:\/\/suedosteuropaeische-hefte.org\/index.php?rest_route=\/wp\/v2\/users\/1"}],"replies":[{"embeddable":true,"href":"https:\/\/suedosteuropaeische-hefte.org\/index.php?rest_route=%2Fwp%2Fv2%2Fcomments&post=503"}],"version-history":[{"count":3,"href":"https:\/\/suedosteuropaeische-hefte.org\/index.php?rest_route=\/wp\/v2\/pages\/503\/revisions"}],"predecessor-version":[{"id":506,"href":"https:\/\/suedosteuropaeische-hefte.org\/index.php?rest_route=\/wp\/v2\/pages\/503\/revisions\/506"}],"up":[{"embeddable":true,"href":"https:\/\/suedosteuropaeische-hefte.org\/index.php?rest_route=\/wp\/v2\/pages\/428"}],"wp:attachment":[{"href":"https:\/\/suedosteuropaeische-hefte.org\/index.php?rest_route=%2Fwp%2Fv2%2Fmedia&parent=503"}],"curies":[{"name":"wp","href":"https:\/\/api.w.org\/{rel}","templated":true}]}}