{"id":509,"date":"2015-11-18T13:28:39","date_gmt":"2015-11-18T13:28:39","guid":{"rendered":"http:\/\/suedosteuropaeische-hefte.org\/?p=509"},"modified":"2016-03-05T18:24:59","modified_gmt":"2016-03-05T18:24:59","slug":"emma-burgham-the-eleventh-hour","status":"publish","type":"page","link":"https:\/\/suedosteuropaeische-hefte.org\/?page_id=509","title":{"rendered":"Emma Burgham: The Eleventh Hour"},"content":{"rendered":"<p style=\"text-align: justify;\"><strong>Emma Burgham<\/strong><br \/>\n<span style=\"color: #800000;\"><strong><a style=\"color: #800000;\" href=\"https:\/\/suedosteuropaeische-hefte.org\/wp-content\/uploads\/2015\/11\/sh-4-2-burgham.pdf\" target=\"_blank\">The Eleventh Hour: Dimitrije Mitrinovi\u0107 and his network: proceedings of a symposium at the University of Bradford<\/a><\/strong><\/span><br \/>\n(als <span style=\"color: #800000;\"><a style=\"color: #800000;\" href=\"https:\/\/suedosteuropaeische-hefte.org\/wp-content\/uploads\/2015\/11\/sh-4-2-burgham.pdf\" target=\"_blank\">pdf-Datei<\/a><\/span> herunterladen)<\/p>\n<p style=\"text-align: justify;\"><strong>Abstract<\/strong><br \/>\nIn July 2015 the Special Collections department at the University of Bradford hosted a symposium as part of a project to catalogue and promote the use of the Mitrinovi\u0107 collection. The event showcased the research potential of the archive and library across a range of subject areas, not least the history of the Balkans.<\/p>\n<p style=\"text-align: justify;\"><strong>Zitation<\/strong><br \/>\nBurgham, Emma (2015): The Eleventh Hour: Dimitrije Mitrinovi\u0107 and his network: proceedings of a symposium at the University of Bradford. In: <em>S\u00fcdosteurop\u00e4ische Hefte<\/em> 4 (2), S. 65\u201368.<\/p>\n<p style=\"text-align: justify;\"><em>Persistent Identifier (PID)<\/em>: <span style=\"color: #800000;\"><a style=\"color: #800000;\" href=\"http:\/\/nbn-resolving.de\/urn:nbn:de:0168-ssoar-454673\" target=\"_blank\">http:\/\/nbn-resolving.de\/urn:nbn:de:0168-ssoar-454673<\/a><\/span><\/p>\n","protected":false},"excerpt":{"rendered":"<p>Emma Burgham The Eleventh Hour: Dimitrije Mitrinovi\u0107 and his network: proceedings of a symposium at the University of Bradford (als pdf-Datei herunterladen) Abstract In July 2015 the Special Collections department at the University of Bradford hosted a symposium as part of a project to catalogue and promote the use of the Mitrinovi\u0107 collection. The event &hellip; <a href=\"https:\/\/suedosteuropaeische-hefte.org\/?page_id=509\" class=\"more-link\"><span class=\"screen-reader-text\">Emma Burgham: The Eleventh Hour<\/span> weiterlesen <span class=\"meta-nav\">&rarr;<\/span><\/a><\/p>\n","protected":false},"author":1,"featured_media":0,"parent":428,"menu_order":5,"comment_status":"closed","ping_status":"closed","template":"","meta":{"footnotes":""},"class_list":["post-509","page","type-page","status-publish","hentry"],"_links":{"self":[{"href":"https:\/\/suedosteuropaeische-hefte.org\/index.php?rest_route=\/wp\/v2\/pages\/509","targetHints":{"allow":["GET"]}}],"collection":[{"href":"https:\/\/suedosteuropaeische-hefte.org\/index.php?rest_route=\/wp\/v2\/pages"}],"about":[{"href":"https:\/\/suedosteuropaeische-hefte.org\/index.php?rest_route=\/wp\/v2\/types\/page"}],"author":[{"embeddable":true,"href":"https:\/\/suedosteuropaeische-hefte.org\/index.php?rest_route=\/wp\/v2\/users\/1"}],"replies":[{"embeddable":true,"href":"https:\/\/suedosteuropaeische-hefte.org\/index.php?rest_route=%2Fwp%2Fv2%2Fcomments&post=509"}],"version-history":[{"count":1,"href":"https:\/\/suedosteuropaeische-hefte.org\/index.php?rest_route=\/wp\/v2\/pages\/509\/revisions"}],"predecessor-version":[{"id":510,"href":"https:\/\/suedosteuropaeische-hefte.org\/index.php?rest_route=\/wp\/v2\/pages\/509\/revisions\/510"}],"up":[{"embeddable":true,"href":"https:\/\/suedosteuropaeische-hefte.org\/index.php?rest_route=\/wp\/v2\/pages\/428"}],"wp:attachment":[{"href":"https:\/\/suedosteuropaeische-hefte.org\/index.php?rest_route=%2Fwp%2Fv2%2Fmedia&parent=509"}],"curies":[{"name":"wp","href":"https:\/\/api.w.org\/{rel}","templated":true}]}}