{"id":511,"date":"2015-11-18T13:29:20","date_gmt":"2015-11-18T13:29:20","guid":{"rendered":"http:\/\/suedosteuropaeische-hefte.org\/?p=511"},"modified":"2021-07-04T16:01:14","modified_gmt":"2021-07-04T16:01:14","slug":"dorde-tomic-stefan-pavleski-das-werktaetige-volk-ohne-arbeit","status":"publish","type":"page","link":"https:\/\/suedosteuropaeische-hefte.org\/?page_id=511","title":{"rendered":"\u0110or\u0111e Tomi\u0107 &#038; Stefan Pavleski: Das werkt\u00e4tige Volk ohne Arbeit"},"content":{"rendered":"<p style=\"text-align: left;\"><strong>\u0110or\u0111e Tomi\u0107 &amp; Stefan Pavleski<\/strong><br \/>\n<span style=\"color: #800000;\"><strong><a style=\"color: #800000;\" href=\"https:\/\/suedosteuropaeische-hefte.org\/wp-content\/uploads\/2015\/12\/sh-4-2-tomicpavleski.pdf\" target=\"_blank\" rel=\"noopener\">Das werkt\u00e4tige Volk ohne Arbeit. Arbeitslosigkeit und Selbstverwaltung im sozialistischen Jugoslawien als Forschungsgegenstand: Eine kritische Bestandsaufnahme<\/a><\/strong><\/span><br \/>\n(als <span style=\"color: #800000;\"><a style=\"color: #800000;\" href=\"https:\/\/suedosteuropaeische-hefte.org\/wp-content\/uploads\/2015\/12\/sh-4-2-tomicpavleski.pdf\" target=\"_blank\" rel=\"noopener\">pdf-Datei<\/a><\/span> herunterladen)<\/p>\n<p style=\"text-align: justify;\"><strong>Abstract<\/strong><br \/>\nThe article focuses on the question of a possible linkage between unemployment and self-management in socialist Yugoslavia. Departing from secondary sources and offering a critical literature review, the article sketches the development of unemployment in Yugoslavia from the 1950s to the beginning of the 1980s, outlines different points of discussion and explores concrete gaps in the existing interpretations. By proposing a differentiated view of self-management, the authors conclude that from an economic perspective the relationship between self-management and unemployment was at best an indirect one. The broader system of self-management can hardly be interpreted as an obstacle to political participation or social integration of unemployed persons. In contrast to previous interpretations of Yugoslavia&#8217;s unemployment which regard it as a paradox, the authors suggest that the paradox was not the existence of unemployment in a socialist state, but the way in which the society \u2013 especially when organized on the basis of socialist self-management \u2013 reacted to it. In fact, the Yugoslav response to the problem of unemployment proved to be not really different from the way this was handled by other (capitalist) states in this period.<\/p>\n<p style=\"text-align: justify;\"><strong>Zitation<\/strong><br \/>\nTomi\u0107, \u0110or\u0111e; Pavleski, Stefan (2015): Das werkt\u00e4tige Volk ohne Arbeit. Arbeitslosigkeit und Selbstverwaltung im sozialistischen Jugoslawien als Forschungsgegenstand: Eine kritische Bestandsaufnahme. In: <em>S\u00fcdosteurop\u00e4ische Hefte<\/em> 4 (2), S. 73\u201390.<\/p>\n<p style=\"text-align: justify;\"><em>Persistent Identifier (PID)<\/em>: <span style=\"color: #800000;\"><a style=\"color: #800000;\" href=\"http:\/\/nbn-resolving.de\/urn:nbn:de:0168-ssoar-454523\" target=\"_blank\" rel=\"noopener\">http:\/\/nbn-resolving.de\/urn:nbn:de:0168-ssoar-454523<\/a><\/span><\/p>\n","protected":false},"excerpt":{"rendered":"<p>\u0110or\u0111e Tomi\u0107 &amp; Stefan Pavleski Das werkt\u00e4tige Volk ohne Arbeit. Arbeitslosigkeit und Selbstverwaltung im sozialistischen Jugoslawien als Forschungsgegenstand: Eine kritische Bestandsaufnahme (als pdf-Datei herunterladen) Abstract The article focuses on the question of a possible linkage between unemployment and self-management in socialist Yugoslavia. Departing from secondary sources and offering a critical literature review, the article sketches &hellip; <a href=\"https:\/\/suedosteuropaeische-hefte.org\/?page_id=511\" class=\"more-link\"><span class=\"screen-reader-text\">\u0110or\u0111e Tomi\u0107 &#038; Stefan Pavleski: Das werkt\u00e4tige Volk ohne Arbeit<\/span> weiterlesen <span class=\"meta-nav\">&rarr;<\/span><\/a><\/p>\n","protected":false},"author":1,"featured_media":0,"parent":428,"menu_order":6,"comment_status":"closed","ping_status":"closed","template":"","meta":{"footnotes":""},"class_list":["post-511","page","type-page","status-publish","hentry"],"_links":{"self":[{"href":"https:\/\/suedosteuropaeische-hefte.org\/index.php?rest_route=\/wp\/v2\/pages\/511","targetHints":{"allow":["GET"]}}],"collection":[{"href":"https:\/\/suedosteuropaeische-hefte.org\/index.php?rest_route=\/wp\/v2\/pages"}],"about":[{"href":"https:\/\/suedosteuropaeische-hefte.org\/index.php?rest_route=\/wp\/v2\/types\/page"}],"author":[{"embeddable":true,"href":"https:\/\/suedosteuropaeische-hefte.org\/index.php?rest_route=\/wp\/v2\/users\/1"}],"replies":[{"embeddable":true,"href":"https:\/\/suedosteuropaeische-hefte.org\/index.php?rest_route=%2Fwp%2Fv2%2Fcomments&post=511"}],"version-history":[{"count":2,"href":"https:\/\/suedosteuropaeische-hefte.org\/index.php?rest_route=\/wp\/v2\/pages\/511\/revisions"}],"predecessor-version":[{"id":948,"href":"https:\/\/suedosteuropaeische-hefte.org\/index.php?rest_route=\/wp\/v2\/pages\/511\/revisions\/948"}],"up":[{"embeddable":true,"href":"https:\/\/suedosteuropaeische-hefte.org\/index.php?rest_route=\/wp\/v2\/pages\/428"}],"wp:attachment":[{"href":"https:\/\/suedosteuropaeische-hefte.org\/index.php?rest_route=%2Fwp%2Fv2%2Fmedia&parent=511"}],"curies":[{"name":"wp","href":"https:\/\/api.w.org\/{rel}","templated":true}]}}