{"id":513,"date":"2015-11-18T13:30:10","date_gmt":"2015-11-18T13:30:10","guid":{"rendered":"http:\/\/suedosteuropaeische-hefte.org\/?p=513"},"modified":"2021-07-04T16:03:40","modified_gmt":"2021-07-04T16:03:40","slug":"dorde-tomic-carolin-leutloff-grandits-gal-kirn-innovationspotential-in-bewegung","status":"publish","type":"page","link":"https:\/\/suedosteuropaeische-hefte.org\/?page_id=513","title":{"rendered":"\u0110or\u0111e Tomi\u0107, Carolin Leutloff-Grandits &#038; Gal Kirn: Innovationspotential in Bewegung?"},"content":{"rendered":"<p style=\"text-align: left;\"><strong>\u0110or\u0111e Tomi\u0107, Carolin Leutloff-Grandits &amp; Gal Kirn<\/strong><br \/>\n<span style=\"color: #800000;\"><strong><a style=\"color: #800000;\" href=\"https:\/\/suedosteuropaeische-hefte.org\/wp-content\/uploads\/2015\/11\/sh-4-2-tomicleutloff-granditskirn.pdf\" target=\"_blank\" rel=\"noopener\">Innovationspotential in Bewegung? Europa zwischen Mobilit\u00e4t und Migration: eine Projektskizze<\/a><\/strong><\/span><br \/>\n(als <span style=\"color: #800000;\"><a style=\"color: #800000;\" href=\"https:\/\/suedosteuropaeische-hefte.org\/wp-content\/uploads\/2015\/11\/sh-4-2-tomicleutloff-granditskirn.pdf\" target=\"_blank\" rel=\"noopener\">pdf-Datei<\/a><\/span> herunterladen)<\/p>\n<p style=\"text-align: justify;\"><strong>Zitation<\/strong><br \/>\nTomi\u0107, \u0110or\u0111e; Leutloff-Grandits, Carolin; Kirn, Gal (2015): Innovationspotential in Bewegung? Europa zwischen Mobilit\u00e4t und Migration: eine Projektskizze. In: <em>S\u00fcdosteurop\u00e4ische Hefte<\/em> 4 (2), S. 91\u201395.<\/p>\n<p style=\"text-align: justify;\"><em>Persistent Identifier (PID)<\/em>: <span style=\"color: #800000;\"><a style=\"color: #800000;\" href=\"http:\/\/nbn-resolving.de\/urn:nbn:de:0168-ssoar-454753\" target=\"_blank\" rel=\"noopener\">http:\/\/nbn-resolving.de\/urn:nbn:de:0168-ssoar-454753<\/a><\/span><\/p>\n","protected":false},"excerpt":{"rendered":"<p>\u0110or\u0111e Tomi\u0107, Carolin Leutloff-Grandits &amp; Gal Kirn Innovationspotential in Bewegung? Europa zwischen Mobilit\u00e4t und Migration: eine Projektskizze (als pdf-Datei herunterladen) Zitation Tomi\u0107, \u0110or\u0111e; Leutloff-Grandits, Carolin; Kirn, Gal (2015): Innovationspotential in Bewegung? Europa zwischen Mobilit\u00e4t und Migration: eine Projektskizze. In: S\u00fcdosteurop\u00e4ische Hefte 4 (2), S. 91\u201395. Persistent Identifier (PID): http:\/\/nbn-resolving.de\/urn:nbn:de:0168-ssoar-454753<\/p>\n","protected":false},"author":1,"featured_media":0,"parent":428,"menu_order":7,"comment_status":"closed","ping_status":"closed","template":"","meta":{"footnotes":""},"class_list":["post-513","page","type-page","status-publish","hentry"],"_links":{"self":[{"href":"https:\/\/suedosteuropaeische-hefte.org\/index.php?rest_route=\/wp\/v2\/pages\/513","targetHints":{"allow":["GET"]}}],"collection":[{"href":"https:\/\/suedosteuropaeische-hefte.org\/index.php?rest_route=\/wp\/v2\/pages"}],"about":[{"href":"https:\/\/suedosteuropaeische-hefte.org\/index.php?rest_route=\/wp\/v2\/types\/page"}],"author":[{"embeddable":true,"href":"https:\/\/suedosteuropaeische-hefte.org\/index.php?rest_route=\/wp\/v2\/users\/1"}],"replies":[{"embeddable":true,"href":"https:\/\/suedosteuropaeische-hefte.org\/index.php?rest_route=%2Fwp%2Fv2%2Fcomments&post=513"}],"version-history":[{"count":2,"href":"https:\/\/suedosteuropaeische-hefte.org\/index.php?rest_route=\/wp\/v2\/pages\/513\/revisions"}],"predecessor-version":[{"id":949,"href":"https:\/\/suedosteuropaeische-hefte.org\/index.php?rest_route=\/wp\/v2\/pages\/513\/revisions\/949"}],"up":[{"embeddable":true,"href":"https:\/\/suedosteuropaeische-hefte.org\/index.php?rest_route=\/wp\/v2\/pages\/428"}],"wp:attachment":[{"href":"https:\/\/suedosteuropaeische-hefte.org\/index.php?rest_route=%2Fwp%2Fv2%2Fmedia&parent=513"}],"curies":[{"name":"wp","href":"https:\/\/api.w.org\/{rel}","templated":true}]}}