{"id":517,"date":"2015-11-18T13:30:43","date_gmt":"2015-11-18T13:30:43","guid":{"rendered":"http:\/\/suedosteuropaeische-hefte.org\/?p=517"},"modified":"2016-03-04T17:48:56","modified_gmt":"2016-03-04T17:48:56","slug":"autor_innen_4_2","status":"publish","type":"page","link":"https:\/\/suedosteuropaeische-hefte.org\/?page_id=517","title":{"rendered":"Autor_innen (4\/2)"},"content":{"rendered":"<p style=\"text-align: justify;\"><span style=\"color: #800000;\"><a style=\"color: #800000;\" href=\"https:\/\/suedosteuropaeische-hefte.org\/wp-content\/uploads\/2015\/12\/sh-4-2-autor_innen.pdf\" target=\"_blank\"><strong>Autor_innen<\/strong><\/a><\/span><\/p>\n<p style=\"text-align: justify;\"><strong>Buchenau, Klaus<\/strong><br \/>\nProfessor\u00a0 f\u00fcr\u00a0 Geschichte\u00a0 S\u00fcdost- und\u00a0 Osteuropas\u00a0 an\u00a0 der\u00a0 Universit\u00e4t\u00a0 Regensburg.\u00a0 Arbeitsgebiete: Religionsgeschichte\u00a0 S\u00fcdosteuropas,\u00a0 19.-21.\u00a0 Jahrhundert, Religionsgeschichte\u00a0 der\u00a0 Tschechoslowakei, Antiwestlertum und Fundamentalismus in orthodoxen Kulturen S\u00fcdost- und Osteuropas, Geschichte Jugoslawiens\u00a0 und seiner\u00a0 Nachfolgestaaten, Geschichte der Korruption in\u00a0 S\u00fcdosteuropa, Beziehungen zwischen\u00a0 Russland\/Sowjetunion\u00a0 und\u00a0 S\u00fcdosteuropa (19.-20.\u00a0 Jahrhundert), Geschichte\u00a0 der\u00a0 russischen Emigration, S\u00fcdosteuropa im globalen Vergleich (insbesondere mit Lateinamerika).<\/p>\n<p style=\"text-align: justify;\"><strong>Burgham, Emma<\/strong><br \/>\nProject Archivist, Special Collections, JB Priestley Library, University of Bradford, UK.<\/p>\n<p style=\"text-align: justify;\"><strong>Getchell, Michelle<\/strong><br \/>\nreceived her doctorate from the University of Texas, Austin, and was a Post-doctoral Fellow at Dartmouth College, 2014-2015. She is currently working on her first book, an exploration of US-Soviet-Latin American relations in the Cold War. She teaches courses in the Department of Humanities at Shaw University in Raleigh, North Carolina.<\/p>\n<p style=\"text-align: justify;\"><strong>Guidi, Andreas<\/strong><br \/>\nM.A. East European Studies at the Freien Universit\u00e4t in Berlin. Currently Ph.D. candidate at the Chair for Southeast European History at the Humboldt University Berlin. The dissertation topic is &#8222;Generations in Flux: Rhodes and the Post-Ottoman Turn 1900-1940&#8220;. Scolarships: Rosa Luxemburg Stiftung (2011-2013), Humboldt Research-Track (2013-2014), Elsa-Neumann-Stipendium (2014-). Areas of interest: Social history with a focus on generations and youth, post-imperial turn in Habsburg and Ottoman territories, Italian presence and influence in the Mediterranean.<\/p>\n<p style=\"text-align: justify;\"><strong>Leutloff-Grandits, Carolin<\/strong><br \/>\nDerzeit\u00a0\u00a0 Fellow\u00a0\u00a0 am\u00a0\u00a0 Imre-Kert\u00e9sz-Kolleg;\u00a0\u00a0 Wissenschaftliche\u00a0\u00a0 Mitarbeiterin\u00a0\u00a0 der Abteilung\u00a0\u00a0 f\u00fcr S\u00fcdosteurop\u00e4ische Geschichte und Anthropologie der Universit\u00e4t Graz im Rahmen der Forschungsprojekte \u201aFamilie in Kosovo revisited\u2018 (gef\u00f6rdert vom FWF, 2010-14, und von der Austrian Research Liaison, 2009-2010) und \u201aVerwandtschaft\u00a0 und\u00a0 soziale\u00a0 Sicherung\u2018 (gef\u00f6rdert\u00a0 vom\u00a0 6. EU-Rahmenprogramm,\u00a0 2005-2007); Lehrt\u00e4tigkeiten\u00a0 zu\u00a0 verschiedenen\u00a0 sozialanthropologischen\u00a0 Kernthemen,\u00a0 \u00fcber\u00a0 mehrere\u00a0 Jahre\u00a0 an\u00a0 der Universit\u00e4t Wien, zudem an den Universit\u00e4ten Zagreb, Prishtina und an der Humboldt-Universit\u00e4t zu Berlin. Im Rahmen einer Doktorandenstelle am Max-Planck Institut f\u00fcr ethnologische Forschung hat sie im Jahre 2005 ihre Dissertation im Fach Ethnologie an der Universit\u00e4t Halle\/Saale abgeschlossen. Studium der Ethnologie, Geschichte und Philosophie an der Universit\u00e4t Freiburg, an der Universit\u00e4t Edinburgh und an der Freien Universit\u00e4t Berlin. Forschungsschwerpunkte: Transnationalismus, Translokalit\u00e4t, Migration und Mobilit\u00e4t, Soziale Sicherung, Familie und Verwandtschaft, Grenzen in Europa und Europ\u00e4isierung, Ethnische und soziale Konflikte, Gewalt, Eigentumsbeziehungen, Post-Sozialismus, Post-Kalter-Krieg-\u00c4ra.<\/p>\n<p style=\"text-align: justify;\"><strong>Kirn, Gal<\/strong><br \/>\nGastwissenschaftler\u00a0 (Alexander\u00a0 von\u00a0 Humboldt-Stipendiat)\u00a0 am\u00a0 Institut\u00a0 f\u00fcr\u00a0 Slawistik\u00a0 der\u00a0 Humboldt-Universit\u00e4t\u00a0 zu\u00a0 Berlin;\u00a0 Promotion\u00a0 in\u00a0 politischer\u00a0 Philosophie\u00a0 an\u00a0 der\u00a0 Universit\u00e4t\u00a0 Nova\u00a0 Gorica. Forschungst\u00e4tigkeit an der Jan van Eyck Academie (Maastricht, 2008-2009) und am Institute of Cultural Inquiry (Berlin, 2010-2011). Seine\u00a0 Forschungsschwerpunkte\u00a0 sind politische\u00a0 Philosophie,\u00a0 Film- und Zeitgeschichte sowie die neuere Geschichte Jugoslawiens; dazu ver\u00f6ffentlichte er als (Mit-)Herausgeber und Autor mehrere Beitr\u00e4ge und B\u00fccher, unter anderen Encountering Althusser (Bloomsbury, 2012), Yugoslav Black Wave Cinema and its Transgressive Moments (JvE Academie, 2012), Postfordism and its discontents (JvE Academie, B-Books and Mirovni In\u0161titut, 2010).<\/p>\n<p style=\"text-align: justify;\"><strong>Kullaa, Rinna<\/strong><br \/>\nSenior Researcher in Modern European History and International Relations at the Univeristy of Jyvaskyla. She is currently a Visiting Researcher at the Department of History at Sciences Po University in Paris, and the head of the project \u2018Asserting Independence in the Post-Colonial Sea: Non-Alignment, Russia and the West in the Mediterranean 1945-1989, RUSMED.\u2019 Kullaa works on questions Russian \/ Soviet influence in the Mediterranean, political issues related to EU accession, and is interested in the current construction of the EU foreign policy.<\/p>\n<p style=\"text-align: justify;\"><strong>Nalbadidacis, Janis<\/strong><br \/>\nPromoviert am Lehrstuhl f\u00fcr S\u00fcdosteurop\u00e4ische Geschichte an der Humboldt-Universit\u00e4t zu Berlin zu Gewaltdynamiken innerhalb von Folterinstitutionen w\u00e4hrend der griechischen und der argentinischen Milit\u00e4rdiktatur; Arbeitsgebiete: Gewaltforschung, Mediengeschichte, Geschlechtergeschichte.<\/p>\n<p style=\"text-align: justify;\"><strong>Pavleski, Stefan<\/strong><br \/>\nDoktorand\u00a0 an\u00a0 der\u00a0 Freien\u00a0 Universit\u00e4t\u00a0 Berlin\u00a0 (Volkswirtschaft).\u00a0 Arbeitsgebiete:\u00a0 Arbeitsm\u00e4rkte\u00a0 und Institutionen\u00a0 in\u00a0 S\u00fcdosteuropa;\u00a0 EU-Beitritt, EU-Integration,\u00a0 Globalisierung,\u00a0 Wirtschaftsgeschichte S\u00fcdosteuropas.<\/p>\n<p style=\"text-align: justify;\"><strong>Rajkovi\u0107, Ana<\/strong><br \/>\nPhD candidate on Modern and Contemporary Croatian History in the European and World Context at the Faculty of Humanities and Social Sciences, Univeristy Zagreb; BA in history, BA in Croatian language and literature; member of the editorial board and associate of several journals (Novi Plamen. The Journal of the Democratic Left for the Political, Social and Cultural Issues, H-alter portal and Vox Feminae); participant of Yad Vashem International School for Holocaust Studies in Israel (2012) as well as of several international conferences with presentations on Latin American history. Research interests: European history, global history, social history of Latin America, women and resistance within the labour movement in the interwar period.<\/p>\n<p style=\"text-align: justify;\"><strong>Tomi\u0107, \u0110or\u0111e<\/strong><br \/>\nWissenschaftlicher Mitarbeiter an der Humboldt-Universit\u00e4t zu Berlin (Lehrstuhl f\u00fcr S\u00fcdosteurop\u00e4ische Geschichte) im Rahmen des Forschungsprojektes \u201aPhantomgrenzen in Ostmitteleuropa\u2018; Promotion zur Geschichte Jugoslawiens\/der Vojvodina der 1980er und 1990er Jahre an der Humboldt-Universit\u00e4t zu Berlin. Studium der Osteuropastudien, Sozialwissenschaften und Germanistik an der Freien Universit\u00e4t Berlin, der Humboldt-Universit\u00e4t zu Berlin, der Universit\u00e4t Novi Sad und der Martin-Luther-Universit\u00e4t Halle (Saale). Arbeitsgebiete: Geschichte Jugoslawiens, Sozialgeschichte, Geschichte sozialer Bewegungen, Nationalismus, Alltagsgeschichte, Stadtgeschichte.<\/p>\n","protected":false},"excerpt":{"rendered":"<p>Autor_innen Buchenau, Klaus Professor\u00a0 f\u00fcr\u00a0 Geschichte\u00a0 S\u00fcdost- und\u00a0 Osteuropas\u00a0 an\u00a0 der\u00a0 Universit\u00e4t\u00a0 Regensburg.\u00a0 Arbeitsgebiete: Religionsgeschichte\u00a0 S\u00fcdosteuropas,\u00a0 19.-21.\u00a0 Jahrhundert, Religionsgeschichte\u00a0 der\u00a0 Tschechoslowakei, Antiwestlertum und Fundamentalismus in orthodoxen Kulturen S\u00fcdost- und Osteuropas, Geschichte Jugoslawiens\u00a0 und seiner\u00a0 Nachfolgestaaten, Geschichte der Korruption in\u00a0 S\u00fcdosteuropa, Beziehungen zwischen\u00a0 Russland\/Sowjetunion\u00a0 und\u00a0 S\u00fcdosteuropa (19.-20.\u00a0 Jahrhundert), Geschichte\u00a0 der\u00a0 russischen Emigration, S\u00fcdosteuropa im globalen Vergleich &hellip; <a href=\"https:\/\/suedosteuropaeische-hefte.org\/?page_id=517\" class=\"more-link\"><span class=\"screen-reader-text\">Autor_innen (4\/2)<\/span> weiterlesen <span class=\"meta-nav\">&rarr;<\/span><\/a><\/p>\n","protected":false},"author":1,"featured_media":0,"parent":428,"menu_order":8,"comment_status":"closed","ping_status":"closed","template":"","meta":{"footnotes":""},"class_list":["post-517","page","type-page","status-publish","hentry"],"_links":{"self":[{"href":"https:\/\/suedosteuropaeische-hefte.org\/index.php?rest_route=\/wp\/v2\/pages\/517","targetHints":{"allow":["GET"]}}],"collection":[{"href":"https:\/\/suedosteuropaeische-hefte.org\/index.php?rest_route=\/wp\/v2\/pages"}],"about":[{"href":"https:\/\/suedosteuropaeische-hefte.org\/index.php?rest_route=\/wp\/v2\/types\/page"}],"author":[{"embeddable":true,"href":"https:\/\/suedosteuropaeische-hefte.org\/index.php?rest_route=\/wp\/v2\/users\/1"}],"replies":[{"embeddable":true,"href":"https:\/\/suedosteuropaeische-hefte.org\/index.php?rest_route=%2Fwp%2Fv2%2Fcomments&post=517"}],"version-history":[{"count":4,"href":"https:\/\/suedosteuropaeische-hefte.org\/index.php?rest_route=\/wp\/v2\/pages\/517\/revisions"}],"predecessor-version":[{"id":585,"href":"https:\/\/suedosteuropaeische-hefte.org\/index.php?rest_route=\/wp\/v2\/pages\/517\/revisions\/585"}],"up":[{"embeddable":true,"href":"https:\/\/suedosteuropaeische-hefte.org\/index.php?rest_route=\/wp\/v2\/pages\/428"}],"wp:attachment":[{"href":"https:\/\/suedosteuropaeische-hefte.org\/index.php?rest_route=%2Fwp%2Fv2%2Fmedia&parent=517"}],"curies":[{"name":"wp","href":"https:\/\/api.w.org\/{rel}","templated":true}]}}