{"id":52,"date":"2012-04-26T15:31:32","date_gmt":"2012-04-26T14:31:32","guid":{"rendered":"http:\/\/suedosteuropaeische-hefte.org\/?page_id=52"},"modified":"2021-07-04T16:43:37","modified_gmt":"2021-07-04T16:43:37","slug":"manuskriptrichtlinien","status":"publish","type":"page","link":"https:\/\/suedosteuropaeische-hefte.org\/?page_id=52","title":{"rendered":"F\u00fcr Autor_innen"},"content":{"rendered":"<p><span style=\"color: #800000;\"><strong>Hinweise zur Ver\u00f6ffentlichung<\/strong><\/span><\/p>\n<p style=\"text-align: justify;\">Die eingereichten Beitr\u00e4ge werden im Rahmen eines redaktionellen Pr\u00fcf- und Begutachtungsverfahrens (<strong><em>editorial review<\/em><\/strong>) zur Publikation ausgew\u00e4hlt und redigiert. Alle durch die Redaktion vorgeschlagenen \u00c4nderungen werden in Absprache mit den Autor_innen vorgenommen. Die jeweils fertig redigierte Version des Beitrages wird erst nach der Autorisierung durch den\/die Autor_in ver\u00f6ffentlicht.<\/p>\n<p style=\"text-align: justify;\">Sowohl das Einreichen als auch die redaktionelle Bearbeitung und Begutachtung der Beitr\u00e4ge sind <strong><em>kostenlos<\/em><\/strong>. Ein Anspruch auf die Ver\u00f6ffentlichung besteht nicht.<\/p>\n<p style=\"text-align: justify;\">Alle in den S\u00fcdosteurop\u00e4ischen Heften ver\u00f6ffentlichte Beitr\u00e4ge d\u00fcrfen zu wissenschaftlichen Zwecken und zum Eigengebrauch kopiert und ausgedruckt werden. <strong><em>Die Urheberrechte liegen bei den Autor_innen<\/em><\/strong>. Die S\u00fcdosteurop\u00e4ischen Hefte besitzen ein nicht-exklusives Verwertungsrecht f\u00fcr die auf der Homepage der S\u00fcdosteurop\u00e4ischen Hefte liegenden Dokumente. Alle Inhalte der S\u00fcdosteurop\u00e4ischen Hefte sind Open-Access-Publikationen. Gem\u00e4\u00df der <a href=\"http:\/\/openaccess.mpg.de\/Berliner-Erklaerung\" target=\"_blank\" rel=\"noopener\">Berliner Erkl\u00e4rung<\/a> erteilen die Autor_innen und Rechteinhaber_innen solcher Ver\u00f6ffentlichungen allen Benutzern das freie, unwiderrufliche und weltweite Zugangsrecht und die Erlaubnis, die Ver\u00f6ffentlichung f\u00fcr jeden verantwortlichen Zweck zu kopieren, zu benutzen, zu verteilen, zu \u00fcbertragen und abzubilden unter der Bedingung der korrekten Nennung der Urheberschaft (wie bisher werden die Mechanismen der korrekten Ber\u00fccksichtigung der Urheberschaft und der verantwortlichen Nutzung durch die Regeln der wissenschaftlichen Gemeinschaft zur Geltung gebracht) sowie das Recht, eine beschr\u00e4nkte Anzahl gedruckter Kopien f\u00fcr den pers\u00f6nlichen Gebrauch zu machen.<\/p>\n<p style=\"text-align: justify;\">Die S\u00fcdosteurop\u00e4ischen Hefte erscheinen zweimal j\u00e4hrlich und ver\u00f6ffentlichen durchschnittlich f\u00fcnf Beitr\u00e4ge pro Ausgabe.<\/p>\n<p><strong><span style=\"color: #800000;\">Manuskriptrichtlinien<\/span><br \/>\n<\/strong><\/p>\n<p>Die Hinweise zur Erstellung von Beitr\u00e4gen k\u00f6nnen Sie als pdf-Datei <span style=\"color: #993300;\"><a title=\"Manuskriptrichtlinien\" href=\"https:\/\/suedosteuropaeische-hefte.org\/wp-content\/uploads\/2015\/05\/hinweise-zur-erstellung-von-beitrc3a4gen-sh.pdf\" target=\"_blank\" rel=\"noopener\"><span style=\"color: #993300;\"><strong>hie<\/strong><strong>r<\/strong><\/span><\/a><\/span> herunterladen.<\/p>\n<p><strong><span style=\"color: #800000;\">Manuscript guidelines<\/span><br \/>\n<\/strong><\/p>\n<p>Manuscript guidelines (in English) can be downloaded as a PDF-file <span style=\"color: #993300;\"><a href=\"https:\/\/suedosteuropaeische-hefte.org\/wp-content\/uploads\/2015\/05\/manuscript-guidelines.pdf\" target=\"_blank\" rel=\"noopener\"><span style=\"color: #993300;\"><strong>here<\/strong><\/span><\/a><\/span>.<\/p>\n<p>&nbsp;<\/p>\n<p style=\"text-align: justify;\"><strong>Schutz pers\u00f6nlicher Daten<\/strong><br \/>\nAuf der Seite dieser Zeitschrift eingetragene Namen und E-Mail-Adressen werden ausschlie\u00dflich zu den angegebenen Zwecken der Zeitschrift verwendet und werden zu keinem Zweck an Dritte weitergeleitet.<\/p>\n","protected":false},"excerpt":{"rendered":"<p>Hinweise zur Ver\u00f6ffentlichung Die eingereichten Beitr\u00e4ge werden im Rahmen eines redaktionellen Pr\u00fcf- und Begutachtungsverfahrens (editorial review) zur Publikation ausgew\u00e4hlt und redigiert. Alle durch die Redaktion vorgeschlagenen \u00c4nderungen werden in Absprache mit den Autor_innen vorgenommen. Die jeweils fertig redigierte Version des Beitrages wird erst nach der Autorisierung durch den\/die Autor_in ver\u00f6ffentlicht. Sowohl das Einreichen als auch &hellip; <a href=\"https:\/\/suedosteuropaeische-hefte.org\/?page_id=52\" class=\"more-link\"><span class=\"screen-reader-text\">F\u00fcr Autor_innen<\/span> weiterlesen <span class=\"meta-nav\">&rarr;<\/span><\/a><\/p>\n","protected":false},"author":1,"featured_media":0,"parent":0,"menu_order":2,"comment_status":"closed","ping_status":"closed","template":"","meta":{"footnotes":""},"class_list":["post-52","page","type-page","status-publish","hentry"],"_links":{"self":[{"href":"https:\/\/suedosteuropaeische-hefte.org\/index.php?rest_route=\/wp\/v2\/pages\/52","targetHints":{"allow":["GET"]}}],"collection":[{"href":"https:\/\/suedosteuropaeische-hefte.org\/index.php?rest_route=\/wp\/v2\/pages"}],"about":[{"href":"https:\/\/suedosteuropaeische-hefte.org\/index.php?rest_route=\/wp\/v2\/types\/page"}],"author":[{"embeddable":true,"href":"https:\/\/suedosteuropaeische-hefte.org\/index.php?rest_route=\/wp\/v2\/users\/1"}],"replies":[{"embeddable":true,"href":"https:\/\/suedosteuropaeische-hefte.org\/index.php?rest_route=%2Fwp%2Fv2%2Fcomments&post=52"}],"version-history":[{"count":1,"href":"https:\/\/suedosteuropaeische-hefte.org\/index.php?rest_route=\/wp\/v2\/pages\/52\/revisions"}],"predecessor-version":[{"id":954,"href":"https:\/\/suedosteuropaeische-hefte.org\/index.php?rest_route=\/wp\/v2\/pages\/52\/revisions\/954"}],"wp:attachment":[{"href":"https:\/\/suedosteuropaeische-hefte.org\/index.php?rest_route=%2Fwp%2Fv2%2Fmedia&parent=52"}],"curies":[{"name":"wp","href":"https:\/\/api.w.org\/{rel}","templated":true}]}}