{"id":563,"date":"2016-03-02T14:10:40","date_gmt":"2016-03-02T14:10:40","guid":{"rendered":"http:\/\/suedosteuropaeische-hefte.org\/?page_id=563"},"modified":"2016-03-13T11:02:08","modified_gmt":"2016-03-13T11:02:08","slug":"jg-1-nr-2","status":"publish","type":"page","link":"https:\/\/suedosteuropaeische-hefte.org\/?page_id=563","title":{"rendered":"Jg. 1, Nr. 2"},"content":{"rendered":"<p><span style=\"color: #800000;\"><strong><a style=\"color: #800000;\" title=\"Editorial\" href=\"\/\/suedosteuropaeischehefte.files.wordpress.com\/2012\/12\/sh_1_2_editorial.pdf\" target=\"_blank\">Editorial<\/a><\/strong><\/span><span style=\"color: #993300;\"><strong><a title=\"Download Volltext\" href=\"https:\/\/suedosteuropaeische-hefte.org\/wp-content\/uploads\/2012\/12\/suedosteuropaeische_hefte_2012_jg-1_nr-2.pdf\" target=\"_blank\"><img loading=\"lazy\" decoding=\"async\" class=\"wp-image-201 alignright\" src=\"https:\/\/suedosteuropaeische-hefte.org\/wp-content\/uploads\/2012\/12\/sh_1_2_cover.jpg?w=211\" alt=\"SH_1_2_cover\" width=\"135\" height=\"192\" srcset=\"https:\/\/suedosteuropaeische-hefte.org\/wp-content\/uploads\/2012\/12\/sh_1_2_cover.jpg 453w, https:\/\/suedosteuropaeische-hefte.org\/wp-content\/uploads\/2012\/12\/sh_1_2_cover-211x300.jpg 211w\" sizes=\"auto, (max-width: 135px) 100vw, 135px\" \/><\/a><\/strong><\/span><\/p>\n<p><span style=\"color: #800000;\"><strong>Aus der S\u00fcdosteuropaforschung<\/strong><\/span><\/p>\n<p style=\"padding-left: 30px;\"><strong>Hannes Grandits<\/strong><br \/>\n<span style=\"color: #800000;\"> <a style=\"color: #800000;\" title=\"Grandits\" href=\"https:\/\/suedosteuropaeische-hefte.org\/?page_id=834\"><strong>S\u00fcdosteurop\u00e4ische Geschichte als global verflochtene Regionalwissenschaft. Aktuelle Perspektiven des Berliner Wissenschaftsstandortes<\/strong><\/a><\/span><\/p>\n<p style=\"padding-left: 30px;\"><strong>Stefan Troebst<\/strong><br \/>\n<strong><span style=\"color: #800000;\"><a style=\"color: #800000;\" title=\"Troebst\" href=\"https:\/\/suedosteuropaeische-hefte.org\/?page_id=838\">\u201eS\u00fcdosteurop\u00e4ische Geschichte als gesonderte Disziplin\u201c.\u00a0Mathias Bernath in Berlin und M\u00fcnchen<\/a><\/span><br \/>\n<\/strong><\/p>\n<p style=\"padding-left: 30px;\"><strong>Marija Vulesica<\/strong><br \/>\n<strong><span style=\"color: #800000;\"><a style=\"color: #800000;\" title=\"Vulesica \" href=\"https:\/\/suedosteuropaeische-hefte.org\/?page_id=842\">\u201eMeine Erinnerungen sind so schrecklich.\u201c\u00a0Zum Tode der kroatischen Historikerin und schweigsamen Zeitzeugin Prof. Dr. Mirjana Gross<\/a><\/span><br \/>\n<\/strong><\/p>\n<p><span style=\"color: #800000;\"><strong>Beitr\u00e4ge<\/strong><\/span><\/p>\n<p style=\"padding-left: 30px;\"><strong>Jacob Venu\u00df<\/strong><br \/>\n<strong><span style=\"color: #800000;\"><a style=\"color: #800000;\" title=\"Venu\u00df\" href=\"https:\/\/suedosteuropaeische-hefte.org\/?page_id=846\">Wahlsystemwandel in S\u00fcdosteuropa. Zur Stabilit\u00e4t von Wahlsystemen im postsozialistischen Raum<\/a><\/span><br \/>\n<\/strong><\/p>\n<p style=\"padding-left: 30px;\"><strong>Tilmann Feltes<\/strong><br \/>\n<strong><span style=\"color: #800000;\"><a style=\"color: #800000;\" title=\"Feltes\" href=\"https:\/\/suedosteuropaeische-hefte.org\/?page_id=850\">Jugend und Demokratie. Die F\u00f6rderung der Partizipation Jugendlicher durch die internationale Gemeinschaft im Kosovo<\/a><\/span><br \/>\n<\/strong><\/p>\n<p style=\"padding-left: 30px;\"><strong>Andreas Guidi<\/strong><br \/>\n<strong><span style=\"color: #800000;\"><a style=\"color: #800000;\" title=\"Guidi\" href=\"https:\/\/suedosteuropaeische-hefte.org\/?page_id=854\">\u201eTraditionen im Transit\u201c. Deutung der lokalen Geschichte und Kategorisierungsprozesse am Beispiel von kulturpolitischen Institutionen im serbischen Sand\u017eak<\/a><\/span><br \/>\n<\/strong><\/p>\n<p style=\"padding-left: 30px;\"><strong>Eckehard Pistrick<\/strong><br \/>\n<strong><span style=\"color: #800000;\"><a style=\"color: #800000;\" title=\"Pistrick\" href=\"https:\/\/suedosteuropaeische-hefte.org\/?page_id=858\">Spatial Detachment \u2013 Emotional Detachment. Delocalizing and Instrumentalizing Local Musical Practice in the Communist Regimes of Southeastern Europe<\/a><\/span><br \/>\n<\/strong><\/p>\n<p><span style=\"color: #800000;\"><strong>Essays und Berichte<\/strong><\/span><\/p>\n<p style=\"padding-left: 30px;\"><strong>Heike Karge<\/strong><br \/>\n<strong><span style=\"color: #800000;\"><a style=\"color: #800000;\" title=\"Karge\" href=\"https:\/\/suedosteuropaeische-hefte.org\/?page_id=863\">Sozialf\u00fcrsorge und Gesundheit in Ost- und S\u00fcdosteuropa im langen 20. Jahrhundert<\/a><\/span><br \/>\n<\/strong><\/p>\n<p style=\"padding-left: 30px;\"><strong>Philipp Tybus<\/strong><br \/>\n<strong><span style=\"color: #800000;\"><a style=\"color: #800000;\" title=\"Tybus\" href=\"https:\/\/suedosteuropaeische-hefte.org\/?page_id=867\">Krieg(e) in Jugoslawien \u2013 Herausforderung f\u00fcr eine europ\u00e4ische Friedenskultur. Internationale Tagung: 29. November \u2013 1. Dezember 2011, Alpen-Adria Universit\u00e4t Klagenfurt<\/a><\/span><br \/>\n<\/strong><\/p>\n<p><span style=\"color: #800000;\"><strong>Rezensionen<\/strong><\/span><\/p>\n<p style=\"padding-left: 30px;\"><strong>Nata\u0161a Mi\u0161kovi\u0107<\/strong><br \/>\n<span style=\"color: #800000;\"><a style=\"color: #800000;\" title=\"Miskovic\" href=\"https:\/\/suedosteuropaeische-hefte.org\/?page_id=870\"><strong>Calic, Marie-Janine (2010): Geschichte Jugoslawiens im 20. Jahrhundert. M\u00fcnchen: C.H. Beck (Europ\u00e4ische Geschichte im 20. Jahrhundert), 415 Seiten,<br \/>\nISBN: 978-3-406-60645-8\u00a0<\/strong><\/a><\/span><\/p>\n<p style=\"padding-left: 30px;\"><strong>Stefanie R\u00e4mmler<\/strong><br \/>\n<span style=\"color: #993300;\"><span style=\"color: #800000;\"><a style=\"color: #800000;\" title=\"Raemmler\" href=\"https:\/\/suedosteuropaeische-hefte.org\/?page_id=874\"><strong>Gromes, Thorsten (2012): Ohne Staat und Nation ist keine Demokratie zu machen. Bosnien und Herzegowina, Kosovo und Makedonien nach den B\u00fcrgerkriegen. Baden Baden: Nomos (Studien der Hessischen Stiftung Friedens- und Konfliktforschung, 17), 256 Seiten, ISBN: 978-3-832-97330-8 <\/strong><\/a><\/span><strong>\u00a0<\/strong><\/span><strong>\u00a0\u00a0<\/strong><strong>\u00a0\u00a0<\/strong><strong>\u00a0\u00a0<\/strong><strong>\u00a0\u00a0<\/strong><strong>\u00a0\u00a0<\/strong><strong>\u00a0<\/strong><strong><br \/>\n<\/strong><\/p>\n<p style=\"padding-left: 30px;\"><strong>\u0110or\u0111e Tomi\u0107<\/strong><br \/>\n<span style=\"color: #993300;\"><span style=\"color: #800000;\"><a style=\"color: #800000;\" title=\"Tomic\" href=\"https:\/\/suedosteuropaeische-hefte.org\/?page_id=878\"><strong>Haselsteiner, Horst; Wastl-Walter, Doris (Hg.) (2011): Mosaik Europas. Die Vojvodina. Frankfurt am Main u.a.: Peter Lang Verlag, 217 S. ISBN 978-3-631-59123-9<\/strong><\/a><\/span>\u00a0<\/span><\/p>\n<p><span style=\"color: #800000;\"><a style=\"color: #800000;\" title=\"Neuerscheinung\" href=\"https:\/\/suedosteuropaeische-hefte.org\/wp-content\/uploads\/2012\/12\/sh_1_2_neuerscheinungen.pdf\" target=\"_blank\"><strong>Neuerscheinungen<\/strong><\/a><strong>\u00a0\u00a0 \u00a0<\/strong><\/span><\/p>\n<p><span style=\"color: #800000;\"><a style=\"color: #800000;\" title=\"Autor_innen\" href=\"https:\/\/suedosteuropaeische-hefte.org\/?page_id=881\"><strong>Autor_innen<\/strong><\/a><\/span><\/p>\n<p><strong><span style=\"color: #800000;\"><a style=\"color: #800000;\" title=\"SH_1_2\" href=\"https:\/\/suedosteuropaeische-hefte.org\/wp-content\/uploads\/2012\/12\/suedosteuropaeische_hefte_2012_jg-1_nr-2.pdf\" target=\"_blank\">D o w n l o a d<\/a><\/span>\u00a0 der\u00a0 gesamten Ausgabe als pdf-Datei. <a title=\"SH_1_2\" href=\"https:\/\/suedosteuropaeische-hefte.org\/wp-content\/uploads\/2012\/12\/suedosteuropaeische_hefte_2012_jg-1_nr-2.pdf\" target=\"_blank\"><img loading=\"lazy\" decoding=\"async\" title=\"pdf\" src=\"https:\/\/suedosteuropaeische-hefte.org\/wp-content\/uploads\/2012\/09\/pdf.png\" alt=\"\" width=\"30\" height=\"32\" \/><\/a><\/strong><\/p>\n<p>&nbsp;<\/p>\n<p><img loading=\"lazy\" decoding=\"async\" src=\"http:\/\/vg08.met.vgwort.de\/na\/f29ac89a62494d65ac918bcf664c043b\" alt=\"\" width=\"1\" height=\"1\" \/><\/p>\n","protected":false},"excerpt":{"rendered":"<p>Editorial Aus der S\u00fcdosteuropaforschung Hannes Grandits S\u00fcdosteurop\u00e4ische Geschichte als global verflochtene Regionalwissenschaft. Aktuelle Perspektiven des Berliner Wissenschaftsstandortes Stefan Troebst \u201eS\u00fcdosteurop\u00e4ische Geschichte als gesonderte Disziplin\u201c.\u00a0Mathias Bernath in Berlin und M\u00fcnchen Marija Vulesica \u201eMeine Erinnerungen sind so schrecklich.\u201c\u00a0Zum Tode der kroatischen Historikerin und schweigsamen Zeitzeugin Prof. Dr. Mirjana Gross Beitr\u00e4ge Jacob Venu\u00df Wahlsystemwandel in S\u00fcdosteuropa. Zur Stabilit\u00e4t &hellip; <a href=\"https:\/\/suedosteuropaeische-hefte.org\/?page_id=563\" class=\"more-link\"><span class=\"screen-reader-text\">Jg. 1, Nr. 2<\/span> weiterlesen <span class=\"meta-nav\">&rarr;<\/span><\/a><\/p>\n","protected":false},"author":1,"featured_media":0,"parent":523,"menu_order":5,"comment_status":"closed","ping_status":"closed","template":"","meta":{"footnotes":""},"class_list":["post-563","page","type-page","status-publish","hentry"],"_links":{"self":[{"href":"https:\/\/suedosteuropaeische-hefte.org\/index.php?rest_route=\/wp\/v2\/pages\/563","targetHints":{"allow":["GET"]}}],"collection":[{"href":"https:\/\/suedosteuropaeische-hefte.org\/index.php?rest_route=\/wp\/v2\/pages"}],"about":[{"href":"https:\/\/suedosteuropaeische-hefte.org\/index.php?rest_route=\/wp\/v2\/types\/page"}],"author":[{"embeddable":true,"href":"https:\/\/suedosteuropaeische-hefte.org\/index.php?rest_route=\/wp\/v2\/users\/1"}],"replies":[{"embeddable":true,"href":"https:\/\/suedosteuropaeische-hefte.org\/index.php?rest_route=%2Fwp%2Fv2%2Fcomments&post=563"}],"version-history":[{"count":2,"href":"https:\/\/suedosteuropaeische-hefte.org\/index.php?rest_route=\/wp\/v2\/pages\/563\/revisions"}],"predecessor-version":[{"id":885,"href":"https:\/\/suedosteuropaeische-hefte.org\/index.php?rest_route=\/wp\/v2\/pages\/563\/revisions\/885"}],"up":[{"embeddable":true,"href":"https:\/\/suedosteuropaeische-hefte.org\/index.php?rest_route=\/wp\/v2\/pages\/523"}],"wp:attachment":[{"href":"https:\/\/suedosteuropaeische-hefte.org\/index.php?rest_route=%2Fwp%2Fv2%2Fmedia&parent=563"}],"curies":[{"name":"wp","href":"https:\/\/api.w.org\/{rel}","templated":true}]}}