{"id":566,"date":"2013-11-01T14:11:33","date_gmt":"2013-11-01T14:11:33","guid":{"rendered":"http:\/\/suedosteuropaeische-hefte.org\/?page_id=566"},"modified":"2016-03-09T20:35:12","modified_gmt":"2016-03-09T20:35:12","slug":"jg-2-nr-1","status":"publish","type":"page","link":"https:\/\/suedosteuropaeische-hefte.org\/?page_id=566","title":{"rendered":"Jg. 2, Nr. 1"},"content":{"rendered":"<p><span style=\"color: #800000;\"><a style=\"color: #800000;\" title=\"Editorial\" href=\"https:\/\/suedosteuropaeische-hefte.org\/wp-content\/uploads\/2013\/10\/editorial_sh_2_1.pdf\" target=\"_blank\"><strong>Editorial<\/strong><\/a><a title=\"SH Jg. 2 Nr. 1\" href=\"https:\/\/suedosteuropaeische-hefte.org\/wp-content\/uploads\/2013\/12\/suedosteuropaeische_hefte_jg-2_nr-1.pdf\" target=\"_blank\"><img loading=\"lazy\" decoding=\"async\" class=\"size-thumbnail wp-image-270 alignright\" src=\"https:\/\/suedosteuropaeische-hefte.org\/wp-content\/uploads\/2013\/10\/sh_2_1.jpg?w=105\" alt=\"SH_2_1\" width=\"105\" height=\"150\" srcset=\"https:\/\/suedosteuropaeische-hefte.org\/wp-content\/uploads\/2013\/10\/sh_2_1.jpg 419w, https:\/\/suedosteuropaeische-hefte.org\/wp-content\/uploads\/2013\/10\/sh_2_1-212x300.jpg 212w\" sizes=\"auto, (max-width: 105px) 100vw, 105px\" \/><\/a><\/span><\/p>\n<p><span style=\"color: #800000;\"><strong>Thema<\/strong><\/span><\/p>\n<p style=\"padding-left: 30px; text-align: left;\"><strong>Marija Vulesica<\/strong><br \/>\n<span style=\"color: #800000;\"><a title=\"Vulesica\" href=\"https:\/\/suedosteuropaeische-hefte.org\/?page_id=752\"><span style=\"color: #800000;\"><strong>Antisemitismus in S\u00fcdosteuropa. Defizite und Herausforderungen eines vernachl\u00e4ssigten Forschungsgegenstandes<\/strong><\/span><\/a><\/span><\/p>\n<p style=\"padding-left: 30px; text-align: left;\"><strong>Angelique Marie Koumanoudi<\/strong><br \/>\n<strong><span style=\"color: #800000;\"><a title=\"Koumanoudi\" href=\"https:\/\/suedosteuropaeische-hefte.org\/?page_id=757\"><span style=\"color: #800000;\">Jews and Greek Folk Songs<\/span><\/a><\/span><br \/>\n<\/strong><\/p>\n<p style=\"padding-left: 30px; text-align: left;\"><strong>Ferenc Lacz\u00f3<\/strong><br \/>\n<strong><span style=\"color: #800000;\"><a title=\"Laczo\" href=\"https:\/\/suedosteuropaeische-hefte.org\/?page_id=762\"><span style=\"color: #800000;\">Antisemitism Contested. The Emergence, Meanings and Uses of a Hungarian Key Concept<\/span><\/a><\/span><br \/>\n<\/strong><\/p>\n<p style=\"padding-left: 30px; text-align: left;\"><strong><strong>Eszter B. Gantner<\/strong><br \/>\n<span style=\"color: #800000;\"><a title=\"Gantner\" href=\"https:\/\/suedosteuropaeische-hefte.org\/?page_id=766\"><span style=\"color: #800000;\"><strong>\u201cHe is ugly and a Jew!\u201c The Hungarian Socialist Workers\u2019 Party and the Hungarian Jewish Community in the 1960s and 1970s<\/strong><\/span><\/a><\/span><\/strong><\/p>\n<p style=\"padding-left: 30px; text-align: left;\"><strong>Magdalena Marsovszky<\/strong><br \/>\n<span style=\"color: #800000;\"><a title=\"Marsovszky\" href=\"https:\/\/suedosteuropaeische-hefte.org\/?page_id=773\"><span style=\"color: #800000;\"><strong>Die \u201eT\u00e4ter-Opfer-Umkehr\u201c \u2013 der Antisemitismus der politischen Mitte. Gedenken an die ungarischen Verb\u00fcndeten der Waffen-SS am \u201eTag der Ehre\u201c und am Tag der \u201eSchlacht um Budapest\u201c<\/strong><\/span><\/a><\/span><\/p>\n<p><span style=\"color: #800000;\"><strong>Aus der S\u00fcdosteuropaforschung<\/strong><\/span><\/p>\n<p style=\"padding-left: 30px; text-align: left;\"><strong>Holm Sundhaussen<\/strong><br \/>\n<strong><span style=\"color: #800000;\"><a title=\"Sundhaussen\" href=\"https:\/\/suedosteuropaeische-hefte.org\/?page_id=776\"><span style=\"color: #800000;\">Zum Tode Natalija Ba\u0161i\u0107s<\/span><\/a><\/span><br \/>\n<\/strong><\/p>\n<p style=\"padding-left: 30px; text-align: left;\"><strong>Karl Kaser<\/strong><br \/>\n<strong><span style=\"color: #800000;\"><a title=\"Kaser\" href=\"https:\/\/suedosteuropaeische-hefte.org\/?page_id=780\"><span style=\"color: #800000;\">Text und Bild \u2013 bleibt die S\u00fcdosteuropaforschung auf einem Auge blind?<\/span><\/a><\/span><br \/>\n<\/strong><\/p>\n<p><span style=\"color: #800000;\"><strong>Beitr\u00e4ge<\/strong><\/span><\/p>\n<p style=\"padding-left: 30px; text-align: left;\"><strong>Nikola Tomi\u0107<\/strong><br \/>\n<strong><span style=\"color: #800000;\"><a title=\"Nikola Tomic\" href=\"https:\/\/suedosteuropaeische-hefte.org\/?page_id=783\"><span style=\"color: #800000;\">When the carrot is not sweet enough. Conditionality versus norms as modes of EU influence on Serbia\u2019s foreign policy<\/span><\/a><\/span><br \/>\n<\/strong><\/p>\n<p style=\"padding-left: 30px; text-align: left;\"><strong><strong>Stefan Troebst<\/strong><br \/>\n<span style=\"color: #800000;\"><a title=\"Troebst\" href=\"https:\/\/suedosteuropaeische-hefte.org\/?page_id=790\"><span style=\"color: #800000;\"><strong>Macedonian Historiography on the Holocaust in Macedonia under Bulgarian Occupation<\/strong><\/span><\/a><\/span><\/strong><\/p>\n<p style=\"padding-left: 30px; text-align: left;\"><strong>S\u00fcdost-Fachschaft Regensburg<\/strong><br \/>\n<strong><a title=\"S\u00fcdost-Fachschaft Regensburg\" href=\"https:\/\/suedosteuropaeische-hefte.org\/?page_id=800\"><span style=\"color: #800000;\"><span style=\"color: #800000;\">Bericht zur Ringvorlesung \u201eAktuelle Konfliktlagen in S\u00fcdosteuropa\u201c, Regensburg <\/span><\/span><span style=\"color: #800000;\"><span style=\"color: #800000;\">Wintersemester 2012\/2013<\/span><\/span><\/a><br \/>\n<\/strong><\/p>\n<p style=\"padding-left: 30px; text-align: left;\"><strong>Martina Powell und Idrit Idrizi<\/strong><br \/>\n<strong><span style=\"color: #800000;\"><a title=\"Powell Idrizi\" href=\"https:\/\/suedosteuropaeische-hefte.org\/?page_id=796\"><span style=\"color: #800000;\">Tagungsbericht: \u201eHomogenizing Southeastern Europe. Balkan Wars, Ethnic Cleansing and Postwar Ethnic Engineering since 1912\u201d, Wien, 08.-10.11.2012<\/span><\/a><\/span><br \/>\n<\/strong><\/p>\n<p><span style=\"color: #800000;\"><strong>Rezensionen<\/strong><\/span><\/p>\n<p style=\"padding-left: 30px; text-align: left;\"><strong>Klaus Buchenau<\/strong><br \/>\n<strong><span style=\"color: #800000;\"><a title=\"Buchenau\" href=\"https:\/\/suedosteuropaeische-hefte.org\/?page_id=805\"><span style=\"color: #800000;\"><strong>Grigore, Mihai-D.; Dinu, Radu Harald; \u017divojinovi\u0107, Marc (Hg.) (2012): Herrschaft in S\u00fcdosteuropa. Kultur- und sozialwissenschaftliche Perspektiven. G\u00f6ttingen: Vandenhoeck &amp; Ruprecht, 328 Seiten, ISBN 978-3-89971-871-3<\/strong><\/span><\/a><\/span>\u00a0<\/strong><\/p>\n<p style=\"padding-left: 30px; text-align: left;\"><strong>Krunoslav Stojakovi\u0107<\/strong><br \/>\n<span style=\"color: #800000;\"><strong><a title=\"Stojakovic\" href=\"https:\/\/suedosteuropaeische-hefte.org\/?page_id=808\"><span style=\"color: #800000;\">Kirn, Gal; Sekuli\u0107, Dubravka; Testen, \u017diga (Hg.) (2012): Surfing the Black. Yugoslav Black Wave Cinema and Its Transgressive Moments. Maastricht: Jan van Eyck Academie, 214 Seiten, ISBN 978-90-72076-51-9<\/span><\/a>\u00a0<\/strong> <strong><br \/>\n<\/strong><\/span><\/p>\n<p style=\"padding-left: 30px; text-align: left;\"><strong>Brigita Malenica<\/strong><br \/>\n<span style=\"color: #800000;\"><a title=\"Malenica\" href=\"https:\/\/suedosteuropaeische-hefte.org\/?page_id=812\"><span style=\"color: #800000;\"><strong>Emilija Man\u010di\u0107 (2012): Umbruch und Identit\u00e4tszerfall. Narrative Jugoslawiens im europ\u00e4ischen Kontext. T\u00fcbingen: Francke Verlag (Kultur \u2013 Herrschaft \u2013 Differenz 15), 194 Seiten, ISBN 978-3-7720-8466-9<\/strong><\/span><\/a><\/span><\/p>\n<p style=\"padding-left: 30px; text-align: left;\"><strong>\u0110or\u0111e Tomi\u0107<\/strong><br \/>\n<span style=\"color: #800000;\"><a title=\"Dorde Tomic\" href=\"https:\/\/suedosteuropaeische-hefte.org\/?page_id=815\"><span style=\"color: #800000;\"><strong>Bili\u0107, Bojan; Jankovi\u0107, Vesna (eds.) (2012): Resisting the Evil. [Post-]Yugoslav Anti-War Contention. Baden-Baden: Nomos (Southeast European Integration Perspectives, 7), 288 Seiten, ISBN 978-3-8329-7208-0; Bili\u0107, Bojan (2012): We Were Gasping for Air. [Post-]Yugoslav Anti-War Activism and Its Legacy. Baden-Baden: Nomos (Southeast European Integration Perspectives, 8), 223 Seiten, ISBN 978-3-8329-7806-8<\/strong><\/span><\/a><\/span><\/p>\n<p><span style=\"color: #800000;\"><a title=\"Neuerscheinungen\" href=\"https:\/\/suedosteuropaeische-hefte.org\/wp-content\/uploads\/2013\/11\/neuerscheinungen_sh_2_1.pdf\" target=\"_blank\"><span style=\"color: #800000;\"><strong>Neuerscheinungen<\/strong><\/span><\/a><strong>\u00a0\u00a0 \u00a0<\/strong><\/span><\/p>\n<p><a title=\"Autor_innen\" href=\"https:\/\/suedosteuropaeische-hefte.org\/?page_id=826\"><span style=\"color: #800000;\"><strong>Autor_innen<\/strong><\/span><\/a><\/p>\n<p><strong><span style=\"color: #800000;\"><a title=\"SH Jg. 2 Nr. 1\" href=\"https:\/\/suedosteuropaeische-hefte.org\/wp-content\/uploads\/2013\/12\/suedosteuropaeische_hefte_jg-2_nr-1.pdf\" target=\"_blank\"><span style=\"color: #800000;\">D o w n l o a d<\/span><\/a><\/span>\u00a0 der\u00a0 gesamten Ausgabe als pdf-Datei. <a title=\"SH Jg. 2 Nr. 1\" href=\"https:\/\/suedosteuropaeische-hefte.org\/wp-content\/uploads\/2013\/12\/suedosteuropaeische_hefte_jg-2_nr-1.pdf\" target=\"_blank\"><img loading=\"lazy\" decoding=\"async\" title=\"pdf\" src=\"https:\/\/suedosteuropaeische-hefte.org\/wp-content\/uploads\/2012\/09\/pdf.png?w=30&amp;h=32\" alt=\"\" width=\"30\" height=\"32\" \/><\/a><\/strong><\/p>\n","protected":false},"excerpt":{"rendered":"<p>Editorial Thema Marija Vulesica Antisemitismus in S\u00fcdosteuropa. Defizite und Herausforderungen eines vernachl\u00e4ssigten Forschungsgegenstandes Angelique Marie Koumanoudi Jews and Greek Folk Songs Ferenc Lacz\u00f3 Antisemitism Contested. The Emergence, Meanings and Uses of a Hungarian Key Concept Eszter B. Gantner \u201cHe is ugly and a Jew!\u201c The Hungarian Socialist Workers\u2019 Party and the Hungarian Jewish Community in &hellip; <a href=\"https:\/\/suedosteuropaeische-hefte.org\/?page_id=566\" class=\"more-link\"><span class=\"screen-reader-text\">Jg. 2, Nr. 1<\/span> weiterlesen <span class=\"meta-nav\">&rarr;<\/span><\/a><\/p>\n","protected":false},"author":1,"featured_media":0,"parent":523,"menu_order":4,"comment_status":"closed","ping_status":"closed","template":"","meta":{"footnotes":""},"class_list":["post-566","page","type-page","status-publish","hentry"],"_links":{"self":[{"href":"https:\/\/suedosteuropaeische-hefte.org\/index.php?rest_route=\/wp\/v2\/pages\/566","targetHints":{"allow":["GET"]}}],"collection":[{"href":"https:\/\/suedosteuropaeische-hefte.org\/index.php?rest_route=\/wp\/v2\/pages"}],"about":[{"href":"https:\/\/suedosteuropaeische-hefte.org\/index.php?rest_route=\/wp\/v2\/types\/page"}],"author":[{"embeddable":true,"href":"https:\/\/suedosteuropaeische-hefte.org\/index.php?rest_route=\/wp\/v2\/users\/1"}],"replies":[{"embeddable":true,"href":"https:\/\/suedosteuropaeische-hefte.org\/index.php?rest_route=%2Fwp%2Fv2%2Fcomments&post=566"}],"version-history":[{"count":3,"href":"https:\/\/suedosteuropaeische-hefte.org\/index.php?rest_route=\/wp\/v2\/pages\/566\/revisions"}],"predecessor-version":[{"id":832,"href":"https:\/\/suedosteuropaeische-hefte.org\/index.php?rest_route=\/wp\/v2\/pages\/566\/revisions\/832"}],"up":[{"embeddable":true,"href":"https:\/\/suedosteuropaeische-hefte.org\/index.php?rest_route=\/wp\/v2\/pages\/523"}],"wp:attachment":[{"href":"https:\/\/suedosteuropaeische-hefte.org\/index.php?rest_route=%2Fwp%2Fv2%2Fmedia&parent=566"}],"curies":[{"name":"wp","href":"https:\/\/api.w.org\/{rel}","templated":true}]}}