{"id":569,"date":"2014-08-27T17:17:28","date_gmt":"2014-08-27T17:17:28","guid":{"rendered":"http:\/\/suedosteuropaeische-hefte.org\/?page_id=569"},"modified":"2016-03-05T17:33:28","modified_gmt":"2016-03-05T17:33:28","slug":"jg-3-nr-1","status":"publish","type":"page","link":"https:\/\/suedosteuropaeische-hefte.org\/?page_id=569","title":{"rendered":"Jg. 3, Nr. 1"},"content":{"rendered":"<p><span style=\"color: #800000;\"><a style=\"color: #800000;\" title=\"Editorial\" href=\"https:\/\/suedosteuropaeische-hefte.org\/wp-content\/uploads\/2014\/08\/sh_3_1_editorial.pdf\" target=\"_blank\"><strong>Editorial<\/strong><\/a><strong><a title=\"Gesamte Ausgabe\" href=\"https:\/\/suedosteuropaeische-hefte.org\/wp-content\/uploads\/2014\/08\/sh_3_1_full1.pdf\" target=\"_blank\"><img loading=\"lazy\" decoding=\"async\" class=\"alignright size-thumbnail wp-image-311\" src=\"https:\/\/suedosteuropaeische-hefte.org\/wp-content\/uploads\/2014\/08\/sh_3_1_titel.jpg?w=105\" alt=\"SH_3_1_Titel\" width=\"105\" height=\"150\" srcset=\"https:\/\/suedosteuropaeische-hefte.org\/wp-content\/uploads\/2014\/08\/sh_3_1_titel.jpg 1134w, https:\/\/suedosteuropaeische-hefte.org\/wp-content\/uploads\/2014\/08\/sh_3_1_titel-211x300.jpg 211w, https:\/\/suedosteuropaeische-hefte.org\/wp-content\/uploads\/2014\/08\/sh_3_1_titel-721x1024.jpg 721w\" sizes=\"auto, (max-width: 105px) 100vw, 105px\" \/><\/a><\/strong><\/span><\/p>\n<p><span style=\"color: #800000;\"><strong>Thema: Das \u201epostjugoslawische Berlin\u201c<br \/>\n<\/strong><\/span><\/p>\n<p style=\"padding-left: 30px; text-align: left;\"><strong>Ru\u017ea Fotiadis<\/strong><br \/>\n<span style=\"color: #800000;\"><a style=\"color: #800000;\" title=\"Der Balkan im Kochtopf. Essen und Ethnizit\u00e4t, Konsum und Kultur am K\u00fcchentisch\" href=\"https:\/\/suedosteuropaeische-hefte.org\/?page_id=657\"><strong>Der Balkan im Kochtopf. Essen und Ethnizit\u00e4t, Konsum und Kultur am K\u00fcchentisch<\/strong><\/a><\/span><\/p>\n<p style=\"padding-left: 30px; text-align: left;\"><strong>Vladimir Ivanovi\u0107<\/strong><br \/>\n<strong><span style=\"color: #800000;\"><a style=\"color: #800000;\" title=\"Die jugoslawischen Fabriken guten Geschmacks\" href=\"https:\/\/suedosteuropaeische-hefte.org\/?page_id=663\">Die jugoslawischen Fabriken guten Geschmacks<\/a><\/span><br \/>\n<\/strong><\/p>\n<p style=\"padding-left: 30px; text-align: left;\"><strong>Matthias Thaden<\/strong><br \/>\n<strong><span style=\"color: #800000;\"><a style=\"color: #800000;\" title=\"Berichte von der \u201ebau\u0161tela duha\u201c. Die kroatische katholische Mission in Berlin zwischen Seelsorge und Identit\u00e4tsstiftung\" href=\"https:\/\/suedosteuropaeische-hefte.org\/?page_id=671\">Berichte von der \u201ebau\u0161tela duha\u201c. Die kroatische katholische Mission in Berlin zwischen Seelsorge und Identit\u00e4tsstiftung<\/a><\/span><br \/>\n<\/strong><\/p>\n<p style=\"padding-left: 30px; text-align: left;\"><strong><strong>Amir Duranovi\u0107<\/strong><br \/>\n<span style=\"color: #800000;\"><a style=\"color: #800000;\" title=\"Das religi\u00f6se Leben der \u201eGastarbeiter\u201c aus Bosnien-Herzegowina in Deutschland in den 1970er und 1980er Jahren\" href=\"https:\/\/suedosteuropaeische-hefte.org\/?page_id=677\"><strong>Das religi\u00f6se Leben der \u201eGastarbeiter\u201c aus Bosnien-Herzegowina in Deutschland in den 1970er und 1980er Jahren<\/strong><\/a><\/span><\/strong><\/p>\n<p style=\"padding-left: 30px; text-align: left;\"><strong>Edda Heyken<\/strong><br \/>\n<span style=\"color: #800000;\"><a style=\"color: #800000;\" title=\"\u201eDas ist ein Traum, der fast zwanzig Jahre dauert\u201c. \u00dcber die Suche nach individuellen Erinnerungsformen bosnisch-herzegowinischer Frauen und M\u00e4nner in Berlin zum Umgang mit den Erfahrungen von Krieg, Flucht und Unsicherheit\" href=\"https:\/\/suedosteuropaeische-hefte.org\/?page_id=682\"><strong>\u201eDas ist ein Traum, der fast zwanzig Jahre dauert\u201c. \u00dcber die Suche nach individuellen Erinnerungsformen bosnisch-herzegowinischer Frauen und M\u00e4nner in Berlin zum Umgang mit den Erfahrungen von Krieg, Flucht und Unsicherheit<\/strong><\/a><\/span><\/p>\n<p style=\"padding-left: 30px; text-align: left;\"><strong>Matthias Thaden und Alexander Praetz<\/strong><br \/>\n<span style=\"color: #800000;\"><a style=\"color: #800000;\" title=\" Turbofolk reconsidered. Some thoughts on migration and the appropriation of music in early 1990s Berlin\" href=\"https:\/\/suedosteuropaeische-hefte.org\/?page_id=691\"> <strong>Turbofolk reconsidered. Some thoughts on migration and the appropriation of music in early 1990s Berlin<\/strong><\/a><\/span><\/p>\n<p><span style=\"color: #800000;\"><strong>Aus der S\u00fcdosteuropaforschung<\/strong><\/span><\/p>\n<p style=\"padding-left: 30px; text-align: left;\"><strong>Vladimir Ivanovi\u0107<\/strong><br \/>\n<strong><span style=\"color: #800000;\"><a style=\"color: #800000;\" title=\"Miroslav Jovanovi\u0107 in memoriam\" href=\"https:\/\/suedosteuropaeische-hefte.org\/?page_id=697\">Miroslav Jovanovi\u0107 <em>in memoriam<\/em><\/a><\/span><br \/>\n<\/strong><\/p>\n<p><span style=\"color: #800000;\"><strong>Beitr\u00e4ge<\/strong><\/span><\/p>\n<p style=\"padding-left: 30px; text-align: left;\"><strong>\u0110or\u0111e Tomi\u0107<\/strong><br \/>\n<strong><span style=\"color: #800000;\"><a style=\"color: #800000;\" title=\"All that Folk. Wissenschaftliche Untersuchungen und Repr\u00e4sentationen der Folk-Musik im (post-) jugoslawischen Raum\" href=\"https:\/\/suedosteuropaeische-hefte.org\/?page_id=701\">All that Folk. Wissenschaftliche Untersuchungen und Repr\u00e4sentationen der Folk-Musik im (post-) jugoslawischen Raum<\/a><\/span><br \/>\n<\/strong><\/p>\n<p style=\"padding-left: 30px; text-align: left;\"><strong><strong>Janis Nalbadidacis<\/strong><br \/>\n<span style=\"color: #800000;\"><a style=\"color: #800000;\" title=\"\u201eRevolutions in the Balkans. Revolts and Uprisings in the Era of Nationalism (1804-1908)\u201c, Athen, 31.10-02.11.2013. Tagungsbericht\" href=\"https:\/\/suedosteuropaeische-hefte.org\/?page_id=711\"><strong>\u201eRevolutions in the Balkans. Revolts and Uprisings in the Era of Nationalism (1804-1908)\u201c, Athen, 31.10-02.11.2013. Tagungsbericht<\/strong><\/a><\/span><\/strong><\/p>\n<p style=\"padding-left: 30px; text-align: left;\"><strong>Andreas Guidi<\/strong><br \/>\n<strong><span style=\"color: #800000;\"><a style=\"color: #800000;\" title=\" Forschungsexkursion \u201eGrad na trome\u0111i: Karlovac, Biha\u0107, Zadar \u2013 Iskustva Granice\u201c, Kroatien und Bosnien-Herzegowina, 23-28. September 2013. Exkursionsbericht\" href=\"https:\/\/suedosteuropaeische-hefte.org\/?page_id=717\">Forschungsexkursion \u201eGrad na trome\u0111i: Karlovac, Biha\u0107, Zadar \u2013 Iskustva Granice\u201c, Kroatien und Bosnien-Herzegowina, 23-28. September 2013. Exkursionsbericht<\/a><\/span><br \/>\n<\/strong><\/p>\n<p style=\"padding-left: 30px; text-align: left;\"><strong>Dario Brentin<\/strong><br \/>\n<strong><span style=\"color: #800000;\"><a style=\"color: #800000;\" title=\"\u201cFootball in Southeastern Europe: From Homogenization to Reconciliation\u201d, London, 11.11.2013. Workshop review\" href=\"https:\/\/suedosteuropaeische-hefte.org\/?page_id=722\">\u201cFootball in Southeastern Europe: From Homogenization to Reconciliation\u201d, London, 11.11.2013. Workshop review<\/a><\/span><br \/>\n<\/strong><\/p>\n<p style=\"padding-left: 30px; text-align: left;\"><strong>Robert Lu\u010di\u0107<\/strong><br \/>\n<span style=\"color: #800000;\"><a style=\"color: #800000;\" title=\" \u201eS\u00fcdosteuropa \u2013 Eine Region im Umbruch \/ Europe du Sud-est \u2013 Une r\u00e9gion en bouleversement. Aktuelle Ans\u00e4tze der franz\u00f6sisch-deutschen S\u00fcdosteuropaforschung\u201d, Paris, 20.-21.03.2014. Workshopbericht\" href=\"https:\/\/suedosteuropaeische-hefte.org\/?page_id=726\"> <strong>\u201eS\u00fcdosteuropa \u2013 Eine Region im Umbruch \/ Europe du Sud-est \u2013 Une r\u00e9gion en bouleversement. Aktuelle Ans\u00e4tze der franz\u00f6sisch-deutschen S\u00fcdosteuropaforschung\u201d, Paris, 20.-21.03.2014. Workshopbericht<\/strong><\/a><\/span><\/p>\n<p><span style=\"color: #800000;\"><a style=\"color: #800000;\" title=\"Neuerscheinungen\" href=\"https:\/\/suedosteuropaeische-hefte.org\/wp-content\/uploads\/2014\/08\/sh_3_1_neuerscheinungen.pdf\" target=\"_blank\"><strong>Neuerscheinungen<\/strong><\/a><strong>\u00a0\u00a0 \u00a0<\/strong><\/span><\/p>\n<p><span style=\"color: #800000;\"><a style=\"color: #800000;\" title=\"Autor_innen\" href=\"https:\/\/suedosteuropaeische-hefte.org\/?page_id=732\"><strong>Autor_innen<\/strong><\/a><\/span><\/p>\n<p><strong><span style=\"color: #800000;\"><a style=\"color: #800000;\" title=\"Gesamte Ausgabe\" href=\"https:\/\/suedosteuropaeische-hefte.org\/wp-content\/uploads\/2014\/08\/sh_3_1_full1.pdf\" target=\"_blank\">D o w n l o a d<\/a><\/span>\u00a0 der\u00a0 gesamten Ausgabe als pdf-Datei. <\/strong><a title=\"Gesamte Ausgabe\" href=\"https:\/\/suedosteuropaeische-hefte.org\/wp-content\/uploads\/2014\/08\/sh_3_1_full1.pdf\" target=\"_blank\"><img loading=\"lazy\" decoding=\"async\" class=\"alignnone\" title=\"Gesamte Ausgabe\" src=\"https:\/\/suedosteuropaeische-hefte.org\/wp-content\/uploads\/2012\/09\/pdf.png?w=30&amp;h=32\" alt=\"\" width=\"30\" height=\"32\" \/><\/a><\/p>\n","protected":false},"excerpt":{"rendered":"<p>Editorial Thema: Das \u201epostjugoslawische Berlin\u201c Ru\u017ea Fotiadis Der Balkan im Kochtopf. Essen und Ethnizit\u00e4t, Konsum und Kultur am K\u00fcchentisch Vladimir Ivanovi\u0107 Die jugoslawischen Fabriken guten Geschmacks Matthias Thaden Berichte von der \u201ebau\u0161tela duha\u201c. Die kroatische katholische Mission in Berlin zwischen Seelsorge und Identit\u00e4tsstiftung Amir Duranovi\u0107 Das religi\u00f6se Leben der \u201eGastarbeiter\u201c aus Bosnien-Herzegowina in Deutschland in &hellip; <a href=\"https:\/\/suedosteuropaeische-hefte.org\/?page_id=569\" class=\"more-link\"><span class=\"screen-reader-text\">Jg. 3, Nr. 1<\/span> weiterlesen <span class=\"meta-nav\">&rarr;<\/span><\/a><\/p>\n","protected":false},"author":1,"featured_media":0,"parent":523,"menu_order":3,"comment_status":"closed","ping_status":"closed","template":"","meta":{"footnotes":""},"class_list":["post-569","page","type-page","status-publish","hentry"],"_links":{"self":[{"href":"https:\/\/suedosteuropaeische-hefte.org\/index.php?rest_route=\/wp\/v2\/pages\/569","targetHints":{"allow":["GET"]}}],"collection":[{"href":"https:\/\/suedosteuropaeische-hefte.org\/index.php?rest_route=\/wp\/v2\/pages"}],"about":[{"href":"https:\/\/suedosteuropaeische-hefte.org\/index.php?rest_route=\/wp\/v2\/types\/page"}],"author":[{"embeddable":true,"href":"https:\/\/suedosteuropaeische-hefte.org\/index.php?rest_route=\/wp\/v2\/users\/1"}],"replies":[{"embeddable":true,"href":"https:\/\/suedosteuropaeische-hefte.org\/index.php?rest_route=%2Fwp%2Fv2%2Fcomments&post=569"}],"version-history":[{"count":14,"href":"https:\/\/suedosteuropaeische-hefte.org\/index.php?rest_route=\/wp\/v2\/pages\/569\/revisions"}],"predecessor-version":[{"id":736,"href":"https:\/\/suedosteuropaeische-hefte.org\/index.php?rest_route=\/wp\/v2\/pages\/569\/revisions\/736"}],"up":[{"embeddable":true,"href":"https:\/\/suedosteuropaeische-hefte.org\/index.php?rest_route=\/wp\/v2\/pages\/523"}],"wp:attachment":[{"href":"https:\/\/suedosteuropaeische-hefte.org\/index.php?rest_route=%2Fwp%2Fv2%2Fmedia&parent=569"}],"curies":[{"name":"wp","href":"https:\/\/api.w.org\/{rel}","templated":true}]}}