{"id":617,"date":"2015-04-12T19:18:32","date_gmt":"2015-04-12T19:18:32","guid":{"rendered":"http:\/\/suedosteuropaeische-hefte.org\/?p=617"},"modified":"2016-03-05T18:31:12","modified_gmt":"2016-03-05T18:31:12","slug":"holger-raschke-jugoslawien-in-der-kurve-repraesentationen-des-sozialistischen-jugoslawiens-als-politischer-bestandteil-der-fussballfankultur-im-post-jugoslawischen-raum","status":"publish","type":"page","link":"https:\/\/suedosteuropaeische-hefte.org\/?page_id=617","title":{"rendered":"Holger Raschke: Jugoslawien in der Kurve. Repr\u00e4sentationen des sozialistischen Jugoslawiens als politischer Bestandteil der Fu\u00dfballfankultur im (post-) jugoslawischen Raum"},"content":{"rendered":"<p style=\"text-align: justify;\"><strong>Holger Raschke<\/strong><br \/>\n<span style=\"color: #800000;\"><strong><a style=\"color: #800000;\" href=\"https:\/\/suedosteuropaeische-hefte.org\/wp-content\/uploads\/2015\/04\/raschke_sh-2015-4-1-7.pdf\" target=\"_blank\">Jugoslawien in der Kurve. Repr\u00e4sentationen des sozialistischen Jugoslawiens als politischer Bestandteil der Fu\u00dfballfankultur im (post-) jugoslawischen Raum<\/a><\/strong><\/span><br \/>\n(als <span style=\"color: #800000;\"><a style=\"color: #800000;\" href=\"https:\/\/suedosteuropaeische-hefte.org\/wp-content\/uploads\/2015\/04\/raschke_sh-2015-4-1-7.pdf\" target=\"_blank\">pdf-Datei<\/a><\/span> herunterladen)<\/p>\n<p style=\"text-align: justify;\"><strong>Zitation<\/strong><br \/>\nRaschke, Holger (2015): Jugoslawien in der Kurve. Repr\u00e4sentationen des sozialistischen Jugoslawiens als politischer Bestandteil der Fu\u00dfballfankultur im (post-) jugoslawischen Raum. In: <em>S\u00fcdosteurop\u00e4ische Hefte<\/em> 4 (1), S. 66\u201386.<\/p>\n<p style=\"text-align: justify;\"><strong>Abstract<\/strong><br \/>\nThe article explores certain characteristics of the Yugoslav fan culture by facing major aspects of the politicization of supporter groups, which took place during the 1980s. It starts with a brief description of the development of Yugoslav football and fan cultures with the focus on political and sociohistorical interferences. Using interviews with supporters from this period as well as interviews with experts and other sources, the article describes the youth-cultural manifestations of the fan culture and the active role of the Yugoslav Ultras in the period of homogenization and nationalization of the society \u2013 so far the common stereotypes about football fans in Yugoslavia. But there were also supporter groups, defending the idea of a multi-ethnical Yugoslavia until the very end, since a collapse would mean the end of their multi-ethnical group structures. As it is often the case, a generalization about supporters, nationalism and the collapse of Yugoslavia is not appropriate.<\/p>\n<p><em>Persistent Identifier (PID)<\/em>: <span style=\"color: #800000;\"><a style=\"color: #800000;\" href=\"http:\/\/nbn-resolving.de\/urn:nbn:de:0168-ssoar-430266\" target=\"_blank\">http:\/\/nbn-resolving.de\/urn:nbn:de:0168-ssoar-430266<\/a><\/span><\/p>\n","protected":false},"excerpt":{"rendered":"<p>Holger Raschke Jugoslawien in der Kurve. Repr\u00e4sentationen des sozialistischen Jugoslawiens als politischer Bestandteil der Fu\u00dfballfankultur im (post-) jugoslawischen Raum (als pdf-Datei herunterladen) Zitation Raschke, Holger (2015): Jugoslawien in der Kurve. Repr\u00e4sentationen des sozialistischen Jugoslawiens als politischer Bestandteil der Fu\u00dfballfankultur im (post-) jugoslawischen Raum. In: S\u00fcdosteurop\u00e4ische Hefte 4 (1), S. 66\u201386. Abstract The article explores certain &hellip; <a href=\"https:\/\/suedosteuropaeische-hefte.org\/?page_id=617\" class=\"more-link\"><span class=\"screen-reader-text\">Holger Raschke: Jugoslawien in der Kurve. Repr\u00e4sentationen des sozialistischen Jugoslawiens als politischer Bestandteil der Fu\u00dfballfankultur im (post-) jugoslawischen Raum<\/span> weiterlesen <span class=\"meta-nav\">&rarr;<\/span><\/a><\/p>\n","protected":false},"author":1,"featured_media":0,"parent":554,"menu_order":6,"comment_status":"closed","ping_status":"closed","template":"","meta":{"footnotes":""},"class_list":["post-617","page","type-page","status-publish","hentry"],"_links":{"self":[{"href":"https:\/\/suedosteuropaeische-hefte.org\/index.php?rest_route=\/wp\/v2\/pages\/617","targetHints":{"allow":["GET"]}}],"collection":[{"href":"https:\/\/suedosteuropaeische-hefte.org\/index.php?rest_route=\/wp\/v2\/pages"}],"about":[{"href":"https:\/\/suedosteuropaeische-hefte.org\/index.php?rest_route=\/wp\/v2\/types\/page"}],"author":[{"embeddable":true,"href":"https:\/\/suedosteuropaeische-hefte.org\/index.php?rest_route=\/wp\/v2\/users\/1"}],"replies":[{"embeddable":true,"href":"https:\/\/suedosteuropaeische-hefte.org\/index.php?rest_route=%2Fwp%2Fv2%2Fcomments&post=617"}],"version-history":[{"count":2,"href":"https:\/\/suedosteuropaeische-hefte.org\/index.php?rest_route=\/wp\/v2\/pages\/617\/revisions"}],"predecessor-version":[{"id":619,"href":"https:\/\/suedosteuropaeische-hefte.org\/index.php?rest_route=\/wp\/v2\/pages\/617\/revisions\/619"}],"up":[{"embeddable":true,"href":"https:\/\/suedosteuropaeische-hefte.org\/index.php?rest_route=\/wp\/v2\/pages\/554"}],"wp:attachment":[{"href":"https:\/\/suedosteuropaeische-hefte.org\/index.php?rest_route=%2Fwp%2Fv2%2Fmedia&parent=617"}],"curies":[{"name":"wp","href":"https:\/\/api.w.org\/{rel}","templated":true}]}}