{"id":677,"date":"2010-08-27T16:15:47","date_gmt":"2010-08-27T16:15:47","guid":{"rendered":"http:\/\/suedosteuropaeische-hefte.org\/?p=677"},"modified":"2016-03-05T16:21:51","modified_gmt":"2016-03-05T16:21:51","slug":"amir-duranovic-das-religioese-leben-der-gastarbeiter-aus-bosnien-herzegowina-in-deutschland-in-den-1970er-und-1980er-jahren","status":"publish","type":"page","link":"https:\/\/suedosteuropaeische-hefte.org\/?page_id=677","title":{"rendered":"Amir Duranovi\u0107: Das religi\u00f6se Leben der \u201eGastarbeiter\u201c aus Bosnien-Herzegowina in Deutschland in den 1970er und 1980er Jahren"},"content":{"rendered":"<p><strong>Amir Duranovi\u0107<\/strong><br \/>\n<span style=\"color: #800000;\"><strong><a style=\"color: #800000;\" href=\"https:\/\/suedosteuropaeische-hefte.org\/wp-content\/uploads\/2014\/08\/sh_3_1_duranovic.pdf\" target=\"_blank\">Das religi\u00f6se Leben der \u201eGastarbeiter\u201c aus Bosnien-Herzegowina in Deutschland in den 1970er und 1980er Jahren<\/a><\/strong><\/span><br \/>\n(als <span style=\"color: #800000;\"><a style=\"color: #800000;\" href=\"https:\/\/suedosteuropaeische-hefte.org\/wp-content\/uploads\/2014\/08\/sh_3_1_duranovic.pdf\" target=\"_blank\">pdf-Datei<\/a><\/span> herunterladen)<\/p>\n<p style=\"text-align: justify;\"><strong>Abstract<\/strong><br \/>\nJugoslawische und insbesondere bosnisch-herzegowinische Arbeitsmigranten in der Bundesrepublik Deutschland waren und sind Thema verschiedener wissenschaftlicher Studien sowohl der deutschsprachigen S\u00fcdosteuropaforschung als auch zunehmend der Geschichtswissenschaft im postjugoslawischen Raum. Und doch weist dieser Themenbereich diverse Forschungsl\u00fccken auf. Zu den Forschungsdesideraten geh\u00f6rt auch die Frage nach dem religi\u00f6sen Leben der \u201eGastarbeiter\u201c aus Bosnien-Herzegowina in der Bundesrepublik in den etwas mehr als zwei Jahrzehnten seit Ende der 1960er Jahre bis zum Zerfall des sozialistischen Jugoslawiens. Der vorliegende Beitrag stellt erste Ergebnisse eines umfangreicheren Forschungsprojektes dar, im Rahmen dessen die bosnisch-herzegowinische Migration in der zweiten H\u00e4lfte des 20. Jahrhunderts untersucht wird.<\/p>\n<p style=\"text-align: justify;\"><strong>Zitation<\/strong><br \/>\nDuranovi\u0107, Amir (2014): Das religi\u00f6se Leben der \u201eGastarbeiter\u201c aus Bosnien-Herzegowina in Deutschland in den 1970er und 1980er Jahren. In: <em>S\u00fcdosteurop\u00e4ische Hefte<\/em> 3 (1), S. 67\u201377.<\/p>\n<p><em>Persistent Identifier (PID)<\/em>: <span style=\"color: #800000;\"><a style=\"color: #800000;\" href=\"http:\/\/nbn-resolving.de\/urn:nbn:de:0168-ssoar-397483\" target=\"_blank\">http:\/\/nbn-resolving.de\/urn:nbn:de:0168-ssoar-397483<\/a><\/span><\/p>\n","protected":false},"excerpt":{"rendered":"<p>Amir Duranovi\u0107 Das religi\u00f6se Leben der \u201eGastarbeiter\u201c aus Bosnien-Herzegowina in Deutschland in den 1970er und 1980er Jahren (als pdf-Datei herunterladen) Abstract Jugoslawische und insbesondere bosnisch-herzegowinische Arbeitsmigranten in der Bundesrepublik Deutschland waren und sind Thema verschiedener wissenschaftlicher Studien sowohl der deutschsprachigen S\u00fcdosteuropaforschung als auch zunehmend der Geschichtswissenschaft im postjugoslawischen Raum. Und doch weist dieser Themenbereich diverse &hellip; <a href=\"https:\/\/suedosteuropaeische-hefte.org\/?page_id=677\" class=\"more-link\"><span class=\"screen-reader-text\">Amir Duranovi\u0107: Das religi\u00f6se Leben der \u201eGastarbeiter\u201c aus Bosnien-Herzegowina in Deutschland in den 1970er und 1980er Jahren<\/span> weiterlesen <span class=\"meta-nav\">&rarr;<\/span><\/a><\/p>\n","protected":false},"author":1,"featured_media":0,"parent":569,"menu_order":4,"comment_status":"closed","ping_status":"closed","template":"","meta":{"footnotes":""},"class_list":["post-677","page","type-page","status-publish","hentry"],"_links":{"self":[{"href":"https:\/\/suedosteuropaeische-hefte.org\/index.php?rest_route=\/wp\/v2\/pages\/677","targetHints":{"allow":["GET"]}}],"collection":[{"href":"https:\/\/suedosteuropaeische-hefte.org\/index.php?rest_route=\/wp\/v2\/pages"}],"about":[{"href":"https:\/\/suedosteuropaeische-hefte.org\/index.php?rest_route=\/wp\/v2\/types\/page"}],"author":[{"embeddable":true,"href":"https:\/\/suedosteuropaeische-hefte.org\/index.php?rest_route=\/wp\/v2\/users\/1"}],"replies":[{"embeddable":true,"href":"https:\/\/suedosteuropaeische-hefte.org\/index.php?rest_route=%2Fwp%2Fv2%2Fcomments&post=677"}],"version-history":[{"count":2,"href":"https:\/\/suedosteuropaeische-hefte.org\/index.php?rest_route=\/wp\/v2\/pages\/677\/revisions"}],"predecessor-version":[{"id":679,"href":"https:\/\/suedosteuropaeische-hefte.org\/index.php?rest_route=\/wp\/v2\/pages\/677\/revisions\/679"}],"up":[{"embeddable":true,"href":"https:\/\/suedosteuropaeische-hefte.org\/index.php?rest_route=\/wp\/v2\/pages\/569"}],"wp:attachment":[{"href":"https:\/\/suedosteuropaeische-hefte.org\/index.php?rest_route=%2Fwp%2Fv2%2Fmedia&parent=677"}],"curies":[{"name":"wp","href":"https:\/\/api.w.org\/{rel}","templated":true}]}}