{"id":682,"date":"2014-08-27T16:23:06","date_gmt":"2014-08-27T16:23:06","guid":{"rendered":"http:\/\/suedosteuropaeische-hefte.org\/?p=682"},"modified":"2016-03-05T18:38:30","modified_gmt":"2016-03-05T18:38:30","slug":"edda-heyken-das-ist-ein-traum-der-fast-zwanzig-jahre-dauert-ueber-die-suche-nach-individuellen-erinnerungsformen-bosnisch-herzegowinischer-frauen-und-maenner-in-berlin-zum-umgang","status":"publish","type":"page","link":"https:\/\/suedosteuropaeische-hefte.org\/?page_id=682","title":{"rendered":"Edda Heyken: \u201eDas ist ein Traum, der fast zwanzig Jahre dauert\u201c. \u00dcber die Suche nach individuellen Erinnerungsformen bosnisch-herzegowinischer Frauen und M\u00e4nner in Berlin zum Umgang mit den Erfahrungen von Krieg, Flucht und Unsicherheit"},"content":{"rendered":"<p style=\"text-align: justify;\"><strong>Edda Heyken<\/strong><br \/>\n<span style=\"color: #800000;\"><strong><a style=\"color: #800000;\" href=\"https:\/\/suedosteuropaeische-hefte.org\/wp-content\/uploads\/2014\/08\/sh_3_1_heyken.pdf\" target=\"_blank\">\u201eDas ist ein Traum, der fast zwanzig Jahre dauert\u201c. \u00dcber die Suche nach individuellen Erinnerungsformen bosnisch-herzegowinischer Frauen und M\u00e4nner in Berlin zum Umgang mit den Erfahrungen von Krieg, Flucht und Unsicherheit<\/a><\/strong><\/span><br \/>\n(als <span style=\"color: #800000;\"><a style=\"color: #800000;\" href=\"https:\/\/suedosteuropaeische-hefte.org\/wp-content\/uploads\/2014\/08\/sh_3_1_heyken.pdf\" target=\"_blank\">pdf-Datei<\/a><\/span> herunterladen)<\/p>\n<p style=\"text-align: justify;\"><strong>Abstract<\/strong><br \/>\nDie Erinnerungen an Krieg und Flucht wiegen besonders schwer und verlangen nicht nur Energie, Behutsamkeit und Sensibilit\u00e4t im Umgang mit den Betroffenen, sondern beeinflussen auch ihren Tagesablauf. Teilweise ist die Schwere der Vergangenheit so erdr\u00fcckend, dass das Individuum ganz davon vereinnahmt wird und von einem normalen Alltag nicht mehr die Rede sein kann. Unscheinbar wirkende Impulse versetzen die Betroffenen zur\u00fcck in einen Zustand aus Angst, Unsicherheit und Misstrauen. Auf die Frauen und M\u00e4nner, die vor der unvorstellbaren Gewalt und Bedrohung des Bosnienkrieges nach Berlin geflohen sind, trifft diese Beschreibung sehr h\u00e4ufig zu. Doch nicht nur die Erinnerungen an den Krieg belasten die M\u00e4nner und Frauen, auch die Situation nach der Ankunft in Berlin brachte viel Leid mit sich. Durch den langj\u00e4hrigen unsicheren Aufenthaltsstatus als \u201aGeduldeter\u2018 wurden die bereits bestehenden Probleme auf sozialer und wirtschaftlicher Ebene intensiviert und f\u00fcr die Betroffenen wurde es nahezu unm\u00f6glich, die psychischen Wunden heilen lassen zu k\u00f6nnen. Dieser Artikel veranschaulicht die unterschiedlichen Formen der Vergangenheitsann\u00e4herung bosnischer Fl\u00fcchtlinge in Berlin, ihre Beeinflussung durch bestimmte Alltagssituationen bzw. Stressoren, sowie ihre Relation zu biografischen Hintergr\u00fcnden, Generation und Geschlecht. Die Art der Erinnerung l\u00e4sst dabei R\u00fcckschl\u00fcsse auf den individuellen Umgang mit der Vergangenheit zu. Anhand verschiedener Narrationen kristallisiert sich der unterschiedliche Umgang mit der Vergangenheit auf einerseits reflektiert-distanzierter und andererseits wiedererlebend-emotionaler Ebene heraus.<\/p>\n<p style=\"text-align: justify;\"><strong>Zitation<\/strong><br \/>\nHeyken, Edda (2014): \u201eDas ist ein Traum, der fast zwanzig Jahre dauert\u201c. \u00dcber die Suche nach individuellen Erinnerungsformen bosnisch-herzegowinischer Frauen und M\u00e4nner in Berlin zum Umgang mit den Erfahrungen von Krieg, Flucht und Unsicherheit. In: <em>S\u00fcdosteu-rop\u00e4ische Hefte<\/em> 3 (1), S. 78\u201391.<\/p>\n<p><em>Persistent Identifier (PID)<\/em>: <span style=\"color: #800000;\"><a style=\"color: #800000;\" href=\"http:\/\/nbn-resolving.de\/urn:nbn:de:0168-ssoar-397502\" target=\"_blank\">http:\/\/nbn-resolving.de\/urn:nbn:de:0168-ssoar-397502<\/a><\/span><\/p>\n","protected":false},"excerpt":{"rendered":"<p>Edda Heyken \u201eDas ist ein Traum, der fast zwanzig Jahre dauert\u201c. \u00dcber die Suche nach individuellen Erinnerungsformen bosnisch-herzegowinischer Frauen und M\u00e4nner in Berlin zum Umgang mit den Erfahrungen von Krieg, Flucht und Unsicherheit (als pdf-Datei herunterladen) Abstract Die Erinnerungen an Krieg und Flucht wiegen besonders schwer und verlangen nicht nur Energie, Behutsamkeit und Sensibilit\u00e4t im &hellip; <a href=\"https:\/\/suedosteuropaeische-hefte.org\/?page_id=682\" class=\"more-link\"><span class=\"screen-reader-text\">Edda Heyken: \u201eDas ist ein Traum, der fast zwanzig Jahre dauert\u201c. \u00dcber die Suche nach individuellen Erinnerungsformen bosnisch-herzegowinischer Frauen und M\u00e4nner in Berlin zum Umgang mit den Erfahrungen von Krieg, Flucht und Unsicherheit<\/span> weiterlesen <span class=\"meta-nav\">&rarr;<\/span><\/a><\/p>\n","protected":false},"author":1,"featured_media":0,"parent":569,"menu_order":5,"comment_status":"closed","ping_status":"closed","template":"","meta":{"footnotes":""},"class_list":["post-682","page","type-page","status-publish","hentry"],"_links":{"self":[{"href":"https:\/\/suedosteuropaeische-hefte.org\/index.php?rest_route=\/wp\/v2\/pages\/682","targetHints":{"allow":["GET"]}}],"collection":[{"href":"https:\/\/suedosteuropaeische-hefte.org\/index.php?rest_route=\/wp\/v2\/pages"}],"about":[{"href":"https:\/\/suedosteuropaeische-hefte.org\/index.php?rest_route=\/wp\/v2\/types\/page"}],"author":[{"embeddable":true,"href":"https:\/\/suedosteuropaeische-hefte.org\/index.php?rest_route=\/wp\/v2\/users\/1"}],"replies":[{"embeddable":true,"href":"https:\/\/suedosteuropaeische-hefte.org\/index.php?rest_route=%2Fwp%2Fv2%2Fcomments&post=682"}],"version-history":[{"count":7,"href":"https:\/\/suedosteuropaeische-hefte.org\/index.php?rest_route=\/wp\/v2\/pages\/682\/revisions"}],"predecessor-version":[{"id":746,"href":"https:\/\/suedosteuropaeische-hefte.org\/index.php?rest_route=\/wp\/v2\/pages\/682\/revisions\/746"}],"up":[{"embeddable":true,"href":"https:\/\/suedosteuropaeische-hefte.org\/index.php?rest_route=\/wp\/v2\/pages\/569"}],"wp:attachment":[{"href":"https:\/\/suedosteuropaeische-hefte.org\/index.php?rest_route=%2Fwp%2Fv2%2Fmedia&parent=682"}],"curies":[{"name":"wp","href":"https:\/\/api.w.org\/{rel}","templated":true}]}}