{"id":726,"date":"2014-08-27T17:17:19","date_gmt":"2014-08-27T17:17:19","guid":{"rendered":"http:\/\/suedosteuropaeische-hefte.org\/?page_id=726"},"modified":"2016-03-05T18:44:12","modified_gmt":"2016-03-05T18:44:12","slug":"robert-lucic-suedosteuropa-eine-region-im-umbruch-europe-du-sud-est-une-region-en-bouleversement-aktuelle-ansaetze-der-franzoesisch-deutschen-suedosteuropaforschung","status":"publish","type":"page","link":"https:\/\/suedosteuropaeische-hefte.org\/?page_id=726","title":{"rendered":"Robert Lu\u010di\u0107: \u201eS\u00fcdosteuropa \u2013 Eine Region im Umbruch \/ Europe du Sud-est \u2013 Une r\u00e9gion en bouleversement. Aktuelle Ans\u00e4tze der franz\u00f6sisch-deutschen S\u00fcdosteuropaforschung\u201d, Paris, 20.-21.03.2014. Workshopbericht"},"content":{"rendered":"<p style=\"text-align: justify;\"><strong>Robert Lu\u010di\u0107<\/strong><br \/>\n<span style=\"color: #800000;\"><strong><a style=\"color: #800000;\" href=\"https:\/\/suedosteuropaeische-hefte.org\/wp-content\/uploads\/2014\/08\/sh_3_1_lucic.pdf\" target=\"_blank\">\u201eS\u00fcdosteuropa \u2013 Eine Region im Umbruch \/ Europe du Sud-est \u2013 Une r\u00e9gion en bouleversement. Aktuelle Ans\u00e4tze der franz\u00f6sisch-deutschen S\u00fcdosteuropaforschung\u201d, Paris, 20.-21.03.2014. Workshopbericht<\/a><\/strong><\/span><br \/>\n(als <span style=\"color: #800000;\"><a style=\"color: #800000;\" href=\"https:\/\/suedosteuropaeische-hefte.org\/wp-content\/uploads\/2014\/08\/sh_3_1_lucic.pdf\" target=\"_blank\">pdf-Datei<\/a><\/span> herunterladen)<\/p>\n<p style=\"text-align: justify;\"><strong>Zitation<\/strong><br \/>\nLu\u010di\u0107, Robert (2014): \u201eS\u00fcdosteuropa \u2013 Eine Region im Umbruch \/ Europe du Sud-est \u2013 Une r\u00e9gion en bouleversement. Aktuelle Ans\u00e4tze der franz\u00f6sisch-deutschen S\u00fcdosteuropaforschung\u201d, Paris, 20.-21.03.2014. Workshopbericht. In: <em>S\u00fcdosteurop\u00e4ische Hefte<\/em> 3 (1), S. 175\u2013179.<\/p>\n<p><em>Persistent Identifier (PID)<\/em>: <span style=\"color: #800000;\"><a style=\"color: #800000;\" href=\"http:\/\/nbn-resolving.de\/urn:nbn:de:0168-ssoar-399179\" target=\"_blank\">http:\/\/nbn-resolving.de\/urn:nbn:de:0168-ssoar-399179<\/a><\/span><\/p>\n","protected":false},"excerpt":{"rendered":"<p>Robert Lu\u010di\u0107 \u201eS\u00fcdosteuropa \u2013 Eine Region im Umbruch \/ Europe du Sud-est \u2013 Une r\u00e9gion en bouleversement. Aktuelle Ans\u00e4tze der franz\u00f6sisch-deutschen S\u00fcdosteuropaforschung\u201d, Paris, 20.-21.03.2014. Workshopbericht (als pdf-Datei herunterladen) Zitation Lu\u010di\u0107, Robert (2014): \u201eS\u00fcdosteuropa \u2013 Eine Region im Umbruch \/ Europe du Sud-est \u2013 Une r\u00e9gion en bouleversement. Aktuelle Ans\u00e4tze der franz\u00f6sisch-deutschen S\u00fcdosteuropaforschung\u201d, Paris, 20.-21.03.2014. Workshopbericht. &hellip; <a href=\"https:\/\/suedosteuropaeische-hefte.org\/?page_id=726\" class=\"more-link\"><span class=\"screen-reader-text\">Robert Lu\u010di\u0107: \u201eS\u00fcdosteuropa \u2013 Eine Region im Umbruch \/ Europe du Sud-est \u2013 Une r\u00e9gion en bouleversement. Aktuelle Ans\u00e4tze der franz\u00f6sisch-deutschen S\u00fcdosteuropaforschung\u201d, Paris, 20.-21.03.2014. Workshopbericht<\/span> weiterlesen <span class=\"meta-nav\">&rarr;<\/span><\/a><\/p>\n","protected":false},"author":1,"featured_media":0,"parent":569,"menu_order":12,"comment_status":"closed","ping_status":"closed","template":"","meta":{"footnotes":""},"class_list":["post-726","page","type-page","status-publish","hentry"],"_links":{"self":[{"href":"https:\/\/suedosteuropaeische-hefte.org\/index.php?rest_route=\/wp\/v2\/pages\/726","targetHints":{"allow":["GET"]}}],"collection":[{"href":"https:\/\/suedosteuropaeische-hefte.org\/index.php?rest_route=\/wp\/v2\/pages"}],"about":[{"href":"https:\/\/suedosteuropaeische-hefte.org\/index.php?rest_route=\/wp\/v2\/types\/page"}],"author":[{"embeddable":true,"href":"https:\/\/suedosteuropaeische-hefte.org\/index.php?rest_route=\/wp\/v2\/users\/1"}],"replies":[{"embeddable":true,"href":"https:\/\/suedosteuropaeische-hefte.org\/index.php?rest_route=%2Fwp%2Fv2%2Fcomments&post=726"}],"version-history":[{"count":2,"href":"https:\/\/suedosteuropaeische-hefte.org\/index.php?rest_route=\/wp\/v2\/pages\/726\/revisions"}],"predecessor-version":[{"id":728,"href":"https:\/\/suedosteuropaeische-hefte.org\/index.php?rest_route=\/wp\/v2\/pages\/726\/revisions\/728"}],"up":[{"embeddable":true,"href":"https:\/\/suedosteuropaeische-hefte.org\/index.php?rest_route=\/wp\/v2\/pages\/569"}],"wp:attachment":[{"href":"https:\/\/suedosteuropaeische-hefte.org\/index.php?rest_route=%2Fwp%2Fv2%2Fmedia&parent=726"}],"curies":[{"name":"wp","href":"https:\/\/api.w.org\/{rel}","templated":true}]}}