{"id":752,"date":"2013-11-01T18:02:47","date_gmt":"2013-11-01T18:02:47","guid":{"rendered":"http:\/\/suedosteuropaeische-hefte.org\/?page_id=752"},"modified":"2016-03-09T18:12:35","modified_gmt":"2016-03-09T18:12:35","slug":"marija-vulesica-antisemitismus-in-suedosteuropa-defizite-und-herausforderungen-eines-vernachlaessigten-forschungsgegenstandes","status":"publish","type":"page","link":"https:\/\/suedosteuropaeische-hefte.org\/?page_id=752","title":{"rendered":"Marija Vulesica: Antisemitismus in S\u00fcdosteuropa. Defizite und Herausforderungen eines vernachl\u00e4ssigten Forschungsgegenstandes"},"content":{"rendered":"<p style=\"text-align: justify;\"><strong>Marija Vulesica<\/strong><br \/>\n<span style=\"color: #800000;\"><strong><a style=\"color: #800000;\" href=\"https:\/\/suedosteuropaeische-hefte.org\/wp-content\/uploads\/2013\/10\/vulesica_sh_2_1.pdf\" target=\"_blank\">Antisemitismus in S\u00fcdosteuropa. Defizite und Herausforderungen eines vernachl\u00e4ssigten Forschungsgegenstandes<\/a><\/strong><\/span><br \/>\n(als <span style=\"color: #800000;\"><a style=\"color: #800000;\" href=\"https:\/\/suedosteuropaeische-hefte.org\/wp-content\/uploads\/2013\/10\/vulesica_sh_2_1.pdf\" target=\"_blank\">pdf-Datei<\/a><\/span> herunterladen)<\/p>\n<p style=\"text-align: justify;\"><strong>Abstract<\/strong><br \/>\nThe article provides a critical overview of the state of research on antisemitism in Southeastern Europe and opens several research questions on this field of research.<\/p>\n<p style=\"text-align: justify;\"><strong>Zitation<\/strong><br \/>\nVulesica, Marija (2013): Antisemitismus in S\u00fcdosteuropa. Defizite und Herausforderungen eines vernachl\u00e4ssigten Forschungsgegenstandes. In: <em>S\u00fcdosteurop\u00e4ische Hefte<\/em> 2 (1), S. 11\u201318.<\/p>\n<p><em>Persistent Identifier (PID)<\/em>: <span style=\"color: #800000;\"><a style=\"color: #800000;\" href=\"http:\/\/nbn-resolving.de\/urn:nbn:de:0168-ssoar-360848\" target=\"_blank\">http:\/\/nbn-resolving.de\/urn:nbn:de:0168-ssoar-360848<\/a><\/span><\/p>\n","protected":false},"excerpt":{"rendered":"<p>Marija Vulesica Antisemitismus in S\u00fcdosteuropa. Defizite und Herausforderungen eines vernachl\u00e4ssigten Forschungsgegenstandes (als pdf-Datei herunterladen) Abstract The article provides a critical overview of the state of research on antisemitism in Southeastern Europe and opens several research questions on this field of research. Zitation Vulesica, Marija (2013): Antisemitismus in S\u00fcdosteuropa. Defizite und Herausforderungen eines vernachl\u00e4ssigten Forschungsgegenstandes. In: &hellip; <a href=\"https:\/\/suedosteuropaeische-hefte.org\/?page_id=752\" class=\"more-link\"><span class=\"screen-reader-text\">Marija Vulesica: Antisemitismus in S\u00fcdosteuropa. Defizite und Herausforderungen eines vernachl\u00e4ssigten Forschungsgegenstandes<\/span> weiterlesen <span class=\"meta-nav\">&rarr;<\/span><\/a><\/p>\n","protected":false},"author":1,"featured_media":0,"parent":566,"menu_order":1,"comment_status":"closed","ping_status":"closed","template":"","meta":{"footnotes":""},"class_list":["post-752","page","type-page","status-publish","hentry"],"_links":{"self":[{"href":"https:\/\/suedosteuropaeische-hefte.org\/index.php?rest_route=\/wp\/v2\/pages\/752","targetHints":{"allow":["GET"]}}],"collection":[{"href":"https:\/\/suedosteuropaeische-hefte.org\/index.php?rest_route=\/wp\/v2\/pages"}],"about":[{"href":"https:\/\/suedosteuropaeische-hefte.org\/index.php?rest_route=\/wp\/v2\/types\/page"}],"author":[{"embeddable":true,"href":"https:\/\/suedosteuropaeische-hefte.org\/index.php?rest_route=\/wp\/v2\/users\/1"}],"replies":[{"embeddable":true,"href":"https:\/\/suedosteuropaeische-hefte.org\/index.php?rest_route=%2Fwp%2Fv2%2Fcomments&post=752"}],"version-history":[{"count":4,"href":"https:\/\/suedosteuropaeische-hefte.org\/index.php?rest_route=\/wp\/v2\/pages\/752\/revisions"}],"predecessor-version":[{"id":758,"href":"https:\/\/suedosteuropaeische-hefte.org\/index.php?rest_route=\/wp\/v2\/pages\/752\/revisions\/758"}],"up":[{"embeddable":true,"href":"https:\/\/suedosteuropaeische-hefte.org\/index.php?rest_route=\/wp\/v2\/pages\/566"}],"wp:attachment":[{"href":"https:\/\/suedosteuropaeische-hefte.org\/index.php?rest_route=%2Fwp%2Fv2%2Fmedia&parent=752"}],"curies":[{"name":"wp","href":"https:\/\/api.w.org\/{rel}","templated":true}]}}