{"id":773,"date":"2013-11-01T18:32:03","date_gmt":"2013-11-01T18:32:03","guid":{"rendered":"http:\/\/suedosteuropaeische-hefte.org\/?page_id=773"},"modified":"2016-03-09T18:38:21","modified_gmt":"2016-03-09T18:38:21","slug":"magdalena-marsovszky-die-taeter-opfer-umkehr-der-antisemitismus-der-politischen-mitte","status":"publish","type":"page","link":"https:\/\/suedosteuropaeische-hefte.org\/?page_id=773","title":{"rendered":"Magdalena Marsovszky: Die \u201eT\u00e4ter-Opfer-Umkehr\u201c \u2013 der Antisemitismus der politischen Mitte"},"content":{"rendered":"<p><strong>Magdalena Marsovszky<\/strong><br \/>\n<span style=\"color: #800000;\"><a style=\"color: #800000;\" href=\"https:\/\/suedosteuropaeische-hefte.org\/wp-content\/uploads\/2013\/10\/marsovszky_sh_2_1.pdf\" target=\"_blank\"><strong>Die \u201eT\u00e4ter-Opfer-Umkehr\u201c \u2013 der Antisemitismus der politischen Mitte<\/strong><\/a><\/span><br \/>\n(als <span style=\"color: #800000;\"><a style=\"color: #800000;\" href=\"https:\/\/suedosteuropaeische-hefte.org\/wp-content\/uploads\/2013\/10\/marsovszky_sh_2_1.pdf\" target=\"_blank\">pdf-Datei<\/a><\/span> herunterladen)<\/p>\n<p style=\"text-align: justify;\"><strong>Abstract<\/strong><br \/>\nAm Beispiel neuester Entwicklungen im Bereich der Erinnerung- und Geschichtspolitik untersucht der Beitrag den gegenw\u00e4rtigen Antisemitismus in Ungarn. Als allgemein verbreiteter wichtigster Typus des Antisemitismus in der Kultur Ungarns wird dabei die T\u00e4ter-Opfer-Umkehr fokussiert, \u00e4u\u00dfert sich doch der heutige Antisemitismus in Ungarn viel eher als Abneigung gegen symbolische \u201eJuden \u2013, d.h. Menschen, die einem antisemitischen Stereotyp entsprechen. Verhasst sind vor allem sozialistische, sozialdemokratische und liberale Politiker und Medienmenschen. Der Antisemitismus kann sogar als Zeichen einer Weltanschauung oder \u201eAlltagsreligion \u2013 betrachtet werden, in der die Abneigung gegen \u201eJuden \u2013 mit einer Abneigung gegen alle \u201eAnderen \u2013 verbunden ist, denen man vorwirft, keine \u201eechten \u2013 Zugeh\u00f6rigen der v\u00f6lkisch gedachten Nation zu sein. Dieser Logik entsprechend k\u00f6nnen neben Minderheiten, Linken und Liberalen z.B. auch demokratische Einrichtungen, eine demokratisch gew\u00e4hlte Regierung, ja selbst die Europ\u00e4ische Union, die Nato oder der IMF als Feindbilder herangezogen werden.<\/p>\n<p style=\"text-align: justify;\"><strong>Zitation<\/strong><br \/>\nMarsovszky, Magdalena (2013): Die \u201eT\u00e4ter-Opfer-Umkehr\u201c \u2013 der Antisemitismus der politischen Mitte. In: <em>S\u00fcdosteurop\u00e4ische Hefte<\/em> 2 (1), S. 49\u201361.<\/p>\n<p><em>Persistent Identifier (PID)<\/em>: <span style=\"color: #800000;\"><a style=\"color: #800000;\" href=\"http:\/\/nbn-resolving.de\/urn:nbn:de:0168-ssoar-360911\" target=\"_blank\">http:\/\/nbn-resolving.de\/urn:nbn:de:0168-ssoar-360911<\/a><\/span><\/p>\n","protected":false},"excerpt":{"rendered":"<p>Magdalena Marsovszky Die \u201eT\u00e4ter-Opfer-Umkehr\u201c \u2013 der Antisemitismus der politischen Mitte (als pdf-Datei herunterladen) Abstract Am Beispiel neuester Entwicklungen im Bereich der Erinnerung- und Geschichtspolitik untersucht der Beitrag den gegenw\u00e4rtigen Antisemitismus in Ungarn. Als allgemein verbreiteter wichtigster Typus des Antisemitismus in der Kultur Ungarns wird dabei die T\u00e4ter-Opfer-Umkehr fokussiert, \u00e4u\u00dfert sich doch der heutige Antisemitismus in &hellip; <a href=\"https:\/\/suedosteuropaeische-hefte.org\/?page_id=773\" class=\"more-link\"><span class=\"screen-reader-text\">Magdalena Marsovszky: Die \u201eT\u00e4ter-Opfer-Umkehr\u201c \u2013 der Antisemitismus der politischen Mitte<\/span> weiterlesen <span class=\"meta-nav\">&rarr;<\/span><\/a><\/p>\n","protected":false},"author":1,"featured_media":0,"parent":566,"menu_order":5,"comment_status":"closed","ping_status":"closed","template":"","meta":{"footnotes":""},"class_list":["post-773","page","type-page","status-publish","hentry"],"_links":{"self":[{"href":"https:\/\/suedosteuropaeische-hefte.org\/index.php?rest_route=\/wp\/v2\/pages\/773","targetHints":{"allow":["GET"]}}],"collection":[{"href":"https:\/\/suedosteuropaeische-hefte.org\/index.php?rest_route=\/wp\/v2\/pages"}],"about":[{"href":"https:\/\/suedosteuropaeische-hefte.org\/index.php?rest_route=\/wp\/v2\/types\/page"}],"author":[{"embeddable":true,"href":"https:\/\/suedosteuropaeische-hefte.org\/index.php?rest_route=\/wp\/v2\/users\/1"}],"replies":[{"embeddable":true,"href":"https:\/\/suedosteuropaeische-hefte.org\/index.php?rest_route=%2Fwp%2Fv2%2Fcomments&post=773"}],"version-history":[{"count":2,"href":"https:\/\/suedosteuropaeische-hefte.org\/index.php?rest_route=\/wp\/v2\/pages\/773\/revisions"}],"predecessor-version":[{"id":775,"href":"https:\/\/suedosteuropaeische-hefte.org\/index.php?rest_route=\/wp\/v2\/pages\/773\/revisions\/775"}],"up":[{"embeddable":true,"href":"https:\/\/suedosteuropaeische-hefte.org\/index.php?rest_route=\/wp\/v2\/pages\/566"}],"wp:attachment":[{"href":"https:\/\/suedosteuropaeische-hefte.org\/index.php?rest_route=%2Fwp%2Fv2%2Fmedia&parent=773"}],"curies":[{"name":"wp","href":"https:\/\/api.w.org\/{rel}","templated":true}]}}