{"id":776,"date":"2013-11-01T18:41:44","date_gmt":"2013-11-01T18:41:44","guid":{"rendered":"http:\/\/suedosteuropaeische-hefte.org\/?page_id=776"},"modified":"2016-03-09T18:49:30","modified_gmt":"2016-03-09T18:49:30","slug":"holm-sundhaussen-zum-tode-natalija-basics","status":"publish","type":"page","link":"https:\/\/suedosteuropaeische-hefte.org\/?page_id=776","title":{"rendered":"Holm Sundhaussen: Zum Tode Natalija Ba\u0161i\u0107s"},"content":{"rendered":"<p><strong>Holm Sundhaussen<\/strong><br \/>\n<span style=\"color: #800000;\"><a style=\"color: #800000;\" href=\"https:\/\/suedosteuropaeische-hefte.org\/wp-content\/uploads\/2013\/10\/sundhaussen_sh_2_1.pdf\" target=\"_blank\"><strong>Zum Tode Natalija Ba\u0161i\u0107s<\/strong><\/a><\/span><br \/>\n(als <span style=\"color: #800000;\"><a style=\"color: #800000;\" href=\"https:\/\/suedosteuropaeische-hefte.org\/wp-content\/uploads\/2013\/10\/sundhaussen_sh_2_1.pdf\" target=\"_blank\">pdf-Datei<\/a><\/span> herunterladen)<\/p>\n<p style=\"text-align: justify;\"><strong>Zitation<\/strong><br \/>\nSundhaussen, Holm (2013): Zum Tode Natalija Ba\u0161i\u0107s. In: <em>S\u00fcdosteurop\u00e4ische Hefte<\/em> 2 (1), S. 63\u201367.<\/p>\n","protected":false},"excerpt":{"rendered":"<p>Holm Sundhaussen Zum Tode Natalija Ba\u0161i\u0107s (als pdf-Datei herunterladen) Zitation Sundhaussen, Holm (2013): Zum Tode Natalija Ba\u0161i\u0107s. In: S\u00fcdosteurop\u00e4ische Hefte 2 (1), S. 63\u201367.<\/p>\n","protected":false},"author":1,"featured_media":0,"parent":566,"menu_order":6,"comment_status":"closed","ping_status":"closed","template":"","meta":{"footnotes":""},"class_list":["post-776","page","type-page","status-publish","hentry"],"_links":{"self":[{"href":"https:\/\/suedosteuropaeische-hefte.org\/index.php?rest_route=\/wp\/v2\/pages\/776","targetHints":{"allow":["GET"]}}],"collection":[{"href":"https:\/\/suedosteuropaeische-hefte.org\/index.php?rest_route=\/wp\/v2\/pages"}],"about":[{"href":"https:\/\/suedosteuropaeische-hefte.org\/index.php?rest_route=\/wp\/v2\/types\/page"}],"author":[{"embeddable":true,"href":"https:\/\/suedosteuropaeische-hefte.org\/index.php?rest_route=\/wp\/v2\/users\/1"}],"replies":[{"embeddable":true,"href":"https:\/\/suedosteuropaeische-hefte.org\/index.php?rest_route=%2Fwp%2Fv2%2Fcomments&post=776"}],"version-history":[{"count":2,"href":"https:\/\/suedosteuropaeische-hefte.org\/index.php?rest_route=\/wp\/v2\/pages\/776\/revisions"}],"predecessor-version":[{"id":778,"href":"https:\/\/suedosteuropaeische-hefte.org\/index.php?rest_route=\/wp\/v2\/pages\/776\/revisions\/778"}],"up":[{"embeddable":true,"href":"https:\/\/suedosteuropaeische-hefte.org\/index.php?rest_route=\/wp\/v2\/pages\/566"}],"wp:attachment":[{"href":"https:\/\/suedosteuropaeische-hefte.org\/index.php?rest_route=%2Fwp%2Fv2%2Fmedia&parent=776"}],"curies":[{"name":"wp","href":"https:\/\/api.w.org\/{rel}","templated":true}]}}