{"id":780,"date":"2013-11-01T18:47:15","date_gmt":"2013-11-01T18:47:15","guid":{"rendered":"http:\/\/suedosteuropaeische-hefte.org\/?page_id=780"},"modified":"2016-03-09T19:25:15","modified_gmt":"2016-03-09T19:25:15","slug":"karl-kaser-text-und-bild-bleibt-die-suedosteuropaforschung-auf-einem-auge-blind","status":"publish","type":"page","link":"https:\/\/suedosteuropaeische-hefte.org\/?page_id=780","title":{"rendered":"Karl Kaser: Text und Bild \u2013 bleibt die S\u00fcdosteuropaforschung auf einem Auge blind?"},"content":{"rendered":"<p style=\"text-align: justify;\"><strong>Karl Kaser<\/strong><br \/>\n<span style=\"color: #800000;\"><a style=\"color: #800000;\" href=\"https:\/\/suedosteuropaeische-hefte.org\/wp-content\/uploads\/2013\/10\/kaser_sh_2_1.pdf\" target=\"_blank\"><strong>Text und Bild \u2013 bleibt die S\u00fcdosteuropaforschung auf einem Auge blind?<\/strong><\/a><\/span><br \/>\n(als <span style=\"color: #800000;\"><a style=\"color: #800000;\" href=\"https:\/\/suedosteuropaeische-hefte.org\/wp-content\/uploads\/2013\/10\/kaser_sh_2_1.pdf\" target=\"_blank\">pdf-Datei<\/a><\/span> herunterladen)<\/p>\n<p style=\"text-align: justify;\"><strong>Zitation<\/strong><br \/>\nKaser, Karl (2013): Text und Bild \u2013 bleibt die S\u00fcdosteuropaforschung auf einem Auge blind? In: <em>S\u00fcdosteurop\u00e4ische Hefte<\/em> 2 (1), S. 68\u201375.<\/p>\n<p style=\"text-align: justify;\"><em>Persistent Identifier (PID)<\/em>: <span style=\"color: #800000;\"><a style=\"color: #800000;\" href=\"http:\/\/nbn-resolving.de\/urn:nbn:de:0168-ssoar-360938\" target=\"_blank\">http:\/\/nbn-resolving.de\/urn:nbn:de:0168-ssoar-360938<\/a><\/span><\/p>\n","protected":false},"excerpt":{"rendered":"<p>Karl Kaser Text und Bild \u2013 bleibt die S\u00fcdosteuropaforschung auf einem Auge blind? (als pdf-Datei herunterladen) Zitation Kaser, Karl (2013): Text und Bild \u2013 bleibt die S\u00fcdosteuropaforschung auf einem Auge blind? In: S\u00fcdosteurop\u00e4ische Hefte 2 (1), S. 68\u201375. Persistent Identifier (PID): http:\/\/nbn-resolving.de\/urn:nbn:de:0168-ssoar-360938<\/p>\n","protected":false},"author":1,"featured_media":0,"parent":566,"menu_order":7,"comment_status":"closed","ping_status":"closed","template":"","meta":{"footnotes":""},"class_list":["post-780","page","type-page","status-publish","hentry"],"_links":{"self":[{"href":"https:\/\/suedosteuropaeische-hefte.org\/index.php?rest_route=\/wp\/v2\/pages\/780","targetHints":{"allow":["GET"]}}],"collection":[{"href":"https:\/\/suedosteuropaeische-hefte.org\/index.php?rest_route=\/wp\/v2\/pages"}],"about":[{"href":"https:\/\/suedosteuropaeische-hefte.org\/index.php?rest_route=\/wp\/v2\/types\/page"}],"author":[{"embeddable":true,"href":"https:\/\/suedosteuropaeische-hefte.org\/index.php?rest_route=\/wp\/v2\/users\/1"}],"replies":[{"embeddable":true,"href":"https:\/\/suedosteuropaeische-hefte.org\/index.php?rest_route=%2Fwp%2Fv2%2Fcomments&post=780"}],"version-history":[{"count":4,"href":"https:\/\/suedosteuropaeische-hefte.org\/index.php?rest_route=\/wp\/v2\/pages\/780\/revisions"}],"predecessor-version":[{"id":793,"href":"https:\/\/suedosteuropaeische-hefte.org\/index.php?rest_route=\/wp\/v2\/pages\/780\/revisions\/793"}],"up":[{"embeddable":true,"href":"https:\/\/suedosteuropaeische-hefte.org\/index.php?rest_route=\/wp\/v2\/pages\/566"}],"wp:attachment":[{"href":"https:\/\/suedosteuropaeische-hefte.org\/index.php?rest_route=%2Fwp%2Fv2%2Fmedia&parent=780"}],"curies":[{"name":"wp","href":"https:\/\/api.w.org\/{rel}","templated":true}]}}