{"id":805,"date":"2013-11-01T19:41:27","date_gmt":"2013-11-01T19:41:27","guid":{"rendered":"http:\/\/suedosteuropaeische-hefte.org\/?page_id=805"},"modified":"2016-03-09T20:04:34","modified_gmt":"2016-03-09T20:04:34","slug":"rezension-grigore-mihai-d-dinu-radu-harald-zivojinovic-marc-hg-2012-herrschaft-in-suedosteuropa-kultur-und-sozialwissenschaftliche-perspektiven","status":"publish","type":"page","link":"https:\/\/suedosteuropaeische-hefte.org\/?page_id=805","title":{"rendered":"Rezension: Grigore, Mihai-D.; Dinu, Radu Harald; \u017divojinovi\u0107, Marc (Hg.) (2012): Herrschaft in S\u00fcdosteuropa. Kultur- und sozialwissenschaftliche Perspektiven"},"content":{"rendered":"<p style=\"text-align: justify;\"><strong>Klaus Buchenau<\/strong><br \/>\n<span style=\"color: #800000;\"><a style=\"color: #800000;\" href=\"https:\/\/suedosteuropaeische-hefte.org\/wp-content\/uploads\/2013\/11\/buchenau_sh_2_1.pdf\" target=\"_blank\"> <strong>Grigore, Mihai-D.; Dinu, Radu Harald; \u017divojinovi\u0107, Marc (Hg.) (2012): Herrschaft in S\u00fcdosteuropa. Kultur- und sozialwissenschaftliche Perspektiven. G\u00f6ttingen: Vandenhoeck &amp; Ruprecht, 328 Seiten, ISBN 978-3-89971-871-3<\/strong><\/a><\/span><br \/>\n(als <span style=\"color: #800000;\"><a style=\"color: #800000;\" href=\"https:\/\/suedosteuropaeische-hefte.org\/wp-content\/uploads\/2013\/11\/buchenau_sh_2_1.pdf\" target=\"_blank\">pdf-Datei<\/a><\/span> herunterladen)<\/p>\n<p style=\"text-align: justify;\"><strong>Zitation<\/strong><br \/>\nBuchenau, Klaus (2013): Grigore, Mihai-D.; Dinu, Radu Harald; \u017divojinovi\u0107, Marc (Hg.) (2012): Herrschaft in S\u00fcdosteuropa. Kultur- und sozialwissenschaftliche Perspektiven. G\u00f6ttingen: Vandenhoeck &amp; Ruprecht, 328 Seiten, ISBN 978-3-89971-871-3. In: <em>S\u00fcdosteurop\u00e4ische Hefte<\/em> 2 (1), S. 124\u2013126.<\/p>\n<p><em>Persistent Identifier (PID)<\/em>: <span style=\"color: #800000;\"><a style=\"color: #800000;\" href=\"http:\/\/nbn-resolving.de\/urn:nbn:de:0168-ssoar-360818\" target=\"_blank\">http:\/\/nbn-resolving.de\/urn:nbn:de:0168-ssoar-360818<\/a><\/span><\/p>\n","protected":false},"excerpt":{"rendered":"<p>Klaus Buchenau Grigore, Mihai-D.; Dinu, Radu Harald; \u017divojinovi\u0107, Marc (Hg.) (2012): Herrschaft in S\u00fcdosteuropa. Kultur- und sozialwissenschaftliche Perspektiven. G\u00f6ttingen: Vandenhoeck &amp; Ruprecht, 328 Seiten, ISBN 978-3-89971-871-3 (als pdf-Datei herunterladen) Zitation Buchenau, Klaus (2013): Grigore, Mihai-D.; Dinu, Radu Harald; \u017divojinovi\u0107, Marc (Hg.) (2012): Herrschaft in S\u00fcdosteuropa. Kultur- und sozialwissenschaftliche Perspektiven. G\u00f6ttingen: Vandenhoeck &amp; Ruprecht, 328 Seiten, &hellip; <a href=\"https:\/\/suedosteuropaeische-hefte.org\/?page_id=805\" class=\"more-link\"><span class=\"screen-reader-text\">Rezension: Grigore, Mihai-D.; Dinu, Radu Harald; \u017divojinovi\u0107, Marc (Hg.) (2012): Herrschaft in S\u00fcdosteuropa. Kultur- und sozialwissenschaftliche Perspektiven<\/span> weiterlesen <span class=\"meta-nav\">&rarr;<\/span><\/a><\/p>\n","protected":false},"author":1,"featured_media":0,"parent":566,"menu_order":12,"comment_status":"closed","ping_status":"closed","template":"","meta":{"footnotes":""},"class_list":["post-805","page","type-page","status-publish","hentry"],"_links":{"self":[{"href":"https:\/\/suedosteuropaeische-hefte.org\/index.php?rest_route=\/wp\/v2\/pages\/805","targetHints":{"allow":["GET"]}}],"collection":[{"href":"https:\/\/suedosteuropaeische-hefte.org\/index.php?rest_route=\/wp\/v2\/pages"}],"about":[{"href":"https:\/\/suedosteuropaeische-hefte.org\/index.php?rest_route=\/wp\/v2\/types\/page"}],"author":[{"embeddable":true,"href":"https:\/\/suedosteuropaeische-hefte.org\/index.php?rest_route=\/wp\/v2\/users\/1"}],"replies":[{"embeddable":true,"href":"https:\/\/suedosteuropaeische-hefte.org\/index.php?rest_route=%2Fwp%2Fv2%2Fcomments&post=805"}],"version-history":[{"count":5,"href":"https:\/\/suedosteuropaeische-hefte.org\/index.php?rest_route=\/wp\/v2\/pages\/805\/revisions"}],"predecessor-version":[{"id":821,"href":"https:\/\/suedosteuropaeische-hefte.org\/index.php?rest_route=\/wp\/v2\/pages\/805\/revisions\/821"}],"up":[{"embeddable":true,"href":"https:\/\/suedosteuropaeische-hefte.org\/index.php?rest_route=\/wp\/v2\/pages\/566"}],"wp:attachment":[{"href":"https:\/\/suedosteuropaeische-hefte.org\/index.php?rest_route=%2Fwp%2Fv2%2Fmedia&parent=805"}],"curies":[{"name":"wp","href":"https:\/\/api.w.org\/{rel}","templated":true}]}}