{"id":808,"date":"2013-11-01T19:44:10","date_gmt":"2013-11-01T19:44:10","guid":{"rendered":"http:\/\/suedosteuropaeische-hefte.org\/?page_id=808"},"modified":"2016-03-09T20:06:01","modified_gmt":"2016-03-09T20:06:01","slug":"rezension-kirn-gal-sekulic-dubravka-testen-ziga-hg-2012-surfing-the-black-yugoslav-black-wave-cinema-and-its-transgressive-moments","status":"publish","type":"page","link":"https:\/\/suedosteuropaeische-hefte.org\/?page_id=808","title":{"rendered":"Rezension: Kirn, Gal; Sekuli\u0107, Dubravka; Testen, \u017diga (Hg.) (2012): Surfing the Black. Yugoslav Black Wave Cinema and Its Transgressive Moments"},"content":{"rendered":"<p style=\"text-align: justify;\"><strong>Krunoslav Stojakovi\u0107<\/strong><br \/>\n<span style=\"color: #800000;\"><strong><a style=\"color: #800000;\" href=\"https:\/\/suedosteuropaeische-hefte.org\/wp-content\/uploads\/2013\/11\/stojakovic_sh_2_1.pdf\" target=\"_blank\">Kirn, Gal; Sekuli\u0107, Dubravka; Testen, \u017diga (Hg.) (2012): Surfing the Black. Yugoslav Black Wave Cinema and Its Transgressive Moments. Maastricht: Jan van Eyck Academie, 214 Seiten, ISBN 978-90-72076-51-9<\/a><\/strong><\/span><br \/>\n(als <span style=\"color: #800000;\"><a style=\"color: #800000;\" href=\"https:\/\/suedosteuropaeische-hefte.org\/wp-content\/uploads\/2013\/11\/stojakovic_sh_2_1.pdf\" target=\"_blank\">pdf-Datei<\/a><\/span> herunterladen)<\/p>\n<p style=\"text-align: justify;\"><strong>Zitation<\/strong><br \/>\nStojakovi\u0107, Krunoslav (2013): Kirn, Gal; Sekuli\u0107, Dubravka; Testen, \u017diga (Hg.) (2012): Surfing the Black. Yugoslav Black Wave Cinema and Its Transgressive Moments. Maastricht: Jan van Eyck Academie, 214 Seiten, ISBN 978-90-72076-51-9. In: <em>S\u00fcdosteurop\u00e4ische Hefte<\/em> 2 (1), S. 127\u2013129.<\/p>\n<p><em>Persistent Identifier (PID)<\/em>: <span style=\"color: #800000;\"><a style=\"color: #800000;\" href=\"http:\/\/nbn-resolving.de\/urn:nbn:de:0168-ssoar-360798\" target=\"_blank\">http:\/\/nbn-resolving.de\/urn:nbn:de:0168-ssoar-360798<\/a><\/span><\/p>\n","protected":false},"excerpt":{"rendered":"<p>Krunoslav Stojakovi\u0107 Kirn, Gal; Sekuli\u0107, Dubravka; Testen, \u017diga (Hg.) (2012): Surfing the Black. Yugoslav Black Wave Cinema and Its Transgressive Moments. Maastricht: Jan van Eyck Academie, 214 Seiten, ISBN 978-90-72076-51-9 (als pdf-Datei herunterladen) Zitation Stojakovi\u0107, Krunoslav (2013): Kirn, Gal; Sekuli\u0107, Dubravka; Testen, \u017diga (Hg.) (2012): Surfing the Black. Yugoslav Black Wave Cinema and Its Transgressive &hellip; <a href=\"https:\/\/suedosteuropaeische-hefte.org\/?page_id=808\" class=\"more-link\"><span class=\"screen-reader-text\">Rezension: Kirn, Gal; Sekuli\u0107, Dubravka; Testen, \u017diga (Hg.) (2012): Surfing the Black. Yugoslav Black Wave Cinema and Its Transgressive Moments<\/span> weiterlesen <span class=\"meta-nav\">&rarr;<\/span><\/a><\/p>\n","protected":false},"author":1,"featured_media":0,"parent":566,"menu_order":13,"comment_status":"closed","ping_status":"closed","template":"","meta":{"footnotes":""},"class_list":["post-808","page","type-page","status-publish","hentry"],"_links":{"self":[{"href":"https:\/\/suedosteuropaeische-hefte.org\/index.php?rest_route=\/wp\/v2\/pages\/808","targetHints":{"allow":["GET"]}}],"collection":[{"href":"https:\/\/suedosteuropaeische-hefte.org\/index.php?rest_route=\/wp\/v2\/pages"}],"about":[{"href":"https:\/\/suedosteuropaeische-hefte.org\/index.php?rest_route=\/wp\/v2\/types\/page"}],"author":[{"embeddable":true,"href":"https:\/\/suedosteuropaeische-hefte.org\/index.php?rest_route=\/wp\/v2\/users\/1"}],"replies":[{"embeddable":true,"href":"https:\/\/suedosteuropaeische-hefte.org\/index.php?rest_route=%2Fwp%2Fv2%2Fcomments&post=808"}],"version-history":[{"count":4,"href":"https:\/\/suedosteuropaeische-hefte.org\/index.php?rest_route=\/wp\/v2\/pages\/808\/revisions"}],"predecessor-version":[{"id":823,"href":"https:\/\/suedosteuropaeische-hefte.org\/index.php?rest_route=\/wp\/v2\/pages\/808\/revisions\/823"}],"up":[{"embeddable":true,"href":"https:\/\/suedosteuropaeische-hefte.org\/index.php?rest_route=\/wp\/v2\/pages\/566"}],"wp:attachment":[{"href":"https:\/\/suedosteuropaeische-hefte.org\/index.php?rest_route=%2Fwp%2Fv2%2Fmedia&parent=808"}],"curies":[{"name":"wp","href":"https:\/\/api.w.org\/{rel}","templated":true}]}}