{"id":812,"date":"2013-11-01T19:52:37","date_gmt":"2013-11-01T19:52:37","guid":{"rendered":"http:\/\/suedosteuropaeische-hefte.org\/?page_id=812"},"modified":"2016-03-09T20:06:51","modified_gmt":"2016-03-09T20:06:51","slug":"rezension-emilija-mancic-2012-umbruch-und-identitaetszerfall-narrative-jugoslawiens-im-europaeischen-kontext","status":"publish","type":"page","link":"https:\/\/suedosteuropaeische-hefte.org\/?page_id=812","title":{"rendered":"Rezension: Emilija Man\u010di\u0107 (2012): Umbruch und Identit\u00e4tszerfall. Narrative Jugoslawiens im europ\u00e4ischen Kontext"},"content":{"rendered":"<p style=\"text-align: justify;\"><strong>Brigita Malenica<\/strong><br \/>\n<span style=\"color: #800000;\"><strong><a style=\"color: #800000;\" href=\"https:\/\/suedosteuropaeische-hefte.org\/wp-content\/uploads\/2013\/11\/malenica.pdf\" target=\"_blank\">Emilija Man\u010di\u0107 (2012): Umbruch und Identit\u00e4tszerfall. Narrative Jugoslawiens im europ\u00e4ischen Kontext. T\u00fcbingen: Francke Verlag (Kultur \u2013 Herrschaft \u2013 Differenz 15), 194 Seiten, ISBN 978-3-7720-8466-9<\/a><\/strong><\/span><br \/>\n(als <span style=\"color: #800000;\"><a style=\"color: #800000;\" href=\"https:\/\/suedosteuropaeische-hefte.org\/wp-content\/uploads\/2013\/11\/malenica.pdf\" target=\"_blank\">pdf-Datei<\/a><\/span> herunterladen)<\/p>\n<p style=\"text-align: justify;\"><strong>Zitation<\/strong><br \/>\nMalenica, Brigita (2013): Emilija Man\u010di\u0107 (2012): Umbruch und Identit\u00e4tszerfall. Narrative Jugoslawiens im europ\u00e4ischen Kontext. T\u00fcbingen: Francke Verlag (Kultur \u2013 Herrschaft \u2013 Differenz 15), 194 Seiten, ISBN 978-3-7720-8466-9. In: <em>S\u00fcdosteurop\u00e4ische Hefte<\/em> 2 (1), S. 130\u2013132.<\/p>\n<p><em>Persistent Identifier (PID)<\/em>: <span style=\"color: #800000;\"><a style=\"color: #800000;\" href=\"http:\/\/nbn-resolving.de\/urn:nbn:de:0168-ssoar-360781\" target=\"_blank\">http:\/\/nbn-resolving.de\/urn:nbn:de:0168-ssoar-360781<\/a><\/span><\/p>\n","protected":false},"excerpt":{"rendered":"<p>Brigita Malenica Emilija Man\u010di\u0107 (2012): Umbruch und Identit\u00e4tszerfall. Narrative Jugoslawiens im europ\u00e4ischen Kontext. T\u00fcbingen: Francke Verlag (Kultur \u2013 Herrschaft \u2013 Differenz 15), 194 Seiten, ISBN 978-3-7720-8466-9 (als pdf-Datei herunterladen) Zitation Malenica, Brigita (2013): Emilija Man\u010di\u0107 (2012): Umbruch und Identit\u00e4tszerfall. Narrative Jugoslawiens im europ\u00e4ischen Kontext. T\u00fcbingen: Francke Verlag (Kultur \u2013 Herrschaft \u2013 Differenz 15), 194 Seiten, &hellip; <a href=\"https:\/\/suedosteuropaeische-hefte.org\/?page_id=812\" class=\"more-link\"><span class=\"screen-reader-text\">Rezension: Emilija Man\u010di\u0107 (2012): Umbruch und Identit\u00e4tszerfall. Narrative Jugoslawiens im europ\u00e4ischen Kontext<\/span> weiterlesen <span class=\"meta-nav\">&rarr;<\/span><\/a><\/p>\n","protected":false},"author":1,"featured_media":0,"parent":566,"menu_order":14,"comment_status":"closed","ping_status":"closed","template":"","meta":{"footnotes":""},"class_list":["post-812","page","type-page","status-publish","hentry"],"_links":{"self":[{"href":"https:\/\/suedosteuropaeische-hefte.org\/index.php?rest_route=\/wp\/v2\/pages\/812","targetHints":{"allow":["GET"]}}],"collection":[{"href":"https:\/\/suedosteuropaeische-hefte.org\/index.php?rest_route=\/wp\/v2\/pages"}],"about":[{"href":"https:\/\/suedosteuropaeische-hefte.org\/index.php?rest_route=\/wp\/v2\/types\/page"}],"author":[{"embeddable":true,"href":"https:\/\/suedosteuropaeische-hefte.org\/index.php?rest_route=\/wp\/v2\/users\/1"}],"replies":[{"embeddable":true,"href":"https:\/\/suedosteuropaeische-hefte.org\/index.php?rest_route=%2Fwp%2Fv2%2Fcomments&post=812"}],"version-history":[{"count":4,"href":"https:\/\/suedosteuropaeische-hefte.org\/index.php?rest_route=\/wp\/v2\/pages\/812\/revisions"}],"predecessor-version":[{"id":824,"href":"https:\/\/suedosteuropaeische-hefte.org\/index.php?rest_route=\/wp\/v2\/pages\/812\/revisions\/824"}],"up":[{"embeddable":true,"href":"https:\/\/suedosteuropaeische-hefte.org\/index.php?rest_route=\/wp\/v2\/pages\/566"}],"wp:attachment":[{"href":"https:\/\/suedosteuropaeische-hefte.org\/index.php?rest_route=%2Fwp%2Fv2%2Fmedia&parent=812"}],"curies":[{"name":"wp","href":"https:\/\/api.w.org\/{rel}","templated":true}]}}