{"id":815,"date":"2013-11-01T19:59:06","date_gmt":"2013-11-01T19:59:06","guid":{"rendered":"http:\/\/suedosteuropaeische-hefte.org\/?page_id=815"},"modified":"2016-03-09T20:05:30","modified_gmt":"2016-03-09T20:05:30","slug":"rezension-1-bilic-bojan-jankovic-vesna-eds-2012-resisting-the-evil-post-yugoslav-anti-war-contention-2-bilic-bojan-2012-we-were-gasping-for-air-post-yugoslav-anti-war-activism-a","status":"publish","type":"page","link":"https:\/\/suedosteuropaeische-hefte.org\/?page_id=815","title":{"rendered":"Rezension: 1. Bili\u0107, Bojan; Jankovi\u0107, Vesna (eds.) (2012): Resisting the Evil. [Post-]Yugoslav Anti-War Contention. 2. Bili\u0107, Bojan (2012): We Were Gasping for Air. [Post-]Yugoslav Anti-War Activism and Its Legacy"},"content":{"rendered":"<p style=\"text-align: justify;\"><strong>\u0110or\u0111e Tomi\u0107<\/strong><br \/>\n<span style=\"color: #800000;\"><strong><a style=\"color: #800000;\" href=\"https:\/\/suedosteuropaeische-hefte.org\/wp-content\/uploads\/2013\/11\/tomicd_sh_2_1.pdf\" target=\"_blank\">Bili\u0107, Bojan; Jankovi\u0107, Vesna (eds.) (2012): Resisting the Evil. [Post-]Yugoslav Anti-War Contention. Baden-Baden: Nomos (Southeast European Integration Perspectives, 7), 288 Seiten, ISBN 978-3-8329-7208-0; Bili\u0107, Bojan (2012): We Were Gasping for Air. [Post-]Yugoslav Anti-War Activism and Its Legacy. Baden-Baden: Nomos (Southeast European Integration Perspectives, 8), 223 Seiten, ISBN 978-3-8329-7806-8<\/a><\/strong><\/span><br \/>\n(als <span style=\"color: #800000;\"><a style=\"color: #800000;\" href=\"https:\/\/suedosteuropaeische-hefte.org\/wp-content\/uploads\/2013\/11\/tomicd_sh_2_1.pdf\" target=\"_blank\">pdf-Datei<\/a><\/span> herunterladen)<\/p>\n<p><strong>Abstract<\/strong><br \/>\nSammelrezension<\/p>\n<p style=\"text-align: justify;\"><strong>Zitation<\/strong><br \/>\nTomi\u0107, \u0110or\u0111e (2013): Bili\u0107, Bojan; Jankovi\u0107, Vesna (eds.) (2012): Resisting the Evil. [Post-]Yugoslav Anti-War Contention. Baden-Baden: Nomos (Southeast European Integration Perspectives, 7), 288 Seiten, ISBN 978-3-8329-7208-0; Bili\u0107, Bojan (2012): We Were Gasping for Air. [Post-]Yugoslav Anti-War Activism and Its Legacy. Baden-Baden: Nomos (Southeast European Integration Perspectives, 8), 223 Seiten, ISBN 978-3-8329-7806-8. In: <em>S\u00fcdosteurop\u00e4ische Hefte<\/em> 2 (1), S. 133\u2013137.<\/p>\n<p><em>Persistent Identifier (PID)<\/em>: <span style=\"color: #800000;\"><a style=\"color: #800000;\" href=\"http:\/\/nbn-resolving.de\/urn:nbn:de:0168-ssoar-360972\" target=\"_blank\">http:\/\/nbn-resolving.de\/urn:nbn:de:0168-ssoar-360972<\/a><\/span><\/p>\n","protected":false},"excerpt":{"rendered":"<p>\u0110or\u0111e Tomi\u0107 Bili\u0107, Bojan; Jankovi\u0107, Vesna (eds.) (2012): Resisting the Evil. [Post-]Yugoslav Anti-War Contention. Baden-Baden: Nomos (Southeast European Integration Perspectives, 7), 288 Seiten, ISBN 978-3-8329-7208-0; Bili\u0107, Bojan (2012): We Were Gasping for Air. [Post-]Yugoslav Anti-War Activism and Its Legacy. Baden-Baden: Nomos (Southeast European Integration Perspectives, 8), 223 Seiten, ISBN 978-3-8329-7806-8 (als pdf-Datei herunterladen) Abstract Sammelrezension &hellip; <a href=\"https:\/\/suedosteuropaeische-hefte.org\/?page_id=815\" class=\"more-link\"><span class=\"screen-reader-text\">Rezension: 1. Bili\u0107, Bojan; Jankovi\u0107, Vesna (eds.) (2012): Resisting the Evil. [Post-]Yugoslav Anti-War Contention. 2. Bili\u0107, Bojan (2012): We Were Gasping for Air. [Post-]Yugoslav Anti-War Activism and Its Legacy<\/span> weiterlesen <span class=\"meta-nav\">&rarr;<\/span><\/a><\/p>\n","protected":false},"author":1,"featured_media":0,"parent":566,"menu_order":14,"comment_status":"closed","ping_status":"closed","template":"","meta":{"footnotes":""},"class_list":["post-815","page","type-page","status-publish","hentry"],"_links":{"self":[{"href":"https:\/\/suedosteuropaeische-hefte.org\/index.php?rest_route=\/wp\/v2\/pages\/815","targetHints":{"allow":["GET"]}}],"collection":[{"href":"https:\/\/suedosteuropaeische-hefte.org\/index.php?rest_route=\/wp\/v2\/pages"}],"about":[{"href":"https:\/\/suedosteuropaeische-hefte.org\/index.php?rest_route=\/wp\/v2\/types\/page"}],"author":[{"embeddable":true,"href":"https:\/\/suedosteuropaeische-hefte.org\/index.php?rest_route=\/wp\/v2\/users\/1"}],"replies":[{"embeddable":true,"href":"https:\/\/suedosteuropaeische-hefte.org\/index.php?rest_route=%2Fwp%2Fv2%2Fcomments&post=815"}],"version-history":[{"count":2,"href":"https:\/\/suedosteuropaeische-hefte.org\/index.php?rest_route=\/wp\/v2\/pages\/815\/revisions"}],"predecessor-version":[{"id":822,"href":"https:\/\/suedosteuropaeische-hefte.org\/index.php?rest_route=\/wp\/v2\/pages\/815\/revisions\/822"}],"up":[{"embeddable":true,"href":"https:\/\/suedosteuropaeische-hefte.org\/index.php?rest_route=\/wp\/v2\/pages\/566"}],"wp:attachment":[{"href":"https:\/\/suedosteuropaeische-hefte.org\/index.php?rest_route=%2Fwp%2Fv2%2Fmedia&parent=815"}],"curies":[{"name":"wp","href":"https:\/\/api.w.org\/{rel}","templated":true}]}}