{"id":826,"date":"2013-11-01T20:07:56","date_gmt":"2013-11-01T20:07:56","guid":{"rendered":"http:\/\/suedosteuropaeische-hefte.org\/?page_id=826"},"modified":"2016-03-09T20:25:42","modified_gmt":"2016-03-09T20:25:42","slug":"autor_innen-21","status":"publish","type":"page","link":"https:\/\/suedosteuropaeische-hefte.org\/?page_id=826","title":{"rendered":"Autor_innen (2\/1)"},"content":{"rendered":"<p style=\"text-align: justify;\"><span style=\"color: #800000;\"><a style=\"color: #800000;\" href=\"https:\/\/suedosteuropaeische-hefte.org\/wp-content\/uploads\/2013\/12\/autor_innen_sh_2_1.pdf\" target=\"_blank\"><strong>Autor_innen<\/strong> <\/a><\/span><\/p>\n<p style=\"text-align: justify;\"><strong>Buchenau, Klaus<\/strong><br \/>\nProfessor f\u00fcr Geschichte S\u00fcdost- und Osteuropas an der Universit\u00e4t Regensburg. Arbeitsgebiete: Religionsgeschichte S\u00fcdosteuropas, 19.-21. Jahrhundert; Religionsgeschichte der Tschechoslowakei; Antiwestlertum, Fundamentalismus in orthodoxen Kulturen S\u00fcdost- und Osteuropas; Geschichte Jugoslawiens und seiner Nachfolgestaaten; Geschichte der Korruption in S\u00fcdosteuropa; Beziehungen zwischen Russland\/Sowjetunion und S\u00fcdosteuropa, 19.-20. Jahrhundert; Geschichte der russischen Emigration; S\u00fcdosteuropa im globalen Vergleich (insbesondere mit Lateinamerika).<\/p>\n<p style=\"text-align: justify;\"><strong>Idrizi, Idrit \u00a0<\/strong><br \/>\nProvomiert am Institut f\u00fcr Osteurop\u00e4ische Geschichte der Universit\u00e4t Wien zum Thema \u201eAnspruch und Wirklichkeit(en) im sp\u00e4tsozialistischen Albanien. Eine kulturhistorische Untersuchung. (1976-1985)\u201c; Stipendiat der \u00d6sterreichischen Akademie der Wissenschaften. Arbeitsgebiete: Geschichte des Sozialismus; Geschichte Albaniens des 20. Jahrhunderts.<\/p>\n<p style=\"text-align: justify;\"><strong>Gantner, Eszter B.<\/strong><br \/>\nWissenschaftliche Mitarbeiterin am Institut f\u00fcr Europ\u00e4ische Ethnologie der Humboldt-Universit\u00e4t zu Berlin; studierte Jura, Geschichtswissenschaft und Politikwissenschaft in Budapest, Jerusalem, Potsdam und Berlin; Promotionsstipentiatin der Heinrich B\u00f6ll Stiftung; Dissertation im Bereich Wissenschaftsgeschichte an der Humboldt-Universit\u00e4t zu Berlin unter dem Titel \u201eBudapest-Berlin: Die Koordinaten einer Emigration 1919-1933\u201c; Lecturer und Koordinatorin der J\u00fcdischen Studien am Touro College Berlin (2004-2008); seit 2004 unterrichtet sie zudem an der ELTE Universit\u00e4t in Budapest; Mitbegr\u00fcnderin und wissenschaftliche Mitarbeiterin des \u201eCenter for Central European German-Jewish Culture\u201c an der ELTE Universit\u00e4t in Budapest (2008-2010).<\/p>\n<p style=\"text-align: justify;\"><strong>Kaser, Karl<\/strong><br \/>\nProfessor f\u00fcr S\u00fcdosteurop\u00e4ische Geschichte an der Karl-Franzens-Universit\u00e4t in Graz. Promotion an der KFU Graz (1980); Professur (1996); zahlreiche Forschungsprojekte zu Themen der historischen Anthropologie vor allem in den Bereichen der Familiengeschichte, Verwandschaftsgeschichte, Klientelismus sowie Geschlechterbeziehungen in S\u00fcdosteuropa. Arbeitsgebiete: Familien- und Verwandschaftsgeschichte; Geschlechterbeziehungen; visuelle Kulturen.<\/p>\n<p style=\"text-align: justify;\"><strong>Koummanoudi, Angelique Marie<\/strong><br \/>\nWas born and raised in Greece. She graduated from the University of Athens and received her Ph.D. in comparative literature at the University of Sorbonne, Paris IV. Her field of research concerns pagan myths in contemporary literature, mainly French and Greek. Presently, she is a Visiting lecturer at the University of Haifa, for the Modern Hellenic Studies program.<\/p>\n<p style=\"text-align: justify;\"><strong>Lacz\u00f3, Ferenc<\/strong><br \/>\nWissenschaftlicher Mitarbeiter am Imre-Kert\u00e9sz-Kolleg \u201eEuropas Osten im 20. Jahrhundert\u201c an der Friedrich-Schiller-Universit\u00e4t Jena; Promotion am Historischen Institut der Central European University Budapest zum Thema \u201eBetween Assimilation and Catastrophe. Hungarian-Jewish Intellectual Discourses in the Shadow of Nazism\u201c (2010); Studium der Geschichte Miteleuropas an Central European University in Budapest; Mitarbeiter am Forschungsprojekt der Volkswagen Stiftung \u201eDie Judenfrage im europ\u00e4ischen Vergleich. Gesellschaftliche Debatten \u00fcber die Stellung der Juden im mittleren und \u00f6stlichen Europa vom 18. Jahrhundert bis in die 1930er Jahre\u201c (2006-2008). Arbeitsgebiete: Geschichte der Juden Osteuropas, Geschichte j\u00fcdisch-christlicher Beziehungen; Ideengeschichte, insbesondere die Geschichte politischer Ideen und Diskurse; Geschichte des Sozialismus in Ostmitteleuropa, insbesondere von Dissidenten und Opposition; Geschichtsphilosophie.<\/p>\n<p style=\"text-align: justify;\"><strong>Malenica, Brigita<\/strong><br \/>\nDoktorandin am Institut f\u00fcr Politikwissenschaft der Universit\u00e4t Wien; promoviert zum Thema \u201eM\u00e4nner bauen Staaten. Narrative Konstruktionen kroatischer Nationalstaatlichkeit\u201c; Studium der Politikwissenschaft, Slavistik und Philosophie an der Ludwig-Maximilians-Universit\u00e4t M\u00fcnchen; Stipendiatin des Schroubek Fonds \u00f6stliches Europa. Arbeitsgebiete: Politikwissenschaft, Politiktheorien; Gender Studies; Gewaltforschung; Geschichte Jugoslawiens.<\/p>\n<p style=\"text-align: justify;\"><strong>Marsovszky, Magdalena<\/strong><br \/>\ngeb\u00fcrtig aus Ungarn, Studium der Kunstgeschichte, Germanistik, Kulturwissenschaften und Kulturpolitik in T\u00fcbingen und Ludwigsburg; freie wissenschaftliche Publizistin, Lehrbeauftragte der Hochschule Fulda, Mitglied des Villigster Forschungsforums f\u00fcr Nationalsozialismus, Rassismus und Antisemitismus e.V. und Vorstandsmitglied der Roma-B\u00fcrgerrechtsbewegung in Ungarn; Publikationen in deutscher, englischer und ungarischer Sprache. Forschungsschwerpunkte: politische Kulturforschung, Kulturgeschichte, Kultur- und Medienpolitik Ungarns, europ\u00e4ische Integration, essentialistische Identit\u00e4tskonstruktionen, v\u00f6lkisches Denken, Ethnizit\u00e4t, Antisemitismus, Antiziganismus, Rassismus.<\/p>\n<p style=\"text-align: justify;\"><strong>Powell, Martina<\/strong><br \/>\nStudium des Journalismus, der Internationalen Entwicklung und Geschichte in Wien und Amsterdam; freie Journalistin. Arbeitsgebiete: Politik, insbesondere Sozial- und Bildungspolitik; Proteste; Migration.<\/p>\n<p style=\"text-align: justify;\"><strong>Stojakovi\u0107, Krunoslav<\/strong><br \/>\nProjektmanager bei der Rosa-Luxemburg-Stiftung, Belgrad; promoviert an der Universit\u00e4t Bielefeld zum Thema der Protestpraktiken innerhalb der k\u00fcnstlerischen Avantgarde im sozialistischen Jugoslawien; Arbeitsgebiete: Geschichte Jugoslawiens; Ideen- und Intellektuellengeschichte; Sozialgeschichte; Nationalismusforschung.<\/p>\n<p style=\"text-align: justify;\"><strong>S\u00fcdost-Fachschaft Regensburg<\/strong><br \/>\nDie Fachschaft S\u00fcdost an der Universit\u00e4t Regensburg wurde im Wintersemester 2011\/12 gegr\u00fcndet. Sie setzt sich aus Studierenden verschiedener Studieng\u00e4nge zusammen, die ihr Interesse an Ost- und S\u00fcdosteuropa vereint. Ihr Ziel ist es, den ohnehin schon gut ausgebauten Standort mit seinen zahlreichen universit\u00e4ren und au\u00dferuniversit\u00e4ren Einrichtungen mit Ost- und S\u00fcdosteuropabezug weiter zu st\u00e4rken. Dazu geh\u00f6rt, f\u00fcr die Interessen der Studierenden einzutreten, den Zusammenhalt untereinander zu st\u00e4rken, aber auch die Organisation wissenschaftlicher Veranstaltungen, von Studierenden f\u00fcr Studierende, wie Gastvortr\u00e4ge, Film- und Literaturabende, Exkursionen oder gr\u00f6\u00dfere Projekte wie die Ringvorlesung \u201eAktuelle Konfliktlagen in S\u00fcdosteuropa\u201c.<\/p>\n<p style=\"text-align: justify;\"><strong>Tomi\u0107, \u0110or\u0111e<\/strong><br \/>\nWissenschaftlicher Mitarbeiter an der Humboldt-Universit\u00e4t zu Berlin im Rahmen des Forschungsprojektes \u201ePhantomgrenzen in Ostmitteleuropa\u201c; promoviert zum Thema Alterit\u00e4tsdiskurse in der Vojvodina im Laufe der 1990er Jahre; Arbeitsgebiete: Geschichte Jugoslawiens; Sozialgeschichte; soziale Bewegungen; Nationalismus; Diskursgeschichte.<\/p>\n<p style=\"text-align: justify;\"><strong>Tomi\u0107, Nikola<\/strong><br \/>\nWissenschaftlicher Mitarbeiter am Fachbereich Politik, Geschichte und Internationale Beziehungen der Universit\u00e4t Loughborough (Gro\u00dfbritannien); promoviert zum Thema \u201eDiscourse formation in the EU CFSP\/ESDP: The role of non-elected actors in the policymaking process before and after Lisbon\u201c; Studium der Politikwissenschaft, Internationalen Beziehungen, Europastudien, Geschichte und Kulturwissenschaften an der Universit\u00e4t Maastricht (2008-2009) und der Amerikanischen Universit\u00e4t in Bulgarien, Blagoevgrad (2004-2008); Stipendiat der Europ\u00e4ischen Kommission (Marie Curie Fellowship), des Niederl\u00e4ndischen Au\u00dfenministeriums (MTEC Scholarship), des Open Society Institute sowie der Regierung der Republik Serbien. Arbeitsgebiete: Politikwissenschaft, Internationale Beziehungen; Diskurstheorien, diskursiver Institutionalismus, konstruktivistischer Institutionalismus; Au\u00dfen- und Sicherheitspolitik der Europ\u00e4ischen Union.<\/p>\n<p style=\"text-align: justify;\"><strong>Troebst, Stefan<\/strong><br \/>\nProfessor f\u00fcr Kulturstudien Ostmitteleuropas an der Universit\u00e4t Leipzig. Stellvertretender Direktor und Leitender Wissenschaftler f\u00fcr das Gebiet Kulturstudien Ostmitteleuropas am GWZO und Ko-Direktor des Global and European Studies Institute (GESI). Arbeitsgebiete: Internationale and interethnische Beziehungen in Osteuropa; vergleichende Kulturgeschichte; Zeitgeschichte Europas; Migrationsforschung.<\/p>\n<p style=\"text-align: justify;\"><strong>Vulesica, Marija<\/strong><br \/>\nWissenschaftliche Mitarbeiterin am Zentrum f\u00fcr Antisemitismusforschung an der Technischen Universit\u00e4t Berlin; 2011 Promotion zum Thema \u201eDie Formierung des politischen Antisemitismus in den Kronl\u00e4ndern Kroatien und Slawonien 1879 bis 1906\u201c; Arbeitsgebiete: Geschichte des Antisemitismus; Holocaustforschung und j\u00fcdische Geschichte in S\u00fcdosteuropa.<\/p>\n","protected":false},"excerpt":{"rendered":"<p>Autor_innen Buchenau, Klaus Professor f\u00fcr Geschichte S\u00fcdost- und Osteuropas an der Universit\u00e4t Regensburg. Arbeitsgebiete: Religionsgeschichte S\u00fcdosteuropas, 19.-21. Jahrhundert; Religionsgeschichte der Tschechoslowakei; Antiwestlertum, Fundamentalismus in orthodoxen Kulturen S\u00fcdost- und Osteuropas; Geschichte Jugoslawiens und seiner Nachfolgestaaten; Geschichte der Korruption in S\u00fcdosteuropa; Beziehungen zwischen Russland\/Sowjetunion und S\u00fcdosteuropa, 19.-20. Jahrhundert; Geschichte der russischen Emigration; S\u00fcdosteuropa im globalen Vergleich (insbesondere &hellip; <a href=\"https:\/\/suedosteuropaeische-hefte.org\/?page_id=826\" class=\"more-link\"><span class=\"screen-reader-text\">Autor_innen (2\/1)<\/span> weiterlesen <span class=\"meta-nav\">&rarr;<\/span><\/a><\/p>\n","protected":false},"author":1,"featured_media":0,"parent":566,"menu_order":16,"comment_status":"closed","ping_status":"closed","template":"","meta":{"footnotes":""},"class_list":["post-826","page","type-page","status-publish","hentry"],"_links":{"self":[{"href":"https:\/\/suedosteuropaeische-hefte.org\/index.php?rest_route=\/wp\/v2\/pages\/826","targetHints":{"allow":["GET"]}}],"collection":[{"href":"https:\/\/suedosteuropaeische-hefte.org\/index.php?rest_route=\/wp\/v2\/pages"}],"about":[{"href":"https:\/\/suedosteuropaeische-hefte.org\/index.php?rest_route=\/wp\/v2\/types\/page"}],"author":[{"embeddable":true,"href":"https:\/\/suedosteuropaeische-hefte.org\/index.php?rest_route=\/wp\/v2\/users\/1"}],"replies":[{"embeddable":true,"href":"https:\/\/suedosteuropaeische-hefte.org\/index.php?rest_route=%2Fwp%2Fv2%2Fcomments&post=826"}],"version-history":[{"count":2,"href":"https:\/\/suedosteuropaeische-hefte.org\/index.php?rest_route=\/wp\/v2\/pages\/826\/revisions"}],"predecessor-version":[{"id":828,"href":"https:\/\/suedosteuropaeische-hefte.org\/index.php?rest_route=\/wp\/v2\/pages\/826\/revisions\/828"}],"up":[{"embeddable":true,"href":"https:\/\/suedosteuropaeische-hefte.org\/index.php?rest_route=\/wp\/v2\/pages\/566"}],"wp:attachment":[{"href":"https:\/\/suedosteuropaeische-hefte.org\/index.php?rest_route=%2Fwp%2Fv2%2Fmedia&parent=826"}],"curies":[{"name":"wp","href":"https:\/\/api.w.org\/{rel}","templated":true}]}}