{"id":854,"date":"2012-12-11T10:10:34","date_gmt":"2012-12-11T10:10:34","guid":{"rendered":"http:\/\/suedosteuropaeische-hefte.org\/?page_id=854"},"modified":"2016-03-13T10:13:46","modified_gmt":"2016-03-13T10:13:46","slug":"andreas-guidi-traditionen-im-transit-deutung-der-lokalen-geschichte-und-kategorisierungsprozesse-am-beispiel-von-kulturpolitischen-institutionen-im-serbischen-sandzak","status":"publish","type":"page","link":"https:\/\/suedosteuropaeische-hefte.org\/?page_id=854","title":{"rendered":"Andreas Guidi: \u201eTraditionen im Transit\u201c. Deutung der lokalen Geschichte und Kategorisierungsprozesse am Beispiel von kulturpolitischen Institutionen im serbischen Sand\u017eak"},"content":{"rendered":"<p><strong>Andreas Guidi<\/strong><br \/>\n<span style=\"color: #800000;\"><a style=\"color: #800000;\" href=\"https:\/\/suedosteuropaeische-hefte.org\/wp-content\/uploads\/2012\/12\/sh_1_2_guidi.pdf\" target=\"_blank\"><strong>\u201eTraditionen im Transit\u201c. Deutung der lokalen Geschichte und Kategorisierungsprozesse am Beispiel von kulturpolitischen Institutionen im serbischen Sand\u017eak<\/strong><\/a><\/span><br \/>\n(als <span style=\"color: #800000;\"><a style=\"color: #800000;\" href=\"https:\/\/suedosteuropaeische-hefte.org\/wp-content\/uploads\/2012\/12\/sh_1_2_guidi.pdf\" target=\"_blank\">pdf-Datei<\/a><\/span> herunterladen)<\/p>\n<p style=\"text-align: justify;\"><strong>Abstract<\/strong><br \/>\nFrom the occupation of the Sand\u017eak of Novi Pazar by Serbian troops, precisely one hundred years ago during the First Balkan War, this territory has undergone rash changes as to the cultural-political references adopted by the elite in order to bolster the loyalty of the local Muslim population. This article questions the content and the dynamics of the discourses of the 20th century which made a complicated juxtaposition of symbols \u2013 especially by \u201cinventing tradition\u201d and establishing links with other world regions \u2013 become an \u201cidentity\u201d postulated by local institutions, mainly opposing the authorities in Belgrade. The theoretical tools used through this research help underline the role of elites in \u201ctransition\u201d times and their use of the imaginaire to re-define the criteria of \u201ccommunity\u201d according to categories based on \u201ccultural identity\u201d, though aiming at increasing loyalty for political purposes. Since new cultural-political actors have entered this arena in the recent years, it is worthy enquiring the process of interpretation of local history from this \u201cnational\u201d perspective, revealing at the same time it\u2019s controversial and less fundated features. In doing this, three periods are dealt with: the interwar Kingdom of Yugoslavia, the SFRJ after 1945 and the turbulent 1990s: each of them is properly contextualised, nonetheless it is possible to find certain analogies in the\u201cinvention\u201c of an appareantly coherent path towards full emancipation of the \u201cBo\u0161njaks\u201d, still to be eked out. Lastly, this work describes the self-representation of newly founded cultural institutions such as the Faculty for Islamic Studies and the Turkish Cultural Centre. The main theses of the article points at the peculiar nature of the Sand\u017eak as a transit-territory exposed to enormous exchange and mixture between human beings and their ideas where a \u201cnational movement\u201d without an inner centre of gravity emerged. Thus, the actual \u201cideological\u201d friction with Belgrade is read as an attempt to affirm the \u201copenness\u201d to external influence, especially with other countries historically and economically related with the Sand\u017eak.<\/p>\n<p style=\"text-align: justify;\"><strong>Zitation<\/strong><br \/>\nGuidi, Andreas (2012): \u201eTraditionen im Transit\u201c. Deutung der lokalen Geschichte und Kategorisierungsprozesse am Beispiel von kulturpolitischen Institutionen im serbischen Sand\u017eak. In: <em>S\u00fcdosteurop\u00e4ische Hefte<\/em> 1 (2), S. 58\u201376.<\/p>\n<p><em>Persistent Identifier (PID)<\/em>: <span style=\"color: #800000;\"><a style=\"color: #800000;\" href=\"http:\/\/nbn-resolving.de\/urn:nbn:de:0168-ssoar-324622\" target=\"_blank\">http:\/\/nbn-resolving.de\/urn:nbn:de:0168-ssoar-324622<\/a><\/span><\/p>\n","protected":false},"excerpt":{"rendered":"<p>Andreas Guidi \u201eTraditionen im Transit\u201c. Deutung der lokalen Geschichte und Kategorisierungsprozesse am Beispiel von kulturpolitischen Institutionen im serbischen Sand\u017eak (als pdf-Datei herunterladen) Abstract From the occupation of the Sand\u017eak of Novi Pazar by Serbian troops, precisely one hundred years ago during the First Balkan War, this territory has undergone rash changes as to the cultural-political &hellip; <a href=\"https:\/\/suedosteuropaeische-hefte.org\/?page_id=854\" class=\"more-link\"><span class=\"screen-reader-text\">Andreas Guidi: \u201eTraditionen im Transit\u201c. Deutung der lokalen Geschichte und Kategorisierungsprozesse am Beispiel von kulturpolitischen Institutionen im serbischen Sand\u017eak<\/span> weiterlesen <span class=\"meta-nav\">&rarr;<\/span><\/a><\/p>\n","protected":false},"author":1,"featured_media":0,"parent":563,"menu_order":6,"comment_status":"closed","ping_status":"closed","template":"","meta":{"footnotes":""},"class_list":["post-854","page","type-page","status-publish","hentry"],"_links":{"self":[{"href":"https:\/\/suedosteuropaeische-hefte.org\/index.php?rest_route=\/wp\/v2\/pages\/854","targetHints":{"allow":["GET"]}}],"collection":[{"href":"https:\/\/suedosteuropaeische-hefte.org\/index.php?rest_route=\/wp\/v2\/pages"}],"about":[{"href":"https:\/\/suedosteuropaeische-hefte.org\/index.php?rest_route=\/wp\/v2\/types\/page"}],"author":[{"embeddable":true,"href":"https:\/\/suedosteuropaeische-hefte.org\/index.php?rest_route=\/wp\/v2\/users\/1"}],"replies":[{"embeddable":true,"href":"https:\/\/suedosteuropaeische-hefte.org\/index.php?rest_route=%2Fwp%2Fv2%2Fcomments&post=854"}],"version-history":[{"count":2,"href":"https:\/\/suedosteuropaeische-hefte.org\/index.php?rest_route=\/wp\/v2\/pages\/854\/revisions"}],"predecessor-version":[{"id":856,"href":"https:\/\/suedosteuropaeische-hefte.org\/index.php?rest_route=\/wp\/v2\/pages\/854\/revisions\/856"}],"up":[{"embeddable":true,"href":"https:\/\/suedosteuropaeische-hefte.org\/index.php?rest_route=\/wp\/v2\/pages\/563"}],"wp:attachment":[{"href":"https:\/\/suedosteuropaeische-hefte.org\/index.php?rest_route=%2Fwp%2Fv2%2Fmedia&parent=854"}],"curies":[{"name":"wp","href":"https:\/\/api.w.org\/{rel}","templated":true}]}}