{"id":863,"date":"2012-12-11T10:23:26","date_gmt":"2012-12-11T10:23:26","guid":{"rendered":"http:\/\/suedosteuropaeische-hefte.org\/?page_id=863"},"modified":"2016-03-13T10:26:43","modified_gmt":"2016-03-13T10:26:43","slug":"heike-karge-sozialfuersorge-und-gesundheit-in-ost-und-suedosteuropa-im-langen-20-jahrhundert","status":"publish","type":"page","link":"https:\/\/suedosteuropaeische-hefte.org\/?page_id=863","title":{"rendered":"Heike Karge: Sozialf\u00fcrsorge und Gesundheit in Ost- und S\u00fcdosteuropa im langen 20. Jahrhundert"},"content":{"rendered":"<p><strong>Heike Karge<\/strong><br \/>\n<span style=\"color: #800000;\"><a style=\"color: #800000;\" href=\"https:\/\/suedosteuropaeische-hefte.org\/wp-content\/uploads\/2012\/12\/sh_1_2_karge.pdf\" target=\"_blank\"><strong>Sozialf\u00fcrsorge und Gesundheit in Ost- und S\u00fcdosteuropa im langen 20. Jahrhundert<\/strong><\/a><\/span><br \/>\n(als <span style=\"color: #800000;\"><a style=\"color: #800000;\" href=\"https:\/\/suedosteuropaeische-hefte.org\/wp-content\/uploads\/2012\/12\/sh_1_2_karge.pdf\" target=\"_blank\">pdf-Datei<\/a><\/span> herunterladen)<\/p>\n<p style=\"text-align: justify;\"><strong>Zitation<\/strong><br \/>\nKarge, Heike (2012): Sozialf\u00fcrsorge und Gesundheit in Ost- und S\u00fcdosteuropa im langen 20. Jahrhundert. In: <em>S\u00fcdosteurop\u00e4ische Hefte<\/em> 1 (2), S. 89\u201394.<\/p>\n<p><em>Persistent Identifier (PID)<\/em>: <span style=\"color: #800000;\"><a style=\"color: #800000;\" href=\"http:\/\/nbn-resolving.de\/urn:nbn:de:0168-ssoar-323677\" target=\"_blank\">http:\/\/nbn-resolving.de\/urn:nbn:de:0168-ssoar-323677<\/a><\/span><\/p>\n","protected":false},"excerpt":{"rendered":"<p>Heike Karge Sozialf\u00fcrsorge und Gesundheit in Ost- und S\u00fcdosteuropa im langen 20. Jahrhundert (als pdf-Datei herunterladen) Zitation Karge, Heike (2012): Sozialf\u00fcrsorge und Gesundheit in Ost- und S\u00fcdosteuropa im langen 20. Jahrhundert. In: S\u00fcdosteurop\u00e4ische Hefte 1 (2), S. 89\u201394. Persistent Identifier (PID): http:\/\/nbn-resolving.de\/urn:nbn:de:0168-ssoar-323677<\/p>\n","protected":false},"author":1,"featured_media":0,"parent":563,"menu_order":8,"comment_status":"closed","ping_status":"closed","template":"","meta":{"footnotes":""},"class_list":["post-863","page","type-page","status-publish","hentry"],"_links":{"self":[{"href":"https:\/\/suedosteuropaeische-hefte.org\/index.php?rest_route=\/wp\/v2\/pages\/863","targetHints":{"allow":["GET"]}}],"collection":[{"href":"https:\/\/suedosteuropaeische-hefte.org\/index.php?rest_route=\/wp\/v2\/pages"}],"about":[{"href":"https:\/\/suedosteuropaeische-hefte.org\/index.php?rest_route=\/wp\/v2\/types\/page"}],"author":[{"embeddable":true,"href":"https:\/\/suedosteuropaeische-hefte.org\/index.php?rest_route=\/wp\/v2\/users\/1"}],"replies":[{"embeddable":true,"href":"https:\/\/suedosteuropaeische-hefte.org\/index.php?rest_route=%2Fwp%2Fv2%2Fcomments&post=863"}],"version-history":[{"count":2,"href":"https:\/\/suedosteuropaeische-hefte.org\/index.php?rest_route=\/wp\/v2\/pages\/863\/revisions"}],"predecessor-version":[{"id":865,"href":"https:\/\/suedosteuropaeische-hefte.org\/index.php?rest_route=\/wp\/v2\/pages\/863\/revisions\/865"}],"up":[{"embeddable":true,"href":"https:\/\/suedosteuropaeische-hefte.org\/index.php?rest_route=\/wp\/v2\/pages\/563"}],"wp:attachment":[{"href":"https:\/\/suedosteuropaeische-hefte.org\/index.php?rest_route=%2Fwp%2Fv2%2Fmedia&parent=863"}],"curies":[{"name":"wp","href":"https:\/\/api.w.org\/{rel}","templated":true}]}}