{"id":867,"date":"2012-12-11T10:27:23","date_gmt":"2012-12-11T10:27:23","guid":{"rendered":"http:\/\/suedosteuropaeische-hefte.org\/?page_id=867"},"modified":"2016-03-13T10:34:01","modified_gmt":"2016-03-13T10:34:01","slug":"philipp-tybus-kriege-in-jugoslawien-herausforderung-fuer-eine-europaeische-friedenskultur-internationale-tagung-29-november-1-dezember-2011-alpen-adria-universitaet-klagenf","status":"publish","type":"page","link":"https:\/\/suedosteuropaeische-hefte.org\/?page_id=867","title":{"rendered":"Philipp Tybus: Krieg(e) in Jugoslawien \u2013 Herausforderung f\u00fcr eine europ\u00e4ische Friedenskultur. Internationale Tagung: 29. November \u2013 1. Dezember 2011, Alpen-Adria Universit\u00e4t Klagenfurt"},"content":{"rendered":"<p><strong>Philipp Tybus<\/strong><br \/>\n<span style=\"color: #800000;\"><a style=\"color: #800000;\" href=\"https:\/\/suedosteuropaeische-hefte.org\/wp-content\/uploads\/2012\/12\/sh_1_2_tybus.pdf\" target=\"_blank\"> <strong>Krieg(e) in Jugoslawien \u2013 Herausforderung f\u00fcr eine europ\u00e4ische Friedenskultur. Internationale Tagung: 29. November \u2013 1. Dezember 2011, Alpen-Adria Universit\u00e4t Klagenfurt<\/strong><\/a><\/span><br \/>\n(als <span style=\"color: #800000;\"><a style=\"color: #800000;\" href=\"https:\/\/suedosteuropaeische-hefte.org\/wp-content\/uploads\/2012\/12\/sh_1_2_tybus.pdf\" target=\"_blank\">pdf-Datei<\/a><\/span> herunterladen)<\/p>\n<p style=\"text-align: justify;\"><strong>Zitation<\/strong><br \/>\nTybus, Philipp (2012): Krieg(e) in Jugoslawien \u2013 Herausforderung f\u00fcr eine europ\u00e4ische Friedenskultur. Internationale Tagung: 29. November \u2013 1. Dezember 2011, Alpen-Adria Universit\u00e4t Klagenfurt. In: <em>S\u00fcdosteurop\u00e4ische Hefte<\/em> 1 (2), S. 95\u201398.<\/p>\n<p><em>Persistent Identifier (PID)<\/em>: <span style=\"color: #800000;\"><a style=\"color: #800000;\" href=\"http:\/\/nbn-resolving.de\/urn:nbn:de:0168-ssoar-323667\" target=\"_blank\">http:\/\/nbn-resolving.de\/urn:nbn:de:0168-ssoar-323667<\/a><\/span><\/p>\n","protected":false},"excerpt":{"rendered":"<p>Philipp Tybus Krieg(e) in Jugoslawien \u2013 Herausforderung f\u00fcr eine europ\u00e4ische Friedenskultur. Internationale Tagung: 29. November \u2013 1. Dezember 2011, Alpen-Adria Universit\u00e4t Klagenfurt (als pdf-Datei herunterladen) Zitation Tybus, Philipp (2012): Krieg(e) in Jugoslawien \u2013 Herausforderung f\u00fcr eine europ\u00e4ische Friedenskultur. Internationale Tagung: 29. November \u2013 1. Dezember 2011, Alpen-Adria Universit\u00e4t Klagenfurt. In: S\u00fcdosteurop\u00e4ische Hefte 1 (2), S. &hellip; <a href=\"https:\/\/suedosteuropaeische-hefte.org\/?page_id=867\" class=\"more-link\"><span class=\"screen-reader-text\">Philipp Tybus: Krieg(e) in Jugoslawien \u2013 Herausforderung f\u00fcr eine europ\u00e4ische Friedenskultur. Internationale Tagung: 29. November \u2013 1. Dezember 2011, Alpen-Adria Universit\u00e4t Klagenfurt<\/span> weiterlesen <span class=\"meta-nav\">&rarr;<\/span><\/a><\/p>\n","protected":false},"author":1,"featured_media":0,"parent":563,"menu_order":9,"comment_status":"closed","ping_status":"closed","template":"","meta":{"footnotes":""},"class_list":["post-867","page","type-page","status-publish","hentry"],"_links":{"self":[{"href":"https:\/\/suedosteuropaeische-hefte.org\/index.php?rest_route=\/wp\/v2\/pages\/867","targetHints":{"allow":["GET"]}}],"collection":[{"href":"https:\/\/suedosteuropaeische-hefte.org\/index.php?rest_route=\/wp\/v2\/pages"}],"about":[{"href":"https:\/\/suedosteuropaeische-hefte.org\/index.php?rest_route=\/wp\/v2\/types\/page"}],"author":[{"embeddable":true,"href":"https:\/\/suedosteuropaeische-hefte.org\/index.php?rest_route=\/wp\/v2\/users\/1"}],"replies":[{"embeddable":true,"href":"https:\/\/suedosteuropaeische-hefte.org\/index.php?rest_route=%2Fwp%2Fv2%2Fcomments&post=867"}],"version-history":[{"count":1,"href":"https:\/\/suedosteuropaeische-hefte.org\/index.php?rest_route=\/wp\/v2\/pages\/867\/revisions"}],"predecessor-version":[{"id":868,"href":"https:\/\/suedosteuropaeische-hefte.org\/index.php?rest_route=\/wp\/v2\/pages\/867\/revisions\/868"}],"up":[{"embeddable":true,"href":"https:\/\/suedosteuropaeische-hefte.org\/index.php?rest_route=\/wp\/v2\/pages\/563"}],"wp:attachment":[{"href":"https:\/\/suedosteuropaeische-hefte.org\/index.php?rest_route=%2Fwp%2Fv2%2Fmedia&parent=867"}],"curies":[{"name":"wp","href":"https:\/\/api.w.org\/{rel}","templated":true}]}}