{"id":870,"date":"2012-12-11T10:35:20","date_gmt":"2012-12-11T10:35:20","guid":{"rendered":"http:\/\/suedosteuropaeische-hefte.org\/?page_id=870"},"modified":"2016-03-13T10:39:58","modified_gmt":"2016-03-13T10:39:58","slug":"rezension-calic-marie-janine-2010-geschichte-jugoslawiens-im-20-jahrhundert-muenchen-c-h-beck-europaeische-geschichte-im-20-jahrhundert-415-seiten-isbn-978-3-406-60645-8","status":"publish","type":"page","link":"https:\/\/suedosteuropaeische-hefte.org\/?page_id=870","title":{"rendered":"Rezension: Calic, Marie-Janine (2010): Geschichte Jugoslawiens im 20. Jahrhundert. M\u00fcnchen: C.H. Beck (Europ\u00e4ische Geschichte im 20. Jahrhundert), 415 Seiten, ISBN: 978-3-406-60645-8"},"content":{"rendered":"<p><strong>Nata\u0161a Mi\u0161kovi\u0107<\/strong><br \/>\n<span style=\"color: #800000;\"><a style=\"color: #800000;\" href=\"https:\/\/suedosteuropaeische-hefte.org\/wp-content\/uploads\/2012\/12\/sh_1_2_miskovic.pdf\" target=\"_blank\"><strong>Calic, Marie-Janine (2010): Geschichte Jugoslawiens im 20. Jahrhundert. M\u00fcnchen: C.H. Beck (Europ\u00e4ische Geschichte im 20. Jahrhundert), 415 Seiten, ISBN: 978-3-406-60645-8<\/strong> <\/a><\/span><br \/>\n(als <span style=\"color: #800000;\"><a style=\"color: #800000;\" href=\"https:\/\/suedosteuropaeische-hefte.org\/wp-content\/uploads\/2012\/12\/sh_1_2_miskovic.pdf\" target=\"_blank\">pdf-Datei<\/a><\/span> herunterladen)<\/p>\n<p style=\"text-align: justify;\"><strong>Zitation<\/strong><br \/>\nMi\u0161kovi\u0107, Nata\u0161a (2012): Calic, Marie-Janine (2010): Geschichte Jugoslawiens im 20. Jahrhundert. M\u00fcnchen: C.H. Beck (Europ\u00e4ische Geschichte im 20. Jahrhundert), 415 Seiten, ISBN: 978-3-406-60645-8. In: <em>S\u00fcdosteurop\u00e4ische Hefte<\/em> 1 (2), S. 100\u2013103.<\/p>\n","protected":false},"excerpt":{"rendered":"<p>Nata\u0161a Mi\u0161kovi\u0107 Calic, Marie-Janine (2010): Geschichte Jugoslawiens im 20. Jahrhundert. M\u00fcnchen: C.H. Beck (Europ\u00e4ische Geschichte im 20. Jahrhundert), 415 Seiten, ISBN: 978-3-406-60645-8 (als pdf-Datei herunterladen) Zitation Mi\u0161kovi\u0107, Nata\u0161a (2012): Calic, Marie-Janine (2010): Geschichte Jugoslawiens im 20. Jahrhundert. M\u00fcnchen: C.H. Beck (Europ\u00e4ische Geschichte im 20. Jahrhundert), 415 Seiten, ISBN: 978-3-406-60645-8. In: S\u00fcdosteurop\u00e4ische Hefte 1 (2), S. &hellip; <a href=\"https:\/\/suedosteuropaeische-hefte.org\/?page_id=870\" class=\"more-link\"><span class=\"screen-reader-text\">Rezension: Calic, Marie-Janine (2010): Geschichte Jugoslawiens im 20. Jahrhundert. M\u00fcnchen: C.H. Beck (Europ\u00e4ische Geschichte im 20. Jahrhundert), 415 Seiten, ISBN: 978-3-406-60645-8<\/span> weiterlesen <span class=\"meta-nav\">&rarr;<\/span><\/a><\/p>\n","protected":false},"author":1,"featured_media":0,"parent":563,"menu_order":10,"comment_status":"closed","ping_status":"closed","template":"","meta":{"footnotes":""},"class_list":["post-870","page","type-page","status-publish","hentry"],"_links":{"self":[{"href":"https:\/\/suedosteuropaeische-hefte.org\/index.php?rest_route=\/wp\/v2\/pages\/870","targetHints":{"allow":["GET"]}}],"collection":[{"href":"https:\/\/suedosteuropaeische-hefte.org\/index.php?rest_route=\/wp\/v2\/pages"}],"about":[{"href":"https:\/\/suedosteuropaeische-hefte.org\/index.php?rest_route=\/wp\/v2\/types\/page"}],"author":[{"embeddable":true,"href":"https:\/\/suedosteuropaeische-hefte.org\/index.php?rest_route=\/wp\/v2\/users\/1"}],"replies":[{"embeddable":true,"href":"https:\/\/suedosteuropaeische-hefte.org\/index.php?rest_route=%2Fwp%2Fv2%2Fcomments&post=870"}],"version-history":[{"count":2,"href":"https:\/\/suedosteuropaeische-hefte.org\/index.php?rest_route=\/wp\/v2\/pages\/870\/revisions"}],"predecessor-version":[{"id":872,"href":"https:\/\/suedosteuropaeische-hefte.org\/index.php?rest_route=\/wp\/v2\/pages\/870\/revisions\/872"}],"up":[{"embeddable":true,"href":"https:\/\/suedosteuropaeische-hefte.org\/index.php?rest_route=\/wp\/v2\/pages\/563"}],"wp:attachment":[{"href":"https:\/\/suedosteuropaeische-hefte.org\/index.php?rest_route=%2Fwp%2Fv2%2Fmedia&parent=870"}],"curies":[{"name":"wp","href":"https:\/\/api.w.org\/{rel}","templated":true}]}}