{"id":878,"date":"2012-12-11T10:45:51","date_gmt":"2012-12-11T10:45:51","guid":{"rendered":"http:\/\/suedosteuropaeische-hefte.org\/?page_id=878"},"modified":"2021-07-04T16:48:28","modified_gmt":"2021-07-04T16:48:28","slug":"rezension-haselsteiner-horst-wastl-walter-doris-hg-2011-mosaik-europas-die-vojvodina-frankfurt-am-main-u-a-peter-lang-verlag-217-s-isbn-978-3-631-59123-9","status":"publish","type":"page","link":"https:\/\/suedosteuropaeische-hefte.org\/?page_id=878","title":{"rendered":"Rezension: Haselsteiner, Horst; Wastl-Walter, Doris (Hg.) (2011): Mosaik Europas. Die Vojvodina. Frankfurt am Main u.a.: Peter Lang Verlag, 217 S. ISBN 978-3-631-59123-9"},"content":{"rendered":"<p><strong>\u0110or\u0111e Tomi\u0107<\/strong><br \/>\n<span style=\"color: #800000;\"><a style=\"color: #800000;\" href=\"https:\/\/suedosteuropaeischehefte.files.wordpress.com\/2012\/12\/sh_1_2_tomic.pdf\" target=\"_blank\" rel=\"noopener\"><strong>Haselsteiner, Horst; Wastl-Walter, Doris (Hg.) (2011): Mosaik Europas. Die Vojvodina. Frankfurt am Main u.a.: Peter Lang Verlag, 217 S. ISBN 978-3-631-59123-9<\/strong> <\/a><\/span><br \/>\n(als <span style=\"color: #800000;\"><a style=\"color: #800000;\" href=\"https:\/\/suedosteuropaeischehefte.files.wordpress.com\/2012\/12\/sh_1_2_tomic.pdf\" target=\"_blank\" rel=\"noopener\">pdf-Datei<\/a><\/span> herunterladen)<\/p>\n<p style=\"text-align: justify;\"><strong>Zitation<\/strong><br \/>\nTomi\u0107, \u0110or\u0111e (2012): Haselsteiner, Horst; Wastl-Walter, Doris (Hg.) (2011): Mosaik Europas. Die Vojvodina. Frankfurt am Main u.a.: Peter Lang Verlag, 217 S. ISBN 978-3-631-59123-9. In: <em>S\u00fcdosteurop\u00e4ische Hefte<\/em> 1 (2), S. 107\u2013110.<\/p>\n","protected":false},"excerpt":{"rendered":"<p>\u0110or\u0111e Tomi\u0107 Haselsteiner, Horst; Wastl-Walter, Doris (Hg.) (2011): Mosaik Europas. Die Vojvodina. Frankfurt am Main u.a.: Peter Lang Verlag, 217 S. ISBN 978-3-631-59123-9 (als pdf-Datei herunterladen) Zitation Tomi\u0107, \u0110or\u0111e (2012): Haselsteiner, Horst; Wastl-Walter, Doris (Hg.) (2011): Mosaik Europas. Die Vojvodina. Frankfurt am Main u.a.: Peter Lang Verlag, 217 S. ISBN 978-3-631-59123-9. In: S\u00fcdosteurop\u00e4ische Hefte 1 &hellip; <a href=\"https:\/\/suedosteuropaeische-hefte.org\/?page_id=878\" class=\"more-link\"><span class=\"screen-reader-text\">Rezension: Haselsteiner, Horst; Wastl-Walter, Doris (Hg.) (2011): Mosaik Europas. Die Vojvodina. Frankfurt am Main u.a.: Peter Lang Verlag, 217 S. ISBN 978-3-631-59123-9<\/span> weiterlesen <span class=\"meta-nav\">&rarr;<\/span><\/a><\/p>\n","protected":false},"author":1,"featured_media":0,"parent":563,"menu_order":12,"comment_status":"closed","ping_status":"closed","template":"","meta":{"footnotes":""},"class_list":["post-878","page","type-page","status-publish","hentry"],"_links":{"self":[{"href":"https:\/\/suedosteuropaeische-hefte.org\/index.php?rest_route=\/wp\/v2\/pages\/878","targetHints":{"allow":["GET"]}}],"collection":[{"href":"https:\/\/suedosteuropaeische-hefte.org\/index.php?rest_route=\/wp\/v2\/pages"}],"about":[{"href":"https:\/\/suedosteuropaeische-hefte.org\/index.php?rest_route=\/wp\/v2\/types\/page"}],"author":[{"embeddable":true,"href":"https:\/\/suedosteuropaeische-hefte.org\/index.php?rest_route=\/wp\/v2\/users\/1"}],"replies":[{"embeddable":true,"href":"https:\/\/suedosteuropaeische-hefte.org\/index.php?rest_route=%2Fwp%2Fv2%2Fcomments&post=878"}],"version-history":[{"count":4,"href":"https:\/\/suedosteuropaeische-hefte.org\/index.php?rest_route=\/wp\/v2\/pages\/878\/revisions"}],"predecessor-version":[{"id":965,"href":"https:\/\/suedosteuropaeische-hefte.org\/index.php?rest_route=\/wp\/v2\/pages\/878\/revisions\/965"}],"up":[{"embeddable":true,"href":"https:\/\/suedosteuropaeische-hefte.org\/index.php?rest_route=\/wp\/v2\/pages\/563"}],"wp:attachment":[{"href":"https:\/\/suedosteuropaeische-hefte.org\/index.php?rest_route=%2Fwp%2Fv2%2Fmedia&parent=878"}],"curies":[{"name":"wp","href":"https:\/\/api.w.org\/{rel}","templated":true}]}}