{"id":881,"date":"2012-12-11T10:56:45","date_gmt":"2012-12-11T10:56:45","guid":{"rendered":"http:\/\/suedosteuropaeische-hefte.org\/?page_id=881"},"modified":"2016-03-13T10:59:43","modified_gmt":"2016-03-13T10:59:43","slug":"autor_innen-12","status":"publish","type":"page","link":"https:\/\/suedosteuropaeische-hefte.org\/?page_id=881","title":{"rendered":"Autor_innen (1\/2)"},"content":{"rendered":"<p style=\"text-align: justify;\"><span style=\"color: #800000;\"><a style=\"color: #800000;\" href=\"https:\/\/suedosteuropaeische-hefte.org\/wp-content\/uploads\/2012\/12\/sh_1_2_autor_innen.pdf\" target=\"_blank\"><strong>Autor_innen<\/strong><\/a><\/span><\/p>\n<p style=\"text-align: justify;\"><strong>Feltes, Tilmann<\/strong><br \/>\nStudium der Politikwissenschaft und Geografie (B.A.) an den Universit\u00e4ten Bochum und Dundee sowie Studium der Politikwissenschaft mit Schwerpunkt Entwicklungszusammenarbeit (M.A.) am Arnold-Bergstraesser-Institut der Albert-Ludwigs-Universit\u00e4t Freiburg i. Brsg. Arbeitsgebiete: Internationale Beziehungen, Partizipationsforschung, Demokratie und Entwicklung.<\/p>\n<p style=\"text-align: justify;\"><strong>Grandits, Hannes<\/strong><br \/>\nProfessor f\u00fcr S\u00fcdosteurop\u00e4ische Geschichte an der Humboldt-Universit\u00e4t zu Berlin. Studium, Promotion (1996) und Habilitation (2006) im Fach S\u00fcdosteurop\u00e4ische Geschichte an der Universit\u00e4t Graz. Gastwissenschaftler\/ wissenschaftlicher Mitarbeiter an der Universi\u00e4t Graz, dem Internationalen Forschungszentrum Kulturwissenschaften (IFK) in Wien, dem Max-Planck-Institut f\u00fcr ethnologische Forschung in Halle (Saale), dem Zentrum f\u00fcr Vergleichende Geschichte Europas (ZVGE) in Berlin. Lehre der S\u00fcdosteurop\u00e4ischen Geschichte an der Karl-Franzens-Universit\u00e4t Graz, der Universit\u00e4t Wien, der Ludwig-Maximilians-Universit\u00e4t M\u00fcnchen und der Humboldt-Universit\u00e4t zu Berlin. Leitung mehrerer Forschungsprojekte: \u201eKinship and Social Security in Europe\u201c (6. Rahmenprogramm der EU); \u201eTourism and Leisure Cultures in Socialist Yugoslavia\u201c (\u00d6sterr. Wissenschaftsfond \u2013 FWF); \u201eAmbiguous Nationbuilding in Southeastern Europe (VW-Stiftung\/FWF); seit 2011 \u201ePhantomgrenzen in Ostmitteleuropa\u201c (BMBF). Arbeitsgebiete: Sozialgeschichte; Nationalismusforschung; Kulturgeschichte; Alltagsgeschichte; historische Anthropologie; Familienforschung.<\/p>\n<p style=\"text-align: justify;\"><strong>Guidi, Andreas<\/strong><br \/>\nMasterstudent am Osteuropa-Institut der Freien Universit\u00e4t Berlin. Studium der Germanistik und Slawistik in Milano. Stipendiat der Rosa Luxemburg Stiftung. Arbeitsgebiete: Erinnerungsgeschichte; Faschismusforschung; Politikgeschichte.<\/p>\n<p style=\"text-align: justify;\"><strong>Karge, Heike<\/strong><br \/>\nSeit 2008 als Akademische R\u00e4tin am Lehrstuhl f\u00fcr Geschichte S\u00fcdost- und Osteuropas an der Universit\u00e4t Regensburg t\u00e4tig. Promovierte am Europ\u00e4ischen Hochschulinstitut in Florenz mit einem Thema zu den Formen und Funktionen jugoslawischer Erinnerungskultur. Ihr Buch \u201eSteinerne Erinnerung \u2013 versteinerte Erinnerung? Kriegsgedenken im sozialistischen Jugoslawien\u201c erschien im Jahre 2010 im Harrassowitz-Verlag und wird derzeit ins Serbische \u00fcbersetzt. Arbeitsgebiete: Erinnerungsgeschichte; Sozialgeschichte; Geschichte S\u00fcdosteuropas.<\/p>\n<p style=\"text-align: justify;\"><strong>Mi\u0161kovi\u0107, Nata\u0161a<\/strong><br \/>\nWissenschaftliche Mitarbeiterin am Historischen Seminar in Z\u00fcrich, Abteilung f\u00fcr Osteurop\u00e4ische Geschichte. Ihr Habilitationsprojekt unter dem Titel \u201eTito, Nehru, Nasser und die Blockfreienbewegung 1950\u20131965. Beziehungsgeschichte einer Politikerfreundschaft\u201c wird vom Schweizerischen Nationalfonds (SNF) gef\u00f6rdert. Arbeitsgebiete: Geschichte Jugoslawiens; Geschichte der Politik; Internationale Beziehungen.<\/p>\n<p style=\"text-align: justify;\"><strong>Pistrick, Eckehard<\/strong><br \/>\nWissenschaftlicher Mitarbeiter an der Professur f\u00fcr Musikethnologie an der Martin-Luther-Universit\u00e4t Halle-Wittenberg; Magisterstudium der F\u00e4cher Musikwissenschaft, Kunstgeschichte und Geschichte an der Martin-Luther-Universit\u00e4t Halle-Wittenberg. Arbeitsgebiete: Musikethnologie; Gesangspraktiken in Albanien, Griechenland, Bulgarien und Mazedonien.<\/p>\n<p style=\"text-align: justify;\"><strong>Tomi\u0107, \u0110or\u0111e<\/strong><br \/>\nWissenschaftlicher Mitarbeiter an der Humboldt-Universit\u00e4t zu Berlin im Rahmen des Forschungsprojektes \u201ePhantomgrenzen in Ostmitteleuropa\u201c; promoviert zum Thema Alterit\u00e4tsdiskurse in der Vojvodina im Laufe der 1990er Jahre; Arbeitsgebiete: Geschichte Jugoslawiens; Sozialgeschichte; soziale Bewegungen; Nationalismus; Diskursgeschichte.<\/p>\n<p style=\"text-align: justify;\"><strong>Troebst, Stefan<\/strong><br \/>\nProfessor f\u00fcr Kulturstudien Ostmitteleuropas an der Universit\u00e4t Leipzig. Stellvertretender Direktor und Leitender Wissenschaftler f\u00fcr das Gebiet Kulturstudien Ostmitteleuropas am GWZO und Ko-Direktor des Global and European Studies Institute (GESI). Arbeitsgebiete: Internationale and interethnische Beziehungen in Osteuropa; vergleichende Kulturgeschichte; Zeitgeschichte Europas; Migrationsforschung.<\/p>\n<p style=\"text-align: justify;\"><strong>Venu\u00df, Jacob<\/strong><br \/>\nMasterstudium der Politikwissenschaft an der Freien Universit\u00e4t Berlin. Arbeitsgebiete: Politikwissenschaft; Politische Systeme; Demokratietheorien.<\/p>\n<p style=\"text-align: justify;\"><strong>Vulesica, Marija<\/strong><br \/>\nWissenschaftliche Mitarbeiterin am Zentrum f\u00fcr Antisemitismusforschung an der Technischen Universit\u00e4t Berlin; 2011 Promotion zum Thema \u201eDie Formierung des politischen Antisemitismus in den Kronl\u00e4ndern Kroatien und Slawonien 1879 bis 1906\u201c; Arbeitsgebiete: Geschichte des Antisemitismus; Holocaustforschung und j\u00fcdische Geschichte in S\u00fcdosteuropa.<\/p>\n","protected":false},"excerpt":{"rendered":"<p>Autor_innen Feltes, Tilmann Studium der Politikwissenschaft und Geografie (B.A.) an den Universit\u00e4ten Bochum und Dundee sowie Studium der Politikwissenschaft mit Schwerpunkt Entwicklungszusammenarbeit (M.A.) am Arnold-Bergstraesser-Institut der Albert-Ludwigs-Universit\u00e4t Freiburg i. Brsg. Arbeitsgebiete: Internationale Beziehungen, Partizipationsforschung, Demokratie und Entwicklung. Grandits, Hannes Professor f\u00fcr S\u00fcdosteurop\u00e4ische Geschichte an der Humboldt-Universit\u00e4t zu Berlin. Studium, Promotion (1996) und Habilitation (2006) im &hellip; <a href=\"https:\/\/suedosteuropaeische-hefte.org\/?page_id=881\" class=\"more-link\"><span class=\"screen-reader-text\">Autor_innen (1\/2)<\/span> weiterlesen <span class=\"meta-nav\">&rarr;<\/span><\/a><\/p>\n","protected":false},"author":1,"featured_media":0,"parent":563,"menu_order":14,"comment_status":"closed","ping_status":"closed","template":"","meta":{"footnotes":""},"class_list":["post-881","page","type-page","status-publish","hentry"],"_links":{"self":[{"href":"https:\/\/suedosteuropaeische-hefte.org\/index.php?rest_route=\/wp\/v2\/pages\/881","targetHints":{"allow":["GET"]}}],"collection":[{"href":"https:\/\/suedosteuropaeische-hefte.org\/index.php?rest_route=\/wp\/v2\/pages"}],"about":[{"href":"https:\/\/suedosteuropaeische-hefte.org\/index.php?rest_route=\/wp\/v2\/types\/page"}],"author":[{"embeddable":true,"href":"https:\/\/suedosteuropaeische-hefte.org\/index.php?rest_route=\/wp\/v2\/users\/1"}],"replies":[{"embeddable":true,"href":"https:\/\/suedosteuropaeische-hefte.org\/index.php?rest_route=%2Fwp%2Fv2%2Fcomments&post=881"}],"version-history":[{"count":2,"href":"https:\/\/suedosteuropaeische-hefte.org\/index.php?rest_route=\/wp\/v2\/pages\/881\/revisions"}],"predecessor-version":[{"id":883,"href":"https:\/\/suedosteuropaeische-hefte.org\/index.php?rest_route=\/wp\/v2\/pages\/881\/revisions\/883"}],"up":[{"embeddable":true,"href":"https:\/\/suedosteuropaeische-hefte.org\/index.php?rest_route=\/wp\/v2\/pages\/563"}],"wp:attachment":[{"href":"https:\/\/suedosteuropaeische-hefte.org\/index.php?rest_route=%2Fwp%2Fv2%2Fmedia&parent=881"}],"curies":[{"name":"wp","href":"https:\/\/api.w.org\/{rel}","templated":true}]}}