{"id":887,"date":"2012-04-27T11:09:08","date_gmt":"2012-04-27T11:09:08","guid":{"rendered":"http:\/\/suedosteuropaeische-hefte.org\/?page_id=887"},"modified":"2016-03-13T11:12:06","modified_gmt":"2016-03-13T11:12:06","slug":"holm-sundhaussen-suedosteuropaeische-geschichte-in-berlin","status":"publish","type":"page","link":"https:\/\/suedosteuropaeische-hefte.org\/?page_id=887","title":{"rendered":"Holm Sundhaussen: S\u00fcdosteurop\u00e4ische Geschichte in Berlin"},"content":{"rendered":"<p style=\"text-align: justify;\"><strong>Holm Sundhaussen<\/strong><br \/>\n<span style=\"color: #800000;\"><a style=\"color: #800000;\" href=\"https:\/\/suedosteuropaeische-hefte.org\/wp-content\/uploads\/2012\/04\/sundhaussen.pdf\" target=\"_blank\"><strong>S\u00fcdosteurop\u00e4ische Geschichte in Berlin<\/strong><\/a><\/span><br \/>\n(als <span style=\"color: #800000;\"><a style=\"color: #800000;\" href=\"https:\/\/suedosteuropaeische-hefte.org\/wp-content\/uploads\/2012\/04\/sundhaussen.pdf\" target=\"_blank\">pdf-Datei<\/a><\/span> herunterladen)<\/p>\n<p style=\"text-align: justify;\"><strong>Zitation<\/strong><br \/>\nSundhaussen, Holm (2012): S\u00fcdosteurop\u00e4ische Geschichte in Berlin. In: <em>S\u00fcdosteurop\u00e4ische Hefte<\/em> 1 (1), S. 12\u201316.<\/p>\n<p><em>Persistent Identifier (PID)<\/em>: <span style=\"color: #800000;\"><a style=\"color: #800000;\" href=\"http:\/\/nbn-resolving.de\/urn:nbn:de:0168-ssoar-314628\" target=\"_blank\">http:\/\/nbn-resolving.de\/urn:nbn:de:0168-ssoar-314628<\/a><\/span><\/p>\n","protected":false},"excerpt":{"rendered":"<p>Holm Sundhaussen S\u00fcdosteurop\u00e4ische Geschichte in Berlin (als pdf-Datei herunterladen) Zitation Sundhaussen, Holm (2012): S\u00fcdosteurop\u00e4ische Geschichte in Berlin. In: S\u00fcdosteurop\u00e4ische Hefte 1 (1), S. 12\u201316. Persistent Identifier (PID): http:\/\/nbn-resolving.de\/urn:nbn:de:0168-ssoar-314628<\/p>\n","protected":false},"author":1,"featured_media":0,"parent":539,"menu_order":1,"comment_status":"closed","ping_status":"closed","template":"","meta":{"footnotes":""},"class_list":["post-887","page","type-page","status-publish","hentry"],"_links":{"self":[{"href":"https:\/\/suedosteuropaeische-hefte.org\/index.php?rest_route=\/wp\/v2\/pages\/887","targetHints":{"allow":["GET"]}}],"collection":[{"href":"https:\/\/suedosteuropaeische-hefte.org\/index.php?rest_route=\/wp\/v2\/pages"}],"about":[{"href":"https:\/\/suedosteuropaeische-hefte.org\/index.php?rest_route=\/wp\/v2\/types\/page"}],"author":[{"embeddable":true,"href":"https:\/\/suedosteuropaeische-hefte.org\/index.php?rest_route=\/wp\/v2\/users\/1"}],"replies":[{"embeddable":true,"href":"https:\/\/suedosteuropaeische-hefte.org\/index.php?rest_route=%2Fwp%2Fv2%2Fcomments&post=887"}],"version-history":[{"count":2,"href":"https:\/\/suedosteuropaeische-hefte.org\/index.php?rest_route=\/wp\/v2\/pages\/887\/revisions"}],"predecessor-version":[{"id":889,"href":"https:\/\/suedosteuropaeische-hefte.org\/index.php?rest_route=\/wp\/v2\/pages\/887\/revisions\/889"}],"up":[{"embeddable":true,"href":"https:\/\/suedosteuropaeische-hefte.org\/index.php?rest_route=\/wp\/v2\/pages\/539"}],"wp:attachment":[{"href":"https:\/\/suedosteuropaeische-hefte.org\/index.php?rest_route=%2Fwp%2Fv2%2Fmedia&parent=887"}],"curies":[{"name":"wp","href":"https:\/\/api.w.org\/{rel}","templated":true}]}}