{"id":891,"date":"2012-04-27T11:12:38","date_gmt":"2012-04-27T11:12:38","guid":{"rendered":"http:\/\/suedosteuropaeische-hefte.org\/?page_id=891"},"modified":"2016-03-13T11:18:44","modified_gmt":"2016-03-13T11:18:44","slug":"robert-lucic-dorde-tomic-vom-bauern-zum-benzinsman-schmuggelpraktiken-im-alltag-der-somborer-grenzregion-zu-beginn-der-1990er-jahre","status":"publish","type":"page","link":"https:\/\/suedosteuropaeische-hefte.org\/?page_id=891","title":{"rendered":"Robert Lu\u010di\u0107 &#038; \u0110or\u0111e Tomi\u0107: Vom Bauern zum &#8218;Benzinsman&#8216;. Schmuggelpraktiken im Alltag der Somborer Grenzregion zu Beginn der 1990er Jahre"},"content":{"rendered":"<p><strong>Robert Lu\u010di\u0107 &amp; \u0110or\u0111e Tomi\u0107<\/strong><br \/>\n<span style=\"color: #800000;\"><a style=\"color: #800000;\" href=\"https:\/\/suedosteuropaeische-hefte.org\/wp-content\/uploads\/2012\/04\/lucic-tomic.pdf\" target=\"_blank\"><strong>Vom Bauern zum &#8218;Benzinsman&#8216;. Schmuggelpraktiken im Alltag der Somborer Grenzregion zu Beginn der 1990er Jahre<\/strong><\/a><\/span><br \/>\n(als <span style=\"color: #800000;\"><a style=\"color: #800000;\" href=\"https:\/\/suedosteuropaeische-hefte.org\/wp-content\/uploads\/2012\/04\/lucic-tomic.pdf\" target=\"_blank\">pdf-Datei<\/a><\/span> herunterladen)<\/p>\n<p style=\"text-align: justify;\"><strong>Zitation<\/strong><br \/>\nLu\u010di\u0107, Robert; Tomi\u0107, \u0110or\u0111e (2012): Vom Bauern zum &#8218;Benzinsman&#8216;. Schmuggelpraktiken im Alltag der Somborer Grenzregion zu Beginn der 1990er Jahre. In: <em>S\u00fcdosteurop\u00e4ische Hefte<\/em> 1 (1), S. 17\u201331.<\/p>\n<p><em>Persistent Identifier (PID)<\/em>: <span style=\"color: #800000;\"><a style=\"color: #800000;\" href=\"http:\/\/nbn-resolving.de\/urn:nbn:de:0168-ssoar-314465\" target=\"_blank\">http:\/\/nbn-resolving.de\/urn:nbn:de:0168-ssoar-314465<\/a><\/span><\/p>\n","protected":false},"excerpt":{"rendered":"<p>Robert Lu\u010di\u0107 &amp; \u0110or\u0111e Tomi\u0107 Vom Bauern zum &#8218;Benzinsman&#8216;. Schmuggelpraktiken im Alltag der Somborer Grenzregion zu Beginn der 1990er Jahre (als pdf-Datei herunterladen) Zitation Lu\u010di\u0107, Robert; Tomi\u0107, \u0110or\u0111e (2012): Vom Bauern zum &#8218;Benzinsman&#8216;. Schmuggelpraktiken im Alltag der Somborer Grenzregion zu Beginn der 1990er Jahre. In: S\u00fcdosteurop\u00e4ische Hefte 1 (1), S. 17\u201331. Persistent Identifier (PID): http:\/\/nbn-resolving.de\/urn:nbn:de:0168-ssoar-314465<\/p>\n","protected":false},"author":1,"featured_media":0,"parent":539,"menu_order":2,"comment_status":"closed","ping_status":"closed","template":"","meta":{"footnotes":""},"class_list":["post-891","page","type-page","status-publish","hentry"],"_links":{"self":[{"href":"https:\/\/suedosteuropaeische-hefte.org\/index.php?rest_route=\/wp\/v2\/pages\/891","targetHints":{"allow":["GET"]}}],"collection":[{"href":"https:\/\/suedosteuropaeische-hefte.org\/index.php?rest_route=\/wp\/v2\/pages"}],"about":[{"href":"https:\/\/suedosteuropaeische-hefte.org\/index.php?rest_route=\/wp\/v2\/types\/page"}],"author":[{"embeddable":true,"href":"https:\/\/suedosteuropaeische-hefte.org\/index.php?rest_route=\/wp\/v2\/users\/1"}],"replies":[{"embeddable":true,"href":"https:\/\/suedosteuropaeische-hefte.org\/index.php?rest_route=%2Fwp%2Fv2%2Fcomments&post=891"}],"version-history":[{"count":2,"href":"https:\/\/suedosteuropaeische-hefte.org\/index.php?rest_route=\/wp\/v2\/pages\/891\/revisions"}],"predecessor-version":[{"id":894,"href":"https:\/\/suedosteuropaeische-hefte.org\/index.php?rest_route=\/wp\/v2\/pages\/891\/revisions\/894"}],"up":[{"embeddable":true,"href":"https:\/\/suedosteuropaeische-hefte.org\/index.php?rest_route=\/wp\/v2\/pages\/539"}],"wp:attachment":[{"href":"https:\/\/suedosteuropaeische-hefte.org\/index.php?rest_route=%2Fwp%2Fv2%2Fmedia&parent=891"}],"curies":[{"name":"wp","href":"https:\/\/api.w.org\/{rel}","templated":true}]}}