{"id":910,"date":"2012-04-27T11:44:56","date_gmt":"2012-04-27T11:44:56","guid":{"rendered":"http:\/\/suedosteuropaeische-hefte.org\/?page_id=910"},"modified":"2016-03-13T11:51:57","modified_gmt":"2016-03-13T11:51:57","slug":"dorde-tomic-krunoslav-stojakovic-aus-der-geschichte-der-jugoslawischen-linken-von-den-anfaengen-im-19-jahrhundert-bis-zum-ausbruch-des-zweiten-weltkrieges-desideratsskizzen","status":"publish","type":"page","link":"https:\/\/suedosteuropaeische-hefte.org\/?page_id=910","title":{"rendered":"\u0110or\u0111e Tomi\u0107 &#038; Krunoslav Stojakovi\u0107: Aus der Geschichte der jugoslawischen Linken. Von den Anf\u00e4ngen im 19. Jahrhundert bis zum Ausbruch des Zweiten Weltkrieges \u2013 Desideratsskizze(n)"},"content":{"rendered":"<p><strong>\u0110or\u0111e Tomi\u0107 &amp; Krunoslav Stojakovi\u0107<\/strong><br \/>\n<span style=\"color: #800000;\"><a style=\"color: #800000;\" href=\"http:\/\/suedosteuropaeischehefte.files.wordpress.com\/2012\/04\/tomic-stojakovic.pdf\" target=\"_blank\"><strong>Aus der Geschichte der jugoslawischen Linken. Von den Anf\u00e4ngen im 19. Jahrhundert bis zum Ausbruch des Zweiten Weltkrieges \u2013 Desideratsskizze(n)<\/strong><\/a><\/span><br \/>\n(als <span style=\"color: #800000;\"><a style=\"color: #800000;\" href=\"http:\/\/suedosteuropaeischehefte.files.wordpress.com\/2012\/04\/tomic-stojakovic.pdf\" target=\"_blank\">pdf-Datei<\/a><\/span> herunterladen)<\/p>\n<p style=\"text-align: justify;\"><strong>Zitation<\/strong><br \/>\nTomi\u0107, \u0110or\u0111e; Stojakovi\u0107, Krunoslav (2012): Aus der Geschichte der jugoslawischen Linken. Von den Anf\u00e4ngen im 19. Jahrhundert bis zum Ausbruch des Zweiten Weltkrieges \u2013 Desideratsskizze(n). In: <em>S\u00fcdosteurop\u00e4ische Hefte<\/em> 1 (1), S. 84\u2013113.<\/p>\n<p><em>Persistent Identifier (PID)<\/em>: <span style=\"color: #800000;\"><a style=\"color: #800000;\" href=\"http:\/\/nbn-resolving.de\/urn:nbn:de:0168-ssoar-314476\" target=\"_blank\">http:\/\/nbn-resolving.de\/urn:nbn:de:0168-ssoar-314476<\/a><\/span><\/p>\n","protected":false},"excerpt":{"rendered":"<p>\u0110or\u0111e Tomi\u0107 &amp; Krunoslav Stojakovi\u0107 Aus der Geschichte der jugoslawischen Linken. Von den Anf\u00e4ngen im 19. Jahrhundert bis zum Ausbruch des Zweiten Weltkrieges \u2013 Desideratsskizze(n) (als pdf-Datei herunterladen) Zitation Tomi\u0107, \u0110or\u0111e; Stojakovi\u0107, Krunoslav (2012): Aus der Geschichte der jugoslawischen Linken. Von den Anf\u00e4ngen im 19. Jahrhundert bis zum Ausbruch des Zweiten Weltkrieges \u2013 Desideratsskizze(n). In: &hellip; <a href=\"https:\/\/suedosteuropaeische-hefte.org\/?page_id=910\" class=\"more-link\"><span class=\"screen-reader-text\">\u0110or\u0111e Tomi\u0107 &#038; Krunoslav Stojakovi\u0107: Aus der Geschichte der jugoslawischen Linken. Von den Anf\u00e4ngen im 19. Jahrhundert bis zum Ausbruch des Zweiten Weltkrieges \u2013 Desideratsskizze(n)<\/span> weiterlesen <span class=\"meta-nav\">&rarr;<\/span><\/a><\/p>\n","protected":false},"author":1,"featured_media":0,"parent":539,"menu_order":7,"comment_status":"closed","ping_status":"closed","template":"","meta":{"footnotes":""},"class_list":["post-910","page","type-page","status-publish","hentry"],"_links":{"self":[{"href":"https:\/\/suedosteuropaeische-hefte.org\/index.php?rest_route=\/wp\/v2\/pages\/910","targetHints":{"allow":["GET"]}}],"collection":[{"href":"https:\/\/suedosteuropaeische-hefte.org\/index.php?rest_route=\/wp\/v2\/pages"}],"about":[{"href":"https:\/\/suedosteuropaeische-hefte.org\/index.php?rest_route=\/wp\/v2\/types\/page"}],"author":[{"embeddable":true,"href":"https:\/\/suedosteuropaeische-hefte.org\/index.php?rest_route=\/wp\/v2\/users\/1"}],"replies":[{"embeddable":true,"href":"https:\/\/suedosteuropaeische-hefte.org\/index.php?rest_route=%2Fwp%2Fv2%2Fcomments&post=910"}],"version-history":[{"count":2,"href":"https:\/\/suedosteuropaeische-hefte.org\/index.php?rest_route=\/wp\/v2\/pages\/910\/revisions"}],"predecessor-version":[{"id":912,"href":"https:\/\/suedosteuropaeische-hefte.org\/index.php?rest_route=\/wp\/v2\/pages\/910\/revisions\/912"}],"up":[{"embeddable":true,"href":"https:\/\/suedosteuropaeische-hefte.org\/index.php?rest_route=\/wp\/v2\/pages\/539"}],"wp:attachment":[{"href":"https:\/\/suedosteuropaeische-hefte.org\/index.php?rest_route=%2Fwp%2Fv2%2Fmedia&parent=910"}],"curies":[{"name":"wp","href":"https:\/\/api.w.org\/{rel}","templated":true}]}}