{"id":918,"date":"2012-04-27T11:57:24","date_gmt":"2012-04-27T11:57:24","guid":{"rendered":"http:\/\/suedosteuropaeische-hefte.org\/?page_id=918"},"modified":"2016-03-13T12:01:54","modified_gmt":"2016-03-13T12:01:54","slug":"svetlana-burmistr-holocaust-in-suedosteuropa-forschungsfragen-und-perspektiven","status":"publish","type":"page","link":"https:\/\/suedosteuropaeische-hefte.org\/?page_id=918","title":{"rendered":"Svetlana Burmistr: Holocaust in S\u00fcdosteuropa. Forschungsfragen und Perspektiven"},"content":{"rendered":"<p style=\"text-align: justify;\"><strong>Svetlana Burmistr<\/strong><br \/>\n<span style=\"color: #800000;\"><a style=\"color: #800000;\" href=\"https:\/\/suedosteuropaeische-hefte.org\/wp-content\/uploads\/2012\/04\/burmistr.pdf\" target=\"_blank\"><strong>Holocaust in S\u00fcdosteuropa. Forschungsfragen und Perspektiven<\/strong><\/a><\/span><br \/>\n(als <span style=\"color: #800000;\"><a style=\"color: #800000;\" href=\"https:\/\/suedosteuropaeische-hefte.org\/wp-content\/uploads\/2012\/04\/burmistr.pdf\" target=\"_blank\">pdf-Datei<\/a><\/span> herunterladen)<\/p>\n<p style=\"text-align: justify;\"><strong>Zitation<\/strong><br \/>\nBurmistr, Svetlana (2012): Holocaust in S\u00fcdosteuropa. Forschungsfragen und Perspektiven. In: <em>S\u00fcdosteurop\u00e4ische Hefte<\/em> 1 (1), S. 120\u2013122.<\/p>\n<p><em>Persistent Identifier (PID)<\/em>: <span style=\"color: #800000;\"><a style=\"color: #800000;\" href=\"http:\/\/nbn-resolving.de\/urn:nbn:de:0168-ssoar-314643\" target=\"_blank\">http:\/\/nbn-resolving.de\/urn:nbn:de:0168-ssoar-314643<\/a><\/span><\/p>\n","protected":false},"excerpt":{"rendered":"<p>Svetlana Burmistr Holocaust in S\u00fcdosteuropa. Forschungsfragen und Perspektiven (als pdf-Datei herunterladen) Zitation Burmistr, Svetlana (2012): Holocaust in S\u00fcdosteuropa. Forschungsfragen und Perspektiven. In: S\u00fcdosteurop\u00e4ische Hefte 1 (1), S. 120\u2013122. Persistent Identifier (PID): http:\/\/nbn-resolving.de\/urn:nbn:de:0168-ssoar-314643<\/p>\n","protected":false},"author":1,"featured_media":0,"parent":539,"menu_order":9,"comment_status":"closed","ping_status":"closed","template":"","meta":{"footnotes":""},"class_list":["post-918","page","type-page","status-publish","hentry"],"_links":{"self":[{"href":"https:\/\/suedosteuropaeische-hefte.org\/index.php?rest_route=\/wp\/v2\/pages\/918","targetHints":{"allow":["GET"]}}],"collection":[{"href":"https:\/\/suedosteuropaeische-hefte.org\/index.php?rest_route=\/wp\/v2\/pages"}],"about":[{"href":"https:\/\/suedosteuropaeische-hefte.org\/index.php?rest_route=\/wp\/v2\/types\/page"}],"author":[{"embeddable":true,"href":"https:\/\/suedosteuropaeische-hefte.org\/index.php?rest_route=\/wp\/v2\/users\/1"}],"replies":[{"embeddable":true,"href":"https:\/\/suedosteuropaeische-hefte.org\/index.php?rest_route=%2Fwp%2Fv2%2Fcomments&post=918"}],"version-history":[{"count":2,"href":"https:\/\/suedosteuropaeische-hefte.org\/index.php?rest_route=\/wp\/v2\/pages\/918\/revisions"}],"predecessor-version":[{"id":920,"href":"https:\/\/suedosteuropaeische-hefte.org\/index.php?rest_route=\/wp\/v2\/pages\/918\/revisions\/920"}],"up":[{"embeddable":true,"href":"https:\/\/suedosteuropaeische-hefte.org\/index.php?rest_route=\/wp\/v2\/pages\/539"}],"wp:attachment":[{"href":"https:\/\/suedosteuropaeische-hefte.org\/index.php?rest_route=%2Fwp%2Fv2%2Fmedia&parent=918"}],"curies":[{"name":"wp","href":"https:\/\/api.w.org\/{rel}","templated":true}]}}