{"id":922,"date":"2012-04-27T12:03:44","date_gmt":"2012-04-27T12:03:44","guid":{"rendered":"http:\/\/suedosteuropaeische-hefte.org\/?page_id=922"},"modified":"2016-03-13T12:07:49","modified_gmt":"2016-03-13T12:07:49","slug":"ruza-tokic-traditional-bonds-between-orthodox-brothers-notions-of-greek-serbian-friendship","status":"publish","type":"page","link":"https:\/\/suedosteuropaeische-hefte.org\/?page_id=922","title":{"rendered":"Ru\u017ea Toki\u0107: &#8218;Traditional bonds between Orthodox brothers&#8216;. Notions of Greek-Serbian friendship"},"content":{"rendered":"<p style=\"text-align: justify;\"><strong>Ru\u017ea Toki\u0107<\/strong><br \/>\n<span style=\"color: #800000;\"><a style=\"color: #800000;\" href=\"https:\/\/suedosteuropaeische-hefte.org\/wp-content\/uploads\/2012\/04\/tokic.pdf\" target=\"_blank\"><strong>&#8218;Traditional bonds between Orthodox brothers&#8216;. Notions of Greek-Serbian friendship<\/strong><\/a><\/span><br \/>\n(als <span style=\"color: #800000;\"><a style=\"color: #800000;\" href=\"https:\/\/suedosteuropaeische-hefte.org\/wp-content\/uploads\/2012\/04\/tokic.pdf\" target=\"_blank\">pdf-Datei<\/a><\/span> herunterladen)<\/p>\n<p style=\"text-align: justify;\"><strong>Zitation<\/strong><br \/>\nToki\u0107, Ru\u017ea (2012): &#8218;Traditional bonds between Orthodox brothers&#8216;. Notions of Greek-Serbian friendship. In: <em>S\u00fcdosteurop\u00e4ische Hefte<\/em> 1 (1), S. 123\u2013127.<\/p>\n<p><em>Persistent Identifier (PID)<\/em>: <span style=\"color: #800000;\"><a style=\"color: #800000;\" href=\"http:\/\/nbn-resolving.de\/urn:nbn:de:0168-ssoar-314651\" target=\"_blank\">http:\/\/nbn-resolving.de\/urn:nbn:de:0168-ssoar-314651<\/a><\/span><\/p>\n","protected":false},"excerpt":{"rendered":"<p>Ru\u017ea Toki\u0107 &#8218;Traditional bonds between Orthodox brothers&#8216;. Notions of Greek-Serbian friendship (als pdf-Datei herunterladen) Zitation Toki\u0107, Ru\u017ea (2012): &#8218;Traditional bonds between Orthodox brothers&#8216;. Notions of Greek-Serbian friendship. In: S\u00fcdosteurop\u00e4ische Hefte 1 (1), S. 123\u2013127. Persistent Identifier (PID): http:\/\/nbn-resolving.de\/urn:nbn:de:0168-ssoar-314651<\/p>\n","protected":false},"author":1,"featured_media":0,"parent":539,"menu_order":9,"comment_status":"closed","ping_status":"closed","template":"","meta":{"footnotes":""},"class_list":["post-922","page","type-page","status-publish","hentry"],"_links":{"self":[{"href":"https:\/\/suedosteuropaeische-hefte.org\/index.php?rest_route=\/wp\/v2\/pages\/922","targetHints":{"allow":["GET"]}}],"collection":[{"href":"https:\/\/suedosteuropaeische-hefte.org\/index.php?rest_route=\/wp\/v2\/pages"}],"about":[{"href":"https:\/\/suedosteuropaeische-hefte.org\/index.php?rest_route=\/wp\/v2\/types\/page"}],"author":[{"embeddable":true,"href":"https:\/\/suedosteuropaeische-hefte.org\/index.php?rest_route=\/wp\/v2\/users\/1"}],"replies":[{"embeddable":true,"href":"https:\/\/suedosteuropaeische-hefte.org\/index.php?rest_route=%2Fwp%2Fv2%2Fcomments&post=922"}],"version-history":[{"count":2,"href":"https:\/\/suedosteuropaeische-hefte.org\/index.php?rest_route=\/wp\/v2\/pages\/922\/revisions"}],"predecessor-version":[{"id":924,"href":"https:\/\/suedosteuropaeische-hefte.org\/index.php?rest_route=\/wp\/v2\/pages\/922\/revisions\/924"}],"up":[{"embeddable":true,"href":"https:\/\/suedosteuropaeische-hefte.org\/index.php?rest_route=\/wp\/v2\/pages\/539"}],"wp:attachment":[{"href":"https:\/\/suedosteuropaeische-hefte.org\/index.php?rest_route=%2Fwp%2Fv2%2Fmedia&parent=922"}],"curies":[{"name":"wp","href":"https:\/\/api.w.org\/{rel}","templated":true}]}}