{"id":929,"date":"2012-04-27T12:16:07","date_gmt":"2012-04-27T12:16:07","guid":{"rendered":"http:\/\/suedosteuropaeische-hefte.org\/?page_id=929"},"modified":"2016-03-13T12:21:11","modified_gmt":"2016-03-13T12:21:11","slug":"ivan-brcic-versoehnung-auf-dem-balkan-rechtliche-und-politische-fragen-berlin-27-01-2012-osteuropa-institut-der-freien-universitaet-berlin-tagungsbericht","status":"publish","type":"page","link":"https:\/\/suedosteuropaeische-hefte.org\/?page_id=929","title":{"rendered":"Ivan Br\u010di\u0107: &#8222;Vers\u00f6hnung auf dem Balkan \u2013 rechtliche und politische Fragen&#8220;. Berlin, 27.01.2012, Osteuropa-Institut der Freien Universit\u00e4t Berlin: Tagungsbericht"},"content":{"rendered":"<p style=\"text-align: justify;\"><strong>Ivan Br\u010di\u0107<\/strong><br \/>\n<span style=\"color: #800000;\"><a style=\"color: #800000;\" href=\"https:\/\/suedosteuropaeische-hefte.org\/wp-content\/uploads\/2012\/04\/brcic.pdf\" target=\"_blank\"><strong>&#8222;Vers\u00f6hnung auf dem Balkan \u2013 rechtliche und politische Fragen&#8220;. Berlin, 27.01.2012, Osteuropa-Institut der Freien Universit\u00e4t Berlin: Tagungsbericht<\/strong><\/a><\/span><br \/>\n(als <span style=\"color: #800000;\"><a style=\"color: #800000;\" href=\"https:\/\/suedosteuropaeische-hefte.org\/wp-content\/uploads\/2012\/04\/brcic.pdf\" target=\"_blank\">pdf-Datei<\/a><\/span> herunterladen)<\/p>\n<p style=\"text-align: justify;\"><strong>Zitation<\/strong><br \/>\nBr\u010di\u0107, Ivan (2012): &#8222;Vers\u00f6hnung auf dem Balkan \u2013 rechtliche und politische Fragen&#8220;. Berlin, 27.01.2012, Osteuropa-Institut der Freien Universit\u00e4t Berlin: Tagungsbericht. In: <em>S\u00fcdosteurop\u00e4ische Hefte<\/em> 1 (1), S. 131\u2013136.<\/p>\n<p><em>Persistent Identifier (PID)<\/em>: <span style=\"color: #800000;\"><a style=\"color: #800000;\" href=\"http:\/\/nbn-resolving.de\/urn:nbn:de:0168-ssoar-314677\" target=\"_blank\">http:\/\/nbn-resolving.de\/urn:nbn:de:0168-ssoar-314677<\/a><\/span><\/p>\n","protected":false},"excerpt":{"rendered":"<p>Ivan Br\u010di\u0107 &#8222;Vers\u00f6hnung auf dem Balkan \u2013 rechtliche und politische Fragen&#8220;. Berlin, 27.01.2012, Osteuropa-Institut der Freien Universit\u00e4t Berlin: Tagungsbericht (als pdf-Datei herunterladen) Zitation Br\u010di\u0107, Ivan (2012): &#8222;Vers\u00f6hnung auf dem Balkan \u2013 rechtliche und politische Fragen&#8220;. Berlin, 27.01.2012, Osteuropa-Institut der Freien Universit\u00e4t Berlin: Tagungsbericht. In: S\u00fcdosteurop\u00e4ische Hefte 1 (1), S. 131\u2013136. Persistent Identifier (PID): http:\/\/nbn-resolving.de\/urn:nbn:de:0168-ssoar-314677<\/p>\n","protected":false},"author":1,"featured_media":0,"parent":539,"menu_order":12,"comment_status":"closed","ping_status":"closed","template":"","meta":{"footnotes":""},"class_list":["post-929","page","type-page","status-publish","hentry"],"_links":{"self":[{"href":"https:\/\/suedosteuropaeische-hefte.org\/index.php?rest_route=\/wp\/v2\/pages\/929","targetHints":{"allow":["GET"]}}],"collection":[{"href":"https:\/\/suedosteuropaeische-hefte.org\/index.php?rest_route=\/wp\/v2\/pages"}],"about":[{"href":"https:\/\/suedosteuropaeische-hefte.org\/index.php?rest_route=\/wp\/v2\/types\/page"}],"author":[{"embeddable":true,"href":"https:\/\/suedosteuropaeische-hefte.org\/index.php?rest_route=\/wp\/v2\/users\/1"}],"replies":[{"embeddable":true,"href":"https:\/\/suedosteuropaeische-hefte.org\/index.php?rest_route=%2Fwp%2Fv2%2Fcomments&post=929"}],"version-history":[{"count":2,"href":"https:\/\/suedosteuropaeische-hefte.org\/index.php?rest_route=\/wp\/v2\/pages\/929\/revisions"}],"predecessor-version":[{"id":932,"href":"https:\/\/suedosteuropaeische-hefte.org\/index.php?rest_route=\/wp\/v2\/pages\/929\/revisions\/932"}],"up":[{"embeddable":true,"href":"https:\/\/suedosteuropaeische-hefte.org\/index.php?rest_route=\/wp\/v2\/pages\/539"}],"wp:attachment":[{"href":"https:\/\/suedosteuropaeische-hefte.org\/index.php?rest_route=%2Fwp%2Fv2%2Fmedia&parent=929"}],"curies":[{"name":"wp","href":"https:\/\/api.w.org\/{rel}","templated":true}]}}